{"id":1455,"date":"2025-09-17T10:02:05","date_gmt":"2025-09-17T08:02:05","guid":{"rendered":"https:\/\/boreait.com\/hu\/?post_type=product&#038;p=1455"},"modified":"2025-09-17T10:03:36","modified_gmt":"2025-09-17T08:03:36","slug":"hp-250-255-256-g3-15-g-15-r-15-t-15-h-lcd-hatlaphoz-lcd-elolap-burkolat","status":"publish","type":"product","link":"https:\/\/boreait.com\/hu\/termek\/hp-250-255-256-g3-15-g-15-r-15-t-15-h-lcd-hatlaphoz-lcd-elolap-burkolat\/","title":{"rendered":"HP 250 255 256 G3 15-G 15-R 15-T 15-H LCD h\u00e1tlaphoz &#8211; LCD el\u0151lap burkolat"},"content":{"rendered":"<p>V\u00e1ltoztassa meg HP 250, 255, 256 G3 \u00e9s 15-G, 15-R, 15-T, 15-H laptopmodelljei megjelen\u00e9s\u00e9t \u00e9s tart\u00f3ss\u00e1g\u00e1t a HP 250 255 256 G3 15-G 15-R 15-T 15-H LCD el\u0151lappal. Ez a k\u00e9szlet \u00e1tfog\u00f3 megold\u00e1st k\u00edn\u00e1l laptopja k\u00fclsej\u00e9n, \u00e9s tartalmazza azokat az alapvet\u0151 \u00f6sszetev\u0151ket, amelyek jav\u00edtj\u00e1k laptopja eszt\u00e9tik\u00e1j\u00e1t \u00e9s szerkezeti integrit\u00e1s\u00e1t.<\/p>\n<p>A HP, a sz\u00e1m\u00edt\u00e1stechnika elismert vezet\u0151 gy\u00e1rt\u00f3ja \u00e1ltal gy\u00e1rtott HP 250 255 256 G3 15-G 15-R 15-T 15-H LCD el\u0151lapburkolatot \u00fagy tervezt\u00e9k, hogy z\u00f6kken\u0151mentesen illeszkedjen laptopja kialak\u00edt\u00e1s\u00e1hoz \u00e9s kijelz\u0151j\u00e9hez. A laptop k\u00fclsej\u00e9nek alapvet\u0151 elemek\u00e9nt ez a k\u00e9szlet praktikus el\u0151ny\u00f6ket \u00e9s fokozott vizu\u00e1lis vonzer\u0151t k\u00edn\u00e1l.<\/p>\n<p>Ak\u00e1r munk\u00e1ra, ak\u00e1r multim\u00e9di\u00e1ra vagy sz\u00f3rakoz\u00e1sra haszn\u00e1lja laptopj\u00e1t, ez az \u00e1tfog\u00f3 k\u00e9szlet eleg\u00e1ns \u00e9s egys\u00e9ges megjelen\u00e9st biztos\u00edt laptopja sz\u00e1m\u00e1ra. Prec\u00edzi\u00f3s tervez\u00e9se szoros illeszked\u00e9st \u00e9s hat\u00e9kony v\u00e9delmet garant\u00e1l, hozz\u00e1j\u00e1rulva a laptop k\u00fclsej\u00e9nek \u00e1ltal\u00e1nos tart\u00f3ss\u00e1g\u00e1hoz.<\/p>\n<p>V\u00e1s\u00e1rl\u00e1s el\u0151tt ellen\u0151rizze, hogy kompatibilis-e az adott laptopmodellj\u00e9vel.<\/p>\n","protected":false},"excerpt":{"rendered":"<p>Fejlessze fel HP 250, 255, 256 G3 \u00e9s 15-G, 15-R, 15-T, 15-H laptopmodelljeit a HP LCD el\u0151lap bor\u00edt\u00e1s\u00e1val. \u00c9lvezze a tov\u00e1bbfejlesztett eszt\u00e9tik\u00e1t, a szerkezeti integrit\u00e1st \u00e9s a laptop k\u00fcls\u0151 megjelen\u00e9s\u00e9nek egys\u00e9gess\u00e9g\u00e9t.<\/p>\n","protected":false},"featured_media":1523,"template":"","meta":[],"product_brand":[],"product_cat":[16],"product_tag":[25],"class_list":{"0":"post-1455","1":"product","2":"type-product","3":"status-publish","4":"has-post-thumbnail","6":"product_cat-laptop-housing","7":"product_tag-hp","9":"first","10":"instock","11":"taxable","12":"shipping-taxable","13":"purchasable","14":"product-type-simple"},"_links":{"self":[{"href":"https:\/\/boreait.com\/hu\/wp-json\/wp\/v2\/product\/1455","targetHints":{"allow":["GET"]}}],"collection":[{"href":"https:\/\/boreait.com\/hu\/wp-json\/wp\/v2\/product"}],"about":[{"href":"https:\/\/boreait.com\/hu\/wp-json\/wp\/v2\/types\/product"}],"wp:featuredmedia":[{"embeddable":true,"href":"https:\/\/boreait.com\/hu\/wp-json\/wp\/v2\/media\/1523"}],"wp:attachment":[{"href":"https:\/\/boreait.com\/hu\/wp-json\/wp\/v2\/media?parent=1455"}],"wp:term":[{"taxonomy":"product_brand","embeddable":true,"href":"https:\/\/boreait.com\/hu\/wp-json\/wp\/v2\/product_brand?post=1455"},{"taxonomy":"product_cat","embeddable":true,"href":"https:\/\/boreait.com\/hu\/wp-json\/wp\/v2\/product_cat?post=1455"},{"taxonomy":"product_tag","embeddable":true,"href":"https:\/\/boreait.com\/hu\/wp-json\/wp\/v2\/product_tag?post=1455"}],"curies":[{"name":"wp","href":"https:\/\/api.w.org\/{rel}","templated":true}]}}