{"id":1450,"date":"2025-09-17T10:02:04","date_gmt":"2025-09-17T08:02:04","guid":{"rendered":"https:\/\/boreait.com\/hu\/?post_type=product&#038;p=1450"},"modified":"2025-09-17T10:03:14","modified_gmt":"2025-09-17T08:03:14","slug":"733634-001-am0tk000300-am0tk000400-eredeti-hp-pant-keszlet-nagy-zbook-17","status":"publish","type":"product","link":"https:\/\/boreait.com\/hu\/termek\/733634-001-am0tk000300-am0tk000400-eredeti-hp-pant-keszlet-nagy-zbook-17\/","title":{"rendered":"733634-001 AM0TK000300 AM0TK000400 EREDETI HP P\u00c1NT K\u00c9SZLET NAGY ZBOOK 17"},"content":{"rendered":"<p>N\u00f6velje HP ZBOOK 17 laptopja tart\u00f3ss\u00e1g\u00e1t \u00e9s funkcionalit\u00e1s\u00e1t az Eredeti HP Hinge Kit Large 733634-001 AM0TK000300 AM0TK000400 seg\u00edts\u00e9g\u00e9vel. A laptop zsan\u00e9rszerkezet\u00e9nek optimaliz\u00e1l\u00e1s\u00e1ra kialak\u00edtott eredeti zsan\u00e9rk\u00e9szlet z\u00f6kken\u0151mentes integr\u00e1ci\u00f3t \u00e9s jobb csukl\u00f3stabilit\u00e1st biztos\u00edt a jobb sz\u00e1m\u00edt\u00e1stechnikai \u00e9lm\u00e9ny \u00e9rdek\u00e9ben.<\/p>\n<p>A HP, a sz\u00e1m\u00edt\u00e1stechnika megb\u00edzhat\u00f3 vezet\u0151 gy\u00e1rt\u00f3ja \u00e1ltal gy\u00e1rtott Eredeti HP 733634-001 AM0TK000300 AM0TK000400 zsan\u00e9rk\u00e9szlet megb\u00edzhat\u00f3 zsan\u00e9rteljes\u00edtm\u00e9nyt \u00e9s fokozott tart\u00f3ss\u00e1got biztos\u00edt. A laptop szerkezeti integrit\u00e1s\u00e1nak alapvet\u0151 elemeik\u00e9nt ezek a zsan\u00e9rok kulcsszerepet j\u00e1tszanak a laptopfed\u00e9l megfelel\u0151 nyit\u00e1s\u00e1nak \u00e9s z\u00e1r\u00e1s\u00e1nak fenntart\u00e1s\u00e1ban.<\/p>\n<p>Ak\u00e1r gyakran nyitja ki \u00e9s csukja be laptopj\u00e1t, ak\u00e1r \u00fatk\u00f6zben haszn\u00e1lja, ezek a csukl\u00f3p\u00e1ntok az \u00d6n \u00e1ltal elv\u00e1rt k\u00e9nyelmet \u00e9s hat\u00e9konys\u00e1got k\u00edn\u00e1lj\u00e1k. Prec\u00edzi\u00f3s tervez\u00e9s\u00fck biztos\u00edtja a megfelel\u0151 be\u00e1ll\u00edt\u00e1st \u00e9s biztons\u00e1gos z\u00e1r\u00e1st, hozz\u00e1j\u00e1rulva laptopja \u00e1ltal\u00e1nos \u00e9lettartam\u00e1hoz.<\/p>\n<p>A telep\u00edt\u00e9s egyszer\u0171 a laptop eredeti alkatr\u00e9szeihez igazod\u00f3 kialak\u00edt\u00e1snak k\u00f6sz\u00f6nhet\u0151en. Az eredeti HP alkatr\u00e9szek kiv\u00e1laszt\u00e1s\u00e1val laptopja szerkezeti integrit\u00e1s\u00e1nak min\u0151s\u00e9g\u00e9be \u00e9s megb\u00edzhat\u00f3s\u00e1g\u00e1ba fektet be.<\/p>\n<p>N\u00f6velje laptopja zsan\u00e9rteljes\u00edtm\u00e9ny\u00e9t az Eredeti HP zsan\u00e9rk\u00e9szlettel, Large 733634-001 AM0TK000300 AM0TK000400 for ZBOOK 17. \u00c9lvezze a tov\u00e1bbfejlesztett csukl\u00f3s stabilit\u00e1st, a biztons\u00e1gos z\u00e1r\u00f3d\u00e1st \u00e9s laptopja megn\u00f6velt tart\u00f3ss\u00e1g\u00e1t. N\u00f6velje sz\u00e1m\u00edt\u00e1stechnikai \u00e9lm\u00e9ny\u00e9t ezzel a megb\u00edzhat\u00f3 \u00e9s hat\u00e9kony zsan\u00e9rk\u00e9szlettel.<\/p>\n<p>V\u00e1s\u00e1rl\u00e1s el\u0151tt ellen\u0151rizze, hogy kompatibilis-e az adott laptopmodellj\u00e9vel.<\/p>\n","protected":false},"excerpt":{"rendered":"<p>Jav\u00edtsa ki HP ZBOOK 17 laptopja zsan\u00e9rszerkezet\u00e9t az Eredeti HP zsan\u00e9rk\u00e9szlettel, Large 733634-001 AM0TK000300 AM0TK000400. \u00c9lvezze a jobb csukl\u00f3s stabilit\u00e1st \u00e9s a laptop fedel\u00e9nek biztons\u00e1gos z\u00e1r\u00e1s\u00e1t.<\/p>\n","protected":false},"featured_media":1503,"template":"","meta":[],"product_brand":[],"product_cat":[19],"product_tag":[25],"class_list":{"0":"post-1450","1":"product","2":"type-product","3":"status-publish","4":"has-post-thumbnail","6":"product_cat-screen-hinge","7":"product_tag-hp","9":"first","10":"instock","11":"taxable","12":"shipping-taxable","13":"purchasable","14":"product-type-simple"},"_links":{"self":[{"href":"https:\/\/boreait.com\/hu\/wp-json\/wp\/v2\/product\/1450","targetHints":{"allow":["GET"]}}],"collection":[{"href":"https:\/\/boreait.com\/hu\/wp-json\/wp\/v2\/product"}],"about":[{"href":"https:\/\/boreait.com\/hu\/wp-json\/wp\/v2\/types\/product"}],"wp:featuredmedia":[{"embeddable":true,"href":"https:\/\/boreait.com\/hu\/wp-json\/wp\/v2\/media\/1503"}],"wp:attachment":[{"href":"https:\/\/boreait.com\/hu\/wp-json\/wp\/v2\/media?parent=1450"}],"wp:term":[{"taxonomy":"product_brand","embeddable":true,"href":"https:\/\/boreait.com\/hu\/wp-json\/wp\/v2\/product_brand?post=1450"},{"taxonomy":"product_cat","embeddable":true,"href":"https:\/\/boreait.com\/hu\/wp-json\/wp\/v2\/product_cat?post=1450"},{"taxonomy":"product_tag","embeddable":true,"href":"https:\/\/boreait.com\/hu\/wp-json\/wp\/v2\/product_tag?post=1450"}],"curies":[{"name":"wp","href":"https:\/\/api.w.org\/{rel}","templated":true}]}}