{"id":1448,"date":"2025-09-17T10:02:04","date_gmt":"2025-09-17T08:02:04","guid":{"rendered":"https:\/\/boreait.com\/hu\/?post_type=product&#038;p=1448"},"modified":"2026-01-09T13:34:16","modified_gmt":"2026-01-09T12:34:16","slug":"webkamera-kabel-50-4kh03-002-lenovo-thinkpad-x230-x220-type-4291","status":"publish","type":"product","link":"https:\/\/boreait.com\/hu\/termek\/webkamera-kabel-50-4kh03-002-lenovo-thinkpad-x230-x220-type-4291\/","title":{"rendered":"Webkamera k\u00e1bel 50.4KH03.002 Lenovo Thinkpad X230, X220 TYPE 4291"},"content":{"rendered":"<p>Fokozza Lenovo ThinkPad X230 \u00e9s X220 TYPE 4291 laptopja vizu\u00e1lis kommunik\u00e1ci\u00f3j\u00e1t \u00e9s multim\u00e9di\u00e1s \u00e9lm\u00e9ny\u00e9t az 50.4KH03.002 webkamerak\u00e1bellel. A webkamera funkcionalit\u00e1s\u00e1nak optimaliz\u00e1l\u00e1s\u00e1ra \u00e9s a z\u00f6kken\u0151mentes integr\u00e1ci\u00f3 biztos\u00edt\u00e1s\u00e1ra tervezett eredeti k\u00e1bel kulcsfontoss\u00e1g\u00fa elemet ad laptopja k\u00e9pess\u00e9geinek, lehet\u0151v\u00e9 t\u00e9ve az egy\u00e9rtelm\u0171 \u00e9s hat\u00e9kony vizu\u00e1lis kommunik\u00e1ci\u00f3t.<\/p>\n<p>A sz\u00e1m\u00edt\u00e1stechnika megb\u00edzhat\u00f3 vezet\u0151j\u00e9nek sz\u00e1m\u00edt\u00f3 Lenovo sz\u00e1m\u00e1ra gy\u00e1rtott 50.4KH03.002 webkamerak\u00e1bel megb\u00edzhat\u00f3 webkamera teljes\u00edtm\u00e9nyt \u00e9s jobb vide\u00f3min\u0151s\u00e9get biztos\u00edt. A modern kommunik\u00e1ci\u00f3 alapvet\u0151 elemek\u00e9nt ez a k\u00e1bel gyakorlati el\u0151ny\u00f6ket \u00e9s jobb vizu\u00e1lis kommunik\u00e1ci\u00f3s \u00e9lm\u00e9nyt k\u00edn\u00e1l.<\/p>\n<p>Legyen sz\u00f3 videoh\u00edv\u00e1sr\u00f3l, online konferenci\u00e1r\u00f3l vagy egyszer\u0171en csak multim\u00e9di\u00e1s tartalmak r\u00f6gz\u00edt\u00e9s\u00e9r\u0151l, ez a webkamerak\u00e1bel stabil \u00e9s kiv\u00e1l\u00f3 min\u0151s\u00e9g\u0171 kapcsolatot biztos\u00edt laptopja \u00e9s webkamer\u00e1ja k\u00f6z\u00f6tt. Prec\u00edzi\u00f3s tervez\u00e9se garant\u00e1lja az optim\u00e1lis jel\u00e1tvitelt, lehet\u0151v\u00e9 t\u00e9ve, hogy \u00e9lvezze a tiszta l\u00e1tv\u00e1nyt \u00e9s a hat\u00e9kony kommunik\u00e1ci\u00f3t.<\/p>\n<p>A telep\u00edt\u00e9s egyszer\u0171 a laptop eredeti alkatr\u00e9szeihez igazod\u00f3 kialak\u00edt\u00e1snak k\u00f6sz\u00f6nhet\u0151en. Az eredeti Lenovo alkatr\u00e9szek kiv\u00e1laszt\u00e1s\u00e1val laptopja kommunik\u00e1ci\u00f3s k\u00e9pess\u00e9geinek min\u0151s\u00e9g\u00e9be \u00e9s megb\u00edzhat\u00f3s\u00e1g\u00e1ba fektet be.<\/p>\n<p>Friss\u00edtse laptopja vizu\u00e1lis kommunik\u00e1ci\u00f3j\u00e1t az 50.4KH03.002 webkamera k\u00e1bellel Lenovo ThinkPad X230 \u00e9s X220 TYPE 4291 laptopokhoz. \u00c9lvezze a stabil kapcsolatot, a jobb vide\u00f3min\u0151s\u00e9get \u00e9s a tov\u00e1bbfejlesztett vizu\u00e1lis kommunik\u00e1ci\u00f3s \u00e9lm\u00e9nyt. N\u00f6velje sz\u00e1m\u00edt\u00e1stechnikai \u00e9lm\u00e9ny\u00e9t ezzel a megb\u00edzhat\u00f3 \u00e9s hat\u00e9kony webkamerak\u00e1bellel.<\/p>\n<p>V\u00e1s\u00e1rl\u00e1s el\u0151tt ellen\u0151rizze, hogy kompatibilis-e az adott laptopmodellj\u00e9vel.<\/p>\n","protected":false},"excerpt":{"rendered":"<p>Fokozza Lenovo ThinkPad X230 \u00e9s X220 TYPE 4291 laptopja vizu\u00e1lis kommunik\u00e1ci\u00f3j\u00e1t az 50.4KH03.002 webkamera k\u00e1bellel. \u00c9lvezze a stabil kapcsolatot \u00e9s a jobb vide\u00f3min\u0151s\u00e9get a hat\u00e9kony vizu\u00e1lis kommunik\u00e1ci\u00f3 \u00e9rdek\u00e9ben.<\/p>\n","protected":false},"featured_media":1501,"template":"","meta":[],"product_brand":[],"product_cat":[23],"product_tag":[26],"class_list":{"0":"post-1448","1":"product","2":"type-product","3":"status-publish","4":"has-post-thumbnail","6":"product_cat-laptop-camera","7":"product_tag-lenovo","9":"first","10":"instock","11":"taxable","12":"shipping-taxable","13":"purchasable","14":"product-type-simple"},"_links":{"self":[{"href":"https:\/\/boreait.com\/hu\/wp-json\/wp\/v2\/product\/1448","targetHints":{"allow":["GET"]}}],"collection":[{"href":"https:\/\/boreait.com\/hu\/wp-json\/wp\/v2\/product"}],"about":[{"href":"https:\/\/boreait.com\/hu\/wp-json\/wp\/v2\/types\/product"}],"wp:featuredmedia":[{"embeddable":true,"href":"https:\/\/boreait.com\/hu\/wp-json\/wp\/v2\/media\/1501"}],"wp:attachment":[{"href":"https:\/\/boreait.com\/hu\/wp-json\/wp\/v2\/media?parent=1448"}],"wp:term":[{"taxonomy":"product_brand","embeddable":true,"href":"https:\/\/boreait.com\/hu\/wp-json\/wp\/v2\/product_brand?post=1448"},{"taxonomy":"product_cat","embeddable":true,"href":"https:\/\/boreait.com\/hu\/wp-json\/wp\/v2\/product_cat?post=1448"},{"taxonomy":"product_tag","embeddable":true,"href":"https:\/\/boreait.com\/hu\/wp-json\/wp\/v2\/product_tag?post=1448"}],"curies":[{"name":"wp","href":"https:\/\/api.w.org\/{rel}","templated":true}]}}