{"id":1437,"date":"2025-09-17T10:01:40","date_gmt":"2025-09-17T08:01:40","guid":{"rendered":"https:\/\/boreait.com\/hu\/?post_type=product&#038;p=1437"},"modified":"2025-09-17T10:03:04","modified_gmt":"2025-09-17T08:03:04","slug":"eredeti-lenovo-thinkpad-x230-led-tabla-0b65355-04w3732-2","status":"publish","type":"product","link":"https:\/\/boreait.com\/hu\/termek\/eredeti-lenovo-thinkpad-x230-led-tabla-0b65355-04w3732-2\/","title":{"rendered":"Eredeti Lenovo Thinkpad X230 LED t\u00e1bla 0B65355 04W3732"},"content":{"rendered":"<p>Friss\u00edtse Eredeti Lenovo ThinkPad X230 laptopja funkcionalit\u00e1s\u00e1t \u00e9s eszt\u00e9tik\u00e1j\u00e1t az Eredeti Lenovo ThinkPad X230 LED Board 0B65355 04W3732 seg\u00edts\u00e9g\u00e9vel. Ez az eredeti LED-t\u00e1bla, amelyet \u00fagy terveztek, hogy tov\u00e1bbfejlesztett vizu\u00e1lis jelz\u00e9seket \u00e9s jobb felhaszn\u00e1l\u00f3i \u00e9lm\u00e9nyt ny\u00fajtson, praktikus \u00e9s st\u00edlusos elemet ad laptopja diz\u00e1jnj\u00e1hoz.<\/p>\n<p>A Lenovo, a sz\u00e1m\u00edt\u00e1stechnika megb\u00edzhat\u00f3 vezet\u0151 gy\u00e1rt\u00f3ja \u00e1ltal gy\u00e1rtott Eredeti Lenovo ThinkPad X230 LED Board 0B65355 04W3732 z\u00f6kken\u0151mentesen integr\u00e1lhat\u00f3 laptopja kialak\u00edt\u00e1s\u00e1ba \u00e9s funkci\u00f3iba. A laptop kijelz\u0151rendszer\u00e9nek alapvet\u0151 elemek\u00e9nt ez a LED-t\u00e1bla gyakorlati el\u0151ny\u00f6ket \u00e9s fokozott vizu\u00e1lis vonzer\u0151t k\u00edn\u00e1l.<\/p>\n<p>Ak\u00e1r munk\u00e1ra, ak\u00e1r sz\u00f3rakoz\u00e1sra vagy kommunik\u00e1ci\u00f3ra haszn\u00e1lja laptopj\u00e1t, ez a LED-t\u00e1bla tiszta \u00e9s \u00e9l\u00e9nk jelz\u0151f\u00e9nyekkel jav\u00edtja a vizu\u00e1lis \u00e9lm\u00e9nyt. Prec\u00edzi\u00f3s tervez\u00e9se optim\u00e1lis teljes\u00edtm\u00e9nyt biztos\u00edt, lehet\u0151v\u00e9 t\u00e9ve a laptop k\u00fcl\u00f6nf\u00e9le funkci\u00f3inak \u00e9s tev\u00e9kenys\u00e9geinek \u00e1llapot\u00e1nak egyszer\u0171 azonos\u00edt\u00e1s\u00e1t.<\/p>\n<p>A telep\u00edt\u00e9s egyszer\u0171 a laptop eredeti alkatr\u00e9szeihez igazod\u00f3 kialak\u00edt\u00e1snak k\u00f6sz\u00f6nhet\u0151en. Az eredeti Lenovo alkatr\u00e9szek kiv\u00e1laszt\u00e1s\u00e1val laptopja vizu\u00e1lis jelz\u0151inek min\u0151s\u00e9g\u00e9be \u00e9s megb\u00edzhat\u00f3s\u00e1g\u00e1ba fektet be.<\/p>\n<p>Friss\u00edtse laptopja vizu\u00e1lis jelz\u00e9seit \u00e9s felhaszn\u00e1l\u00f3i \u00e9lm\u00e9ny\u00e9t az Eredeti Lenovo ThinkPad X230 LED k\u00e1rty\u00e1val 0B65355 04W3732. \u00c9lvezze a tiszta \u00e9s \u00e9l\u00e9nk kijelz\u0151ket, a tov\u00e1bbfejlesztett funkcionalit\u00e1st \u00e9s a tov\u00e1bbfejlesztett eszt\u00e9tik\u00e1t a ThinkPad X230-on. N\u00f6velje sz\u00e1m\u00edt\u00e1stechnikai \u00e9lm\u00e9ny\u00e9t ezzel a megb\u00edzhat\u00f3 \u00e9s hat\u00e9kony LED-k\u00e1rty\u00e1val.<\/p>\n<p>V\u00e1s\u00e1rl\u00e1s el\u0151tt ellen\u0151rizze, hogy kompatibilis-e az adott laptopmodellj\u00e9vel.<\/p>\n","protected":false},"excerpt":{"rendered":"<p>N\u00f6velje eredeti Lenovo ThinkPad X230 laptopja funkcionalit\u00e1s\u00e1t \u00e9s eszt\u00e9tik\u00e1j\u00e1t az Eredeti Lenovo ThinkPad X230 LED 0B65355 04W3732 k\u00e1rty\u00e1val. \u00c9lvezze a tov\u00e1bbfejlesztett vizu\u00e1lis jelz\u00e9seket \u00e9s a jobb felhaszn\u00e1l\u00f3i \u00e9lm\u00e9nyt.<\/p>\n","protected":false},"featured_media":1499,"template":"","meta":[],"product_brand":[],"product_cat":[27],"product_tag":[26],"class_list":{"0":"post-1437","1":"product","2":"type-product","3":"status-publish","4":"has-post-thumbnail","6":"product_cat-motherboards-board-parts","7":"product_tag-lenovo","9":"first","10":"instock","11":"taxable","12":"shipping-taxable","13":"purchasable","14":"product-type-simple"},"_links":{"self":[{"href":"https:\/\/boreait.com\/hu\/wp-json\/wp\/v2\/product\/1437","targetHints":{"allow":["GET"]}}],"collection":[{"href":"https:\/\/boreait.com\/hu\/wp-json\/wp\/v2\/product"}],"about":[{"href":"https:\/\/boreait.com\/hu\/wp-json\/wp\/v2\/types\/product"}],"wp:featuredmedia":[{"embeddable":true,"href":"https:\/\/boreait.com\/hu\/wp-json\/wp\/v2\/media\/1499"}],"wp:attachment":[{"href":"https:\/\/boreait.com\/hu\/wp-json\/wp\/v2\/media?parent=1437"}],"wp:term":[{"taxonomy":"product_brand","embeddable":true,"href":"https:\/\/boreait.com\/hu\/wp-json\/wp\/v2\/product_brand?post=1437"},{"taxonomy":"product_cat","embeddable":true,"href":"https:\/\/boreait.com\/hu\/wp-json\/wp\/v2\/product_cat?post=1437"},{"taxonomy":"product_tag","embeddable":true,"href":"https:\/\/boreait.com\/hu\/wp-json\/wp\/v2\/product_tag?post=1437"}],"curies":[{"name":"wp","href":"https:\/\/api.w.org\/{rel}","templated":true}]}}