{"id":1436,"date":"2025-09-17T10:01:40","date_gmt":"2025-09-17T08:01:40","guid":{"rendered":"https:\/\/boreait.com\/hu\/?post_type=product&#038;p=1436"},"modified":"2026-01-09T13:33:51","modified_gmt":"2026-01-09T12:33:51","slug":"eredeti-lenovo-thinkpad-kameramodul-webkamera-bn1l1nvra-001-2","status":"publish","type":"product","link":"https:\/\/boreait.com\/hu\/termek\/eredeti-lenovo-thinkpad-kameramodul-webkamera-bn1l1nvra-001-2\/","title":{"rendered":"Eredeti Lenovo ThinkPad kameramodul webkamera BN1L1NVRA-001"},"content":{"rendered":"<p>Fokozza kommunik\u00e1ci\u00f3s \u00e9s vizu\u00e1lis egy\u00fcttm\u0171k\u00f6d\u00e9si k\u00e9pess\u00e9geit az eredeti Lenovo ThinkPad kameramodul BN1L1NVRA-001 webkamer\u00e1val. A kiv\u00e1l\u00f3 min\u0151s\u00e9g\u0171 videokommunik\u00e1ci\u00f3 biztos\u00edt\u00e1s\u00e1ra kialak\u00edtott eredeti kameramodul alapvet\u0151 funkci\u00f3val eg\u00e9sz\u00edti ki Lenovo ThinkPad laptopj\u00e1t, lehet\u0151v\u00e9 t\u00e9ve a z\u00f6kken\u0151mentes csatlakoz\u00e1st, kommunik\u00e1ci\u00f3t \u00e9s egy\u00fcttm\u0171k\u00f6d\u00e9st.<\/p>\n<p>A Lenovo, a sz\u00e1m\u00edt\u00e1stechnika megb\u00edzhat\u00f3 vezet\u0151 gy\u00e1rt\u00f3ja \u00e1ltal gy\u00e1rtott eredeti Lenovo ThinkPad Camera Module BN1L1NVRA-001 webkamer\u00e1t \u00fagy tervezt\u00e9k, hogy t\u00f6k\u00e9letesen illeszkedjen a laptop diz\u00e1jnj\u00e1hoz \u00e9s funkci\u00f3ihoz. A modern kommunik\u00e1ci\u00f3 alapvet\u0151 elemek\u00e9nt ez a kameramodul gyakorlati el\u0151ny\u00f6ket \u00e9s jobb felhaszn\u00e1l\u00f3i \u00e9lm\u00e9nyt is k\u00edn\u00e1l.<\/p>\n<p>Ak\u00e1r videokonferenci\u00e1kon, online tal\u00e1lkoz\u00f3kon vesz r\u00e9szt, ak\u00e1r egyszer\u0171en csak bar\u00e1tokkal \u00e9s csal\u00e1dtagokkal tart kapcsolatot, ez a webkamera tiszta \u00e9s z\u00f6kken\u0151mentes vide\u00f3min\u0151s\u00e9get biztos\u00edt. Prec\u00edzi\u00f3s tervez\u00e9se optim\u00e1lis teljes\u00edtm\u00e9nyt biztos\u00edt k\u00fcl\u00f6nf\u00e9le f\u00e9nyviszonyok k\u00f6z\u00f6tt, lehet\u0151v\u00e9 t\u00e9ve, hogy tiszt\u00e1n l\u00e1sson, \u00e9s hat\u00e9konyan ossza meg tapasztalatait.<\/p>\n<p>A telep\u00edt\u00e9s egyszer\u0171 a laptop eredeti alkatr\u00e9szeihez igazod\u00f3 kialak\u00edt\u00e1snak k\u00f6sz\u00f6nhet\u0151en. Az eredeti Lenovo alkatr\u00e9szek kiv\u00e1laszt\u00e1s\u00e1val laptopja kommunik\u00e1ci\u00f3s k\u00e9pess\u00e9geinek min\u0151s\u00e9g\u00e9be \u00e9s megb\u00edzhat\u00f3s\u00e1g\u00e1ba fektet be.<\/p>\n<p>Friss\u00edtse laptopja kommunik\u00e1ci\u00f3s \u00e9lm\u00e9ny\u00e9t az eredeti Lenovo ThinkPad Camera Module webkamer\u00e1val, BN1L1NVRA-001. \u00c9lvezze a tiszta \u00e9s g\u00f6rd\u00fcl\u00e9keny videokommunik\u00e1ci\u00f3t, ak\u00e1r \u00fczleti, ak\u00e1r szem\u00e9lyes haszn\u00e1latra, \u00e9s hat\u00e9konyan vegyen r\u00e9szt a virtu\u00e1lis interakci\u00f3kban. N\u00f6velje sz\u00e1m\u00edt\u00e1stechnikai \u00e9lm\u00e9ny\u00e9t ezzel a megb\u00edzhat\u00f3 \u00e9s hat\u00e9kony kameramodullal.<\/p>\n<p>V\u00e1s\u00e1rl\u00e1s el\u0151tt ellen\u0151rizze, hogy kompatibilis-e az adott laptopmodellj\u00e9vel.<\/p>\n","protected":false},"excerpt":{"rendered":"<p>N\u00f6velje kommunik\u00e1ci\u00f3s k\u00e9pess\u00e9geit az eredeti Lenovo ThinkPad Camera Module webkamer\u00e1val, a BN1L1NVRA-001 webkamer\u00e1val. \u00c9lvezze a tiszta \u00e9s z\u00f6kken\u0151mentes videokommunik\u00e1ci\u00f3t virtu\u00e1lis \u00e9rtekezletekhez, konferenci\u00e1khoz \u00e9s szem\u00e9lyes kapcsolatokhoz.<\/p>\n","protected":false},"featured_media":1498,"template":"","meta":[],"product_brand":[],"product_cat":[23],"product_tag":[26],"class_list":{"0":"post-1436","1":"product","2":"type-product","3":"status-publish","4":"has-post-thumbnail","6":"product_cat-laptop-camera","7":"product_tag-lenovo","9":"first","10":"instock","11":"taxable","12":"shipping-taxable","13":"purchasable","14":"product-type-simple"},"_links":{"self":[{"href":"https:\/\/boreait.com\/hu\/wp-json\/wp\/v2\/product\/1436","targetHints":{"allow":["GET"]}}],"collection":[{"href":"https:\/\/boreait.com\/hu\/wp-json\/wp\/v2\/product"}],"about":[{"href":"https:\/\/boreait.com\/hu\/wp-json\/wp\/v2\/types\/product"}],"wp:featuredmedia":[{"embeddable":true,"href":"https:\/\/boreait.com\/hu\/wp-json\/wp\/v2\/media\/1498"}],"wp:attachment":[{"href":"https:\/\/boreait.com\/hu\/wp-json\/wp\/v2\/media?parent=1436"}],"wp:term":[{"taxonomy":"product_brand","embeddable":true,"href":"https:\/\/boreait.com\/hu\/wp-json\/wp\/v2\/product_brand?post=1436"},{"taxonomy":"product_cat","embeddable":true,"href":"https:\/\/boreait.com\/hu\/wp-json\/wp\/v2\/product_cat?post=1436"},{"taxonomy":"product_tag","embeddable":true,"href":"https:\/\/boreait.com\/hu\/wp-json\/wp\/v2\/product_tag?post=1436"}],"curies":[{"name":"wp","href":"https:\/\/api.w.org\/{rel}","templated":true}]}}