{"id":1435,"date":"2025-09-17T10:01:40","date_gmt":"2025-09-17T08:01:40","guid":{"rendered":"https:\/\/boreait.com\/hu\/?post_type=product&#038;p=1435"},"modified":"2026-01-07T08:59:36","modified_gmt":"2026-01-07T07:59:36","slug":"laptop-lcd-csuklopantok-lenovo-thinkpad-x220-x220i-x230-x230i-lcd-csuklopantok-kepernyo-tengelye","status":"publish","type":"product","link":"https:\/\/boreait.com\/hu\/termek\/laptop-lcd-csuklopantok-lenovo-thinkpad-x220-x220i-x230-x230i-lcd-csuklopantok-kepernyo-tengelye\/","title":{"rendered":"Laptop LCD csukl\u00f3p\u00e1ntok Lenovo ThinkPad X220 X220i X230 X230i LCD csukl\u00f3p\u00e1ntok k\u00e9perny\u0151 tengelye"},"content":{"rendered":"<p>Fokozza Lenovo ThinkPad X220, X220i, X230 \u00e9s X230i laptopjai szerkezeti integrit\u00e1s\u00e1t \u00e9s funkcionalit\u00e1s\u00e1t a Lenovo ThinkPad X220 X220i X230 X230i laptop LCD csukl\u00f3p\u00e1ntjaival. Ezeket az eredeti LCD zsan\u00e9rokat szakszer\u0171en \u00fagy tervezt\u00e9k, hogy optimaliz\u00e1lj\u00e1k a laptop zsan\u00e9rszerkezet\u00e9t, biztos\u00edtva a z\u00f6kken\u0151mentes integr\u00e1ci\u00f3t \u00e9s a jobb csukl\u00f3p\u00e1ntok stabilit\u00e1s\u00e1t a jobb sz\u00e1m\u00edt\u00e1stechnikai \u00e9lm\u00e9ny \u00e9rdek\u00e9ben.<\/p>\n<p>A Lenovo, a sz\u00e1m\u00edt\u00e1stechnika egyik vezet\u0151 v\u00e1llalata \u00e1ltal gy\u00e1rtott, a Lenovo ThinkPad X220 X220i X230 X230i laptop LCD csukl\u00f3p\u00e1ntjai megb\u00edzhat\u00f3 csukl\u00f3teljes\u00edtm\u00e9nyt \u00e9s fokozott tart\u00f3ss\u00e1got biztos\u00edtanak. A laptop fel\u00e9p\u00edt\u00e9s\u00e9nek kritikus elemeik\u00e9nt ezek a zsan\u00e9rok alapvet\u0151 szerepet j\u00e1tszanak a laptopfed\u00e9l megfelel\u0151 nyit\u00e1s\u00e1nak \u00e9s z\u00e1r\u00e1s\u00e1nak fenntart\u00e1s\u00e1ban.<\/p>\n<p>Ak\u00e1r gyakran nyitja ki \u00e9s csukja be laptopj\u00e1t, ak\u00e1r \u00fatk\u00f6zben haszn\u00e1lja, ezek a zsan\u00e9rtart\u00f3k biztos\u00edtj\u00e1k a k\u00edv\u00e1nt k\u00e9nyelmet \u00e9s hat\u00e9konys\u00e1got. Prec\u00edzi\u00f3s tervez\u00e9s\u00fck pontos be\u00e1ll\u00edt\u00e1st \u00e9s biztons\u00e1gos z\u00e1r\u00e1st biztos\u00edt, hozz\u00e1j\u00e1rulva laptopja \u00e1ltal\u00e1nos \u00e9lettartam\u00e1hoz.<\/p>\n<p>A zsan\u00e9rok felszerel\u00e9se egyszer\u0171, k\u00f6sz\u00f6nhet\u0151en a kialak\u00edt\u00e1suknak, amely illeszkedik a laptop eredeti alkatr\u00e9szeihez. Ha autentikus Lenovo alkatr\u00e9szeket v\u00e1laszt, akkor laptopja szerkezeti integrit\u00e1s\u00e1nak min\u0151s\u00e9g\u00e9be \u00e9s megb\u00edzhat\u00f3s\u00e1g\u00e1ba fektet be.<\/p>\n<p>N\u00f6velje laptopja zsan\u00e9rteljes\u00edtm\u00e9ny\u00e9t a Lenovo ThinkPad X220 X220i X230 X230i laptop LCD csukl\u00f3p\u00e1ntjaival. Haszn\u00e1lja ki az X220, X220i, X230 \u00e9s X230i laptopok fokozott csukl\u00f3s stabilit\u00e1s\u00e1t, biztons\u00e1gos z\u00e1r\u00e1s\u00e1t \u00e9s megn\u00f6velt tart\u00f3ss\u00e1g\u00e1t. N\u00f6velje sz\u00e1m\u00edt\u00e1stechnikai \u00e9lm\u00e9ny\u00e9t ezzel a megb\u00edzhat\u00f3 \u00e9s hat\u00e9kony zsan\u00e9rk\u00e9szlettel.<\/p>\n<p>V\u00e1s\u00e1rl\u00e1s el\u0151tt gy\u0151z\u0151dj\u00f6n meg arr\u00f3l, hogy kompatibilis az adott laptopmodellj\u00e9vel.<\/p>\n","protected":false},"excerpt":{"rendered":"<p>Fokozza Lenovo ThinkPad X220, X220i, X230 \u00e9s X230i laptopja szerkezeti integrit\u00e1s\u00e1t a laptop LCD csukl\u00f3p\u00e1ntjaival. \u00c9lvezze a jobb csukl\u00f3s stabilit\u00e1st \u00e9s a laptopok k\u00e9perny\u0151j\u00e9nek biztons\u00e1gos z\u00e1r\u00e1s\u00e1t.<\/p>\n","protected":false},"featured_media":1497,"template":"","meta":[],"product_brand":[],"product_cat":[19],"product_tag":[26],"class_list":{"0":"post-1435","1":"product","2":"type-product","3":"status-publish","4":"has-post-thumbnail","6":"product_cat-screen-hinge","7":"product_tag-lenovo","9":"first","10":"instock","11":"taxable","12":"shipping-taxable","13":"purchasable","14":"product-type-simple"},"_links":{"self":[{"href":"https:\/\/boreait.com\/hu\/wp-json\/wp\/v2\/product\/1435","targetHints":{"allow":["GET"]}}],"collection":[{"href":"https:\/\/boreait.com\/hu\/wp-json\/wp\/v2\/product"}],"about":[{"href":"https:\/\/boreait.com\/hu\/wp-json\/wp\/v2\/types\/product"}],"wp:featuredmedia":[{"embeddable":true,"href":"https:\/\/boreait.com\/hu\/wp-json\/wp\/v2\/media\/1497"}],"wp:attachment":[{"href":"https:\/\/boreait.com\/hu\/wp-json\/wp\/v2\/media?parent=1435"}],"wp:term":[{"taxonomy":"product_brand","embeddable":true,"href":"https:\/\/boreait.com\/hu\/wp-json\/wp\/v2\/product_brand?post=1435"},{"taxonomy":"product_cat","embeddable":true,"href":"https:\/\/boreait.com\/hu\/wp-json\/wp\/v2\/product_cat?post=1435"},{"taxonomy":"product_tag","embeddable":true,"href":"https:\/\/boreait.com\/hu\/wp-json\/wp\/v2\/product_tag?post=1435"}],"curies":[{"name":"wp","href":"https:\/\/api.w.org\/{rel}","templated":true}]}}