{"id":1429,"date":"2025-09-17T10:01:38","date_gmt":"2025-09-17T08:01:38","guid":{"rendered":"https:\/\/boreait.com\/hu\/?post_type=product&#038;p=1429"},"modified":"2025-09-17T10:02:36","modified_gmt":"2025-09-17T08:02:36","slug":"laptop-lcd-csuklopantok-lenovo-b50-30-b50-45-b50-70-b50-80-n50-30-n50-45-n50-70-am14k000400-am14k000300","status":"publish","type":"product","link":"https:\/\/boreait.com\/hu\/termek\/laptop-lcd-csuklopantok-lenovo-b50-30-b50-45-b50-70-b50-80-n50-30-n50-45-n50-70-am14k000400-am14k000300\/","title":{"rendered":"Laptop LCD csukl\u00f3p\u00e1ntok Lenovo B50-30 B50-45 B50-70 B50-80 N50-30 N50-45 N50-70 AM14K000400 AM14K000300"},"content":{"rendered":"<p>N\u00f6velje Lenovo laptopja tart\u00f3ss\u00e1g\u00e1t \u00e9s funkcionalit\u00e1s\u00e1t a Lenovo B50-30, B50-45, B50-70, B50-80, N50-30, N50-45 \u00e9s N50-70 modellekhez k\u00e9sz\u00fclt Laptop LCD csukl\u00f3p\u00e1ntokkal. A laptop zsan\u00e9rszerkezet\u00e9nek optimaliz\u00e1l\u00e1s\u00e1ra kialak\u00edtott eredeti zsan\u00e9rk\u00e9szlet z\u00f6kken\u0151mentes integr\u00e1ci\u00f3t \u00e9s jobb csukl\u00f3stabilit\u00e1st biztos\u00edt a jobb sz\u00e1m\u00edt\u00e1stechnikai \u00e9lm\u00e9ny \u00e9rdek\u00e9ben.<\/p>\n<p>A Lenovo sz\u00e1m\u00e1ra, a sz\u00e1m\u00edt\u00e1stechnika megb\u00edzhat\u00f3 vezet\u0151j\u00e9nek gy\u00e1rtott laptop LCD csukl\u00f3p\u00e1ntjait a Lenovo B50-30, B50-45, B50-70, B50-80, N50-30, N50-45 \u00e9s N50-70 k\u00e9sz\u00fcl\u00e9kekhez \u00fagy tervezt\u00e9k, hogy megb\u00edzhat\u00f3 zsan\u00e9rteljes\u00edtm\u00e9nyt \u00e9s fokozott tart\u00f3ss\u00e1got biztos\u00edtsanak. A laptop szerkezeti integrit\u00e1s\u00e1nak alapvet\u0151 elemeik\u00e9nt ezek a zsan\u00e9rok kulcsszerepet j\u00e1tszanak a laptopfed\u00e9l megfelel\u0151 nyit\u00e1s\u00e1nak \u00e9s z\u00e1r\u00e1s\u00e1nak fenntart\u00e1s\u00e1ban.<\/p>\n<p>Ak\u00e1r gyakran nyitja ki \u00e9s csukja be laptopj\u00e1t, ak\u00e1r \u00fatk\u00f6zben haszn\u00e1lja, ezek a csukl\u00f3p\u00e1ntok az \u00d6n \u00e1ltal elv\u00e1rt k\u00e9nyelmet \u00e9s hat\u00e9konys\u00e1got k\u00edn\u00e1lj\u00e1k. Prec\u00edzi\u00f3s tervez\u00e9s\u00fck biztos\u00edtja a megfelel\u0151 be\u00e1ll\u00edt\u00e1st \u00e9s biztons\u00e1gos z\u00e1r\u00e1st, hozz\u00e1j\u00e1rulva laptopja \u00e1ltal\u00e1nos \u00e9lettartam\u00e1hoz.<\/p>\n<p>A telep\u00edt\u00e9s egyszer\u0171 a laptop eredeti alkatr\u00e9szeihez igazod\u00f3 kialak\u00edt\u00e1snak k\u00f6sz\u00f6nhet\u0151en. Az eredeti Lenovo alkatr\u00e9szek kiv\u00e1laszt\u00e1s\u00e1val laptopja szerkezeti integrit\u00e1s\u00e1nak min\u0151s\u00e9g\u00e9be \u00e9s megb\u00edzhat\u00f3s\u00e1g\u00e1ba fektet be.<\/p>\n<p>N\u00f6velje laptopja zsan\u00e9rteljes\u00edtm\u00e9ny\u00e9t a Lenovo B50-30, B50-45, B50-70, B50-80, N50-30, N50-45 \u00e9s N50-70 laptop LCD csukl\u00f3p\u00e1ntjaival. \u00c9lvezze Lenovo laptopja megn\u00f6velt csukl\u00f3s stabilit\u00e1s\u00e1t, biztons\u00e1gos z\u00e1r\u00f3d\u00e1s\u00e1t \u00e9s megn\u00f6velt tart\u00f3ss\u00e1g\u00e1t. N\u00f6velje sz\u00e1m\u00edt\u00e1stechnikai \u00e9lm\u00e9ny\u00e9t ezzel a megb\u00edzhat\u00f3 \u00e9s hat\u00e9kony zsan\u00e9rk\u00e9szlettel.<\/p>\n<p>V\u00e1s\u00e1rl\u00e1s el\u0151tt ellen\u0151rizze, hogy kompatibilis-e az adott laptopmodellj\u00e9vel.<\/p>\n","protected":false},"excerpt":{"rendered":"<p>Fokozza Lenovo B50 \u00e9s N50 sorozat\u00fa laptopja zsan\u00e9rszerkezet\u00e9t a laptop LCD csukl\u00f3p\u00e1ntjaival. \u00c9lvezze a jobb zsan\u00e9r-stabilit\u00e1st, a biztons\u00e1gos z\u00e1r\u00e1st \u00e9s a laptopja fokozott tart\u00f3ss\u00e1g\u00e1t.<\/p>\n","protected":false},"featured_media":1478,"template":"","meta":[],"product_brand":[],"product_cat":[19],"product_tag":[26],"class_list":{"0":"post-1429","1":"product","2":"type-product","3":"status-publish","4":"has-post-thumbnail","6":"product_cat-screen-hinge","7":"product_tag-lenovo","9":"first","10":"instock","11":"taxable","12":"shipping-taxable","13":"purchasable","14":"product-type-simple"},"_links":{"self":[{"href":"https:\/\/boreait.com\/hu\/wp-json\/wp\/v2\/product\/1429","targetHints":{"allow":["GET"]}}],"collection":[{"href":"https:\/\/boreait.com\/hu\/wp-json\/wp\/v2\/product"}],"about":[{"href":"https:\/\/boreait.com\/hu\/wp-json\/wp\/v2\/types\/product"}],"wp:featuredmedia":[{"embeddable":true,"href":"https:\/\/boreait.com\/hu\/wp-json\/wp\/v2\/media\/1478"}],"wp:attachment":[{"href":"https:\/\/boreait.com\/hu\/wp-json\/wp\/v2\/media?parent=1429"}],"wp:term":[{"taxonomy":"product_brand","embeddable":true,"href":"https:\/\/boreait.com\/hu\/wp-json\/wp\/v2\/product_brand?post=1429"},{"taxonomy":"product_cat","embeddable":true,"href":"https:\/\/boreait.com\/hu\/wp-json\/wp\/v2\/product_cat?post=1429"},{"taxonomy":"product_tag","embeddable":true,"href":"https:\/\/boreait.com\/hu\/wp-json\/wp\/v2\/product_tag?post=1429"}],"curies":[{"name":"wp","href":"https:\/\/api.w.org\/{rel}","templated":true}]}}