{"id":1419,"date":"2025-09-17T10:01:15","date_gmt":"2025-09-17T08:01:15","guid":{"rendered":"https:\/\/boreait.com\/hu\/?post_type=product&#038;p=1419"},"modified":"2026-01-14T09:10:01","modified_gmt":"2026-01-14T08:10:01","slug":"6055b0000401-6055b0000301-6055b0000401-6055b0000301-zsanerok-hp-probookhoz","status":"publish","type":"product","link":"https:\/\/boreait.com\/hu\/termek\/6055b0000401-6055b0000301-6055b0000401-6055b0000301-zsanerok-hp-probookhoz\/","title":{"rendered":"6055B0000401.6055B0000301 &#8211; 6055B0000401.6055B0000301 Zsan\u00e9rok HP Probookhoz"},"content":{"rendered":"<p>N\u00f6velje HP ProBook laptopja tart\u00f3ss\u00e1g\u00e1t \u00e9s funkcionalit\u00e1s\u00e1t a 6055B0000401.6055B0000301 zsan\u00e9rokkal. A laptop zsan\u00e9rszerkezet\u00e9nek optimaliz\u00e1l\u00e1s\u00e1ra kialak\u00edtott eredeti zsan\u00e9rk\u00e9szlet z\u00f6kken\u0151mentes integr\u00e1ci\u00f3t \u00e9s jobb csukl\u00f3stabilit\u00e1st biztos\u00edt a jobb sz\u00e1m\u00edt\u00e1stechnikai \u00e9lm\u00e9ny \u00e9rdek\u00e9ben.<\/p>\n<p>A HP sz\u00e1m\u00e1ra, a sz\u00e1m\u00edt\u00e1stechnika megb\u00edzhat\u00f3 vezet\u0151j\u00e9nek gy\u00e1rtott 6055B0000401.6055B0000301 zsan\u00e9rokat \u00fagy tervezt\u00e9k, hogy megb\u00edzhat\u00f3 zsan\u00e9rteljes\u00edtm\u00e9nyt \u00e9s fokozott tart\u00f3ss\u00e1got biztos\u00edtsanak. A laptop szerkezeti integrit\u00e1s\u00e1nak alapvet\u0151 elemeik\u00e9nt ezek a zsan\u00e9rok kulcsszerepet j\u00e1tszanak a laptopfed\u00e9l megfelel\u0151 nyit\u00e1s\u00e1nak \u00e9s z\u00e1r\u00e1s\u00e1nak fenntart\u00e1s\u00e1ban.<\/p>\n<p>Ak\u00e1r gyakran nyitja ki \u00e9s csukja be laptopj\u00e1t, ak\u00e1r \u00fatk\u00f6zben haszn\u00e1lja, ezek a csukl\u00f3p\u00e1ntok az \u00d6n \u00e1ltal elv\u00e1rt k\u00e9nyelmet \u00e9s hat\u00e9konys\u00e1got k\u00edn\u00e1lj\u00e1k. Prec\u00edzi\u00f3s tervez\u00e9s\u00fck biztos\u00edtja a megfelel\u0151 be\u00e1ll\u00edt\u00e1st \u00e9s biztons\u00e1gos z\u00e1r\u00e1st, hozz\u00e1j\u00e1rulva laptopja \u00e1ltal\u00e1nos \u00e9lettartam\u00e1hoz.<\/p>\n<p>A telep\u00edt\u00e9s egyszer\u0171 a laptop eredeti alkatr\u00e9szeihez igazod\u00f3 kialak\u00edt\u00e1snak k\u00f6sz\u00f6nhet\u0151en. Az eredeti HP alkatr\u00e9szek kiv\u00e1laszt\u00e1s\u00e1val laptopja szerkezeti integrit\u00e1s\u00e1nak min\u0151s\u00e9g\u00e9be \u00e9s megb\u00edzhat\u00f3s\u00e1g\u00e1ba fektet be.<\/p>\n<p>N\u00f6velje laptopja zsan\u00e9rteljes\u00edtm\u00e9ny\u00e9t a 6055B0000401.6055B0000301 zsan\u00e9rokkal a HP ProBookhoz. \u00c9lvezze ProBook laptopja fokozott csukl\u00f3szil\u00e1rds\u00e1g\u00e1t, biztons\u00e1gos z\u00e1r\u00f3d\u00e1s\u00e1t \u00e9s megn\u00f6velt tart\u00f3ss\u00e1g\u00e1t. N\u00f6velje sz\u00e1m\u00edt\u00e1stechnikai \u00e9lm\u00e9ny\u00e9t ezzel a megb\u00edzhat\u00f3 \u00e9s hat\u00e9kony zsan\u00e9rk\u00e9szlettel.<\/p>\n<p>V\u00e1s\u00e1rl\u00e1s el\u0151tt ellen\u0151rizze, hogy kompatibilis-e az adott laptopmodellj\u00e9vel.<\/p>\n","protected":false},"excerpt":{"rendered":"<p>A 6055B0000401.6055B0000301 zsan\u00e9rokkal jav\u00edtsa ki HP ProBook laptopja zsan\u00e9rszerkezet\u00e9t. \u00c9lvezze a jobb csukl\u00f3szil\u00e1rds\u00e1got, a biztons\u00e1gos z\u00e1r\u00e1st \u00e9s a ProBook megn\u00f6velt tart\u00f3ss\u00e1g\u00e1t.<\/p>\n","protected":false},"featured_media":1477,"template":"","meta":[],"product_brand":[],"product_cat":[19],"product_tag":[25],"class_list":{"0":"post-1419","1":"product","2":"type-product","3":"status-publish","4":"has-post-thumbnail","6":"product_cat-screen-hinge","7":"product_tag-hp","9":"first","10":"instock","11":"taxable","12":"shipping-taxable","13":"purchasable","14":"product-type-simple"},"_links":{"self":[{"href":"https:\/\/boreait.com\/hu\/wp-json\/wp\/v2\/product\/1419","targetHints":{"allow":["GET"]}}],"collection":[{"href":"https:\/\/boreait.com\/hu\/wp-json\/wp\/v2\/product"}],"about":[{"href":"https:\/\/boreait.com\/hu\/wp-json\/wp\/v2\/types\/product"}],"wp:featuredmedia":[{"embeddable":true,"href":"https:\/\/boreait.com\/hu\/wp-json\/wp\/v2\/media\/1477"}],"wp:attachment":[{"href":"https:\/\/boreait.com\/hu\/wp-json\/wp\/v2\/media?parent=1419"}],"wp:term":[{"taxonomy":"product_brand","embeddable":true,"href":"https:\/\/boreait.com\/hu\/wp-json\/wp\/v2\/product_brand?post=1419"},{"taxonomy":"product_cat","embeddable":true,"href":"https:\/\/boreait.com\/hu\/wp-json\/wp\/v2\/product_cat?post=1419"},{"taxonomy":"product_tag","embeddable":true,"href":"https:\/\/boreait.com\/hu\/wp-json\/wp\/v2\/product_tag?post=1419"}],"curies":[{"name":"wp","href":"https:\/\/api.w.org\/{rel}","templated":true}]}}