{"id":1417,"date":"2025-09-17T10:01:14","date_gmt":"2025-09-17T08:01:14","guid":{"rendered":"https:\/\/boreait.com\/hu\/?post_type=product&#038;p=1417"},"modified":"2025-09-17T10:02:31","modified_gmt":"2025-09-17T08:02:31","slug":"lenovo-miix-320-10icr-101-laptop-dokkolo-usb-kartya-3007-00449-bh5668_v1p5a","status":"publish","type":"product","link":"https:\/\/boreait.com\/hu\/termek\/lenovo-miix-320-10icr-101-laptop-dokkolo-usb-kartya-3007-00449-bh5668_v1p5a\/","title":{"rendered":"Lenovo MIIX 320-10ICR 10,1&#8243; laptop dokkol\u00f3 USB k\u00e1rtya 3007-00449 BH5668_V1P5A"},"content":{"rendered":"<p>N\u00f6velje Lenovo MIIX 320-10ICR 10,1&#8243;-es laptopja csatlakoztathat\u00f3s\u00e1g\u00e1t \u00e9s sokoldal\u00fas\u00e1g\u00e1t a Lenovo MIIX 320-10ICR laptop dokkol\u00f3 USB-k\u00e1rty\u00e1val 3007-00449 BH5668_V1P5A. \u00dagy tervezt\u00e9k, hogy optimaliz\u00e1lja a laptop dokkol\u00f3- \u00e9s USB-kompatibilit\u00e1s\u00e1t, \u00e9s t\u00f6k\u00e9letes\u00edtse ezt a gener\u00e1ci\u00f3s USB-kompatibilit\u00e1st. tov\u00e1bbfejlesztett sz\u00e1m\u00edt\u00e1stechnikai \u00e9lm\u00e9ny.<\/p>\n<p>A Lenovo, a sz\u00e1m\u00edt\u00e1stechnika megb\u00edzhat\u00f3 vezet\u0151 gy\u00e1rt\u00f3ja \u00e1ltal gy\u00e1rtott Lenovo MIIX 320-10ICR laptop dokkol\u00f3 USB-k\u00e1rtya 3007-00449 BH5668_V1P5A megb\u00edzhat\u00f3 dokkol\u00e1st \u00e9s USB-kapcsolatot biztos\u00edt. A laptop bels\u0151 rendszereinek alapvet\u0151 elemek\u00e9nt ez az alaplap kulcsfontoss\u00e1g\u00fa szerepet j\u00e1tszik a csatlakoz\u00e1si lehet\u0151s\u00e9gek b\u0151v\u00edt\u00e9s\u00e9ben.<\/p>\n<p>Ak\u00e1r dokkolnia kell laptopj\u00e1t, ak\u00e1r k\u00fcl\u00f6nf\u00e9le USB-eszk\u00f6z\u00f6ket kell csatlakoztatnia, ez az alaplap az \u00d6n \u00e1ltal elv\u00e1rt k\u00e9nyelmet \u00e9s hat\u00e9konys\u00e1got biztos\u00edtja. K\u00f6nnyen csatlakoztathat perif\u00e9ri\u00e1kat, k\u00fcls\u0151 kijelz\u0151ket \u00e9s egyebeket, \u00edgy ide\u00e1lis azok sz\u00e1m\u00e1ra, akik sokoldal\u00fa csatlakoz\u00e1si lehet\u0151s\u00e9geket ig\u00e9nyelnek.<\/p>\n<p>A telep\u00edt\u00e9s egyszer\u0171 a laptop eredeti alkatr\u00e9szeihez igazod\u00f3 kialak\u00edt\u00e1snak k\u00f6sz\u00f6nhet\u0151en. Az eredeti Lenovo alkatr\u00e9szek kiv\u00e1laszt\u00e1s\u00e1val laptopja dokkol\u00f3j\u00e1nak \u00e9s USB-k\u00e9pess\u00e9g\u00e9nek min\u0151s\u00e9g\u00e9be \u00e9s megb\u00edzhat\u00f3s\u00e1g\u00e1ba fektet be.<\/p>\n<p>Friss\u00edtse laptopja dokkol\u00f3- \u00e9s USB-k\u00e9pess\u00e9g\u00e9t a Lenovo MIIX 320-10ICR laptop dokkol\u00f3 USB-k\u00e1rty\u00e1val 3007-00449 BH5668_V1P5A. \u00c9lvezze a b\u0151v\u00edtett csatlakoz\u00e1si lehet\u0151s\u00e9geket, a megb\u00edzhat\u00f3 dokkol\u00e1si funkci\u00f3kat \u00e9s a z\u00f6kken\u0151mentes USB-csatlakoz\u00e1st a MIIX 320-10ICR k\u00e9sz\u00fcl\u00e9ken. N\u00f6velje sz\u00e1m\u00edt\u00e1stechnikai \u00e9lm\u00e9ny\u00e9t ezzel a megb\u00edzhat\u00f3 \u00e9s hat\u00e9kony t\u00e1bl\u00e1val.<\/p>\n<p>V\u00e1s\u00e1rl\u00e1s el\u0151tt ellen\u0151rizze, hogy kompatibilis-e az adott laptopmodellj\u00e9vel.<\/p>\n","protected":false},"excerpt":{"rendered":"<p>N\u00f6velje Lenovo MIIX 320-10ICR laptopja dokkol\u00f3- \u00e9s USB-k\u00e9pess\u00e9geit a Lenovo MIIX 320-10ICR laptop dokkol\u00f3 USB k\u00e1rty\u00e1val 3007-00449 BH5668_V1P5A. \u00c9lvezze az USB-eszk\u00f6z\u00f6k dokkol\u00e1si \u00e9s csatlakoztat\u00e1si lehet\u0151s\u00e9geit.<\/p>\n","protected":false},"featured_media":1475,"template":"","meta":[],"product_brand":[],"product_cat":[27],"product_tag":[26],"class_list":{"0":"post-1417","1":"product","2":"type-product","3":"status-publish","4":"has-post-thumbnail","6":"product_cat-motherboards-board-parts","7":"product_tag-lenovo","9":"first","10":"instock","11":"taxable","12":"shipping-taxable","13":"purchasable","14":"product-type-simple"},"_links":{"self":[{"href":"https:\/\/boreait.com\/hu\/wp-json\/wp\/v2\/product\/1417","targetHints":{"allow":["GET"]}}],"collection":[{"href":"https:\/\/boreait.com\/hu\/wp-json\/wp\/v2\/product"}],"about":[{"href":"https:\/\/boreait.com\/hu\/wp-json\/wp\/v2\/types\/product"}],"wp:featuredmedia":[{"embeddable":true,"href":"https:\/\/boreait.com\/hu\/wp-json\/wp\/v2\/media\/1475"}],"wp:attachment":[{"href":"https:\/\/boreait.com\/hu\/wp-json\/wp\/v2\/media?parent=1417"}],"wp:term":[{"taxonomy":"product_brand","embeddable":true,"href":"https:\/\/boreait.com\/hu\/wp-json\/wp\/v2\/product_brand?post=1417"},{"taxonomy":"product_cat","embeddable":true,"href":"https:\/\/boreait.com\/hu\/wp-json\/wp\/v2\/product_cat?post=1417"},{"taxonomy":"product_tag","embeddable":true,"href":"https:\/\/boreait.com\/hu\/wp-json\/wp\/v2\/product_tag?post=1417"}],"curies":[{"name":"wp","href":"https:\/\/api.w.org\/{rel}","templated":true}]}}