{"id":1414,"date":"2025-09-17T10:01:13","date_gmt":"2025-09-17T08:01:13","guid":{"rendered":"https:\/\/boreait.com\/hu\/?post_type=product&#038;p=1414"},"modified":"2025-09-17T10:02:23","modified_gmt":"2025-09-17T08:02:23","slug":"hp-probook-6560b-lan-vga-kartya-010172p00-j09-g","status":"publish","type":"product","link":"https:\/\/boreait.com\/hu\/termek\/hp-probook-6560b-lan-vga-kartya-010172p00-j09-g\/","title":{"rendered":"HP ProBook 6560b LAN VGA k\u00e1rtya 010172P00-J09-G"},"content":{"rendered":"<p>N\u00f6velje HP ProBook 6560b laptopja csatlakoztathat\u00f3s\u00e1g\u00e1t \u00e9s sokoldal\u00fas\u00e1g\u00e1t a HP ProBook 6560b LAN VGA 010172P00-J09-G k\u00e1rty\u00e1val. A laptop LAN- \u00e9s VGA-k\u00e9pess\u00e9geinek optimaliz\u00e1l\u00e1s\u00e1ra tervezett eredeti alaplap z\u00f6kken\u0151mentes integr\u00e1ci\u00f3t \u00e9s tov\u00e1bbfejlesztett funkcionalit\u00e1st k\u00edn\u00e1l a jobb sz\u00e1m\u00edt\u00e1stechnikai \u00e9lm\u00e9ny \u00e9rdek\u00e9ben.<\/p>\n<p>A HP, a sz\u00e1m\u00edt\u00e1stechnika megb\u00edzhat\u00f3 vezet\u0151 gy\u00e1rt\u00f3ja \u00e1ltal gy\u00e1rtott HP ProBook 6560b LAN VGA 010172P00-J09-G k\u00e1rtya megb\u00edzhat\u00f3 LAN- \u00e9s VGA-kapcsolatot biztos\u00edt. A laptop bels\u0151 rendszereinek alapvet\u0151 elemek\u00e9nt ez az alaplap kulcsfontoss\u00e1g\u00fa szerepet j\u00e1tszik a csatlakoz\u00e1si lehet\u0151s\u00e9gek b\u0151v\u00edt\u00e9s\u00e9ben.<\/p>\n<p>Ak\u00e1r LAN-kapcsolatot kell l\u00e9trehoznia, ak\u00e1r VGA-kimeneteket kell haszn\u00e1lnia, ez a k\u00e1rtya az \u00d6n \u00e1ltal elv\u00e1rt k\u00e9nyelmet \u00e9s hat\u00e9konys\u00e1got biztos\u00edtja. K\u00f6nnyen csatlakoztathat\u00f3 h\u00e1l\u00f3zatokhoz vagy k\u00fcls\u0151 kijelz\u0151kh\u00f6z, \u00edgy ide\u00e1lis azok sz\u00e1m\u00e1ra, akik sokoldal\u00fa csatlakoz\u00e1si lehet\u0151s\u00e9geket ig\u00e9nyelnek.<\/p>\n<p>A telep\u00edt\u00e9s egyszer\u0171 a laptop eredeti alkatr\u00e9szeihez igazod\u00f3 kialak\u00edt\u00e1snak k\u00f6sz\u00f6nhet\u0151en. Az eredeti HP alkatr\u00e9szek kiv\u00e1laszt\u00e1s\u00e1val laptopja LAN- \u00e9s VGA-k\u00e9pess\u00e9g\u00e9nek min\u0151s\u00e9g\u00e9be \u00e9s megb\u00edzhat\u00f3s\u00e1g\u00e1ba fektet be.<\/p>\n<p>Friss\u00edtse laptopja LAN- \u00e9s VGA-k\u00e9pess\u00e9geit a HP ProBook 6560b LAN VGA 010172P00-J09-G k\u00e1rty\u00e1val. \u00c9lvezze a b\u0151v\u00edtett csatlakoz\u00e1si lehet\u0151s\u00e9geket, a megb\u00edzhat\u00f3 h\u00e1l\u00f3zati kapcsolatokat \u00e9s a sokoldal\u00fa VGA-kimeneteket ProBook 6560b-n. N\u00f6velje sz\u00e1m\u00edt\u00e1stechnikai \u00e9lm\u00e9ny\u00e9t ezzel a megb\u00edzhat\u00f3 \u00e9s hat\u00e9kony t\u00e1bl\u00e1val.<\/p>\n<p>V\u00e1s\u00e1rl\u00e1s el\u0151tt ellen\u0151rizze, hogy kompatibilis-e az adott laptopmodellj\u00e9vel.<\/p>\n","protected":false},"excerpt":{"rendered":"<p>N\u00f6velje a csatlakoztathat\u00f3s\u00e1got HP ProBook 6560b laptopj\u00e1n a HP ProBook 6560b LAN VGA 010172P00-J09-G k\u00e1rty\u00e1val. \u00c9lvezze a LAN-csatlakoz\u00e1sok \u00e9s a VGA-kimenetek b\u0151v\u00edtett lehet\u0151s\u00e9geit.<\/p>\n","protected":false},"featured_media":1463,"template":"","meta":[],"product_brand":[],"product_cat":[27],"product_tag":[25],"class_list":{"0":"post-1414","1":"product","2":"type-product","3":"status-publish","4":"has-post-thumbnail","6":"product_cat-motherboards-board-parts","7":"product_tag-hp","9":"first","10":"instock","11":"taxable","12":"shipping-taxable","13":"purchasable","14":"product-type-simple"},"_links":{"self":[{"href":"https:\/\/boreait.com\/hu\/wp-json\/wp\/v2\/product\/1414","targetHints":{"allow":["GET"]}}],"collection":[{"href":"https:\/\/boreait.com\/hu\/wp-json\/wp\/v2\/product"}],"about":[{"href":"https:\/\/boreait.com\/hu\/wp-json\/wp\/v2\/types\/product"}],"wp:featuredmedia":[{"embeddable":true,"href":"https:\/\/boreait.com\/hu\/wp-json\/wp\/v2\/media\/1463"}],"wp:attachment":[{"href":"https:\/\/boreait.com\/hu\/wp-json\/wp\/v2\/media?parent=1414"}],"wp:term":[{"taxonomy":"product_brand","embeddable":true,"href":"https:\/\/boreait.com\/hu\/wp-json\/wp\/v2\/product_brand?post=1414"},{"taxonomy":"product_cat","embeddable":true,"href":"https:\/\/boreait.com\/hu\/wp-json\/wp\/v2\/product_cat?post=1414"},{"taxonomy":"product_tag","embeddable":true,"href":"https:\/\/boreait.com\/hu\/wp-json\/wp\/v2\/product_tag?post=1414"}],"curies":[{"name":"wp","href":"https:\/\/api.w.org\/{rel}","templated":true}]}}