{"id":1403,"date":"2025-09-17T10:00:49","date_gmt":"2025-09-17T08:00:49","guid":{"rendered":"https:\/\/boreait.com\/hu\/?post_type=product&#038;p=1403"},"modified":"2026-01-07T08:59:08","modified_gmt":"2026-01-07T07:59:08","slug":"ls-2922p-acer-kapcsolopar-w-o-tv-tm-as","status":"publish","type":"product","link":"https:\/\/boreait.com\/hu\/termek\/ls-2922p-acer-kapcsolopar-w-o-tv-tm-as\/","title":{"rendered":"LS-2922P ACER KAPCSOL\u00d3P\u00c1R-W\/O TV TM\/AS"},"content":{"rendered":"<p>N\u00f6velje Acer laptopja csatlakoztathat\u00f3s\u00e1g\u00e1t \u00e9s funkcionalit\u00e1s\u00e1t az LS-2922P Acer Switch Board seg\u00edts\u00e9g\u00e9vel. A laptop kapcsol\u00f3funkci\u00f3inak optimaliz\u00e1l\u00e1s\u00e1ra tervezett eredeti kapcsol\u00f3t\u00e1bla z\u00f6kken\u0151mentes integr\u00e1ci\u00f3t \u00e9s jobb haszn\u00e1lhat\u00f3s\u00e1got biztos\u00edt a jobb sz\u00e1m\u00edt\u00e1stechnikai \u00e9lm\u00e9ny \u00e9rdek\u00e9ben.<\/p>\n<p>Az Acer, a sz\u00e1m\u00edt\u00e1stechnika megb\u00edzhat\u00f3 vezet\u0151 gy\u00e1rt\u00f3ja \u00e1ltal gy\u00e1rtott LS-2922P Acer Switch Board megb\u00edzhat\u00f3 kapcsol\u00f3m\u0171k\u00f6d\u00e9st biztos\u00edt. A laptop bels\u0151 rendszereinek alapvet\u0151 elemek\u00e9nt ez az alaplap kulcsfontoss\u00e1g\u00fa szerepet j\u00e1tszik a laptop vez\u00e9rl\u00e9si \u00e9s interakci\u00f3s lehet\u0151s\u00e9geinek jav\u00edt\u00e1s\u00e1ban.<\/p>\n<p>Ak\u00e1r k\u00fcl\u00f6nf\u00e9le kapcsol\u00f3kat kell m\u0171k\u00f6dtetnie, ak\u00e1r meghat\u00e1rozott funkci\u00f3kat kell v\u00e9grehajtania, ez a kapcsol\u00f3t\u00e1bla az \u00d6n \u00e1ltal elv\u00e1rt k\u00e9nyelmet \u00e9s hat\u00e9konys\u00e1got biztos\u00edtja. A prec\u00edzi\u00f3s tervez\u00e9snek k\u00f6sz\u00f6nhet\u0151en pontos \u00e9s \u00e9rz\u00e9keny kapcsol\u00f3m\u0171k\u00f6d\u00e9st biztos\u00edt, intuit\u00edv felhaszn\u00e1l\u00f3i \u00e9lm\u00e9nyt biztos\u00edtva.<\/p>\n<p>A telep\u00edt\u00e9s egyszer\u0171 a laptop eredeti alkatr\u00e9szeihez igazod\u00f3 kialak\u00edt\u00e1snak k\u00f6sz\u00f6nhet\u0151en. Az eredeti Acer alkatr\u00e9szek kiv\u00e1laszt\u00e1s\u00e1val laptopja kapcsol\u00f3funkci\u00f3inak min\u0151s\u00e9g\u00e9be \u00e9s megb\u00edzhat\u00f3s\u00e1g\u00e1ba fektet be.<\/p>\n<p>Friss\u00edtse laptopja kapcsol\u00f3m\u0171k\u00f6d\u00e9s\u00e9t az LS-2922P Acer Switch Board seg\u00edts\u00e9g\u00e9vel. \u00c9lvezze a tov\u00e1bbfejlesztett vez\u00e9rl\u00e9si \u00e9s interakci\u00f3s lehet\u0151s\u00e9geket, az \u00e9rz\u00e9keny kapcsol\u00f3m\u0171k\u00f6d\u00e9st \u00e9s a tov\u00e1bbfejlesztett felhaszn\u00e1l\u00f3i \u00e9lm\u00e9nyt Acer laptopj\u00e1n. N\u00f6velje sz\u00e1m\u00edt\u00e1stechnikai \u00e9lm\u00e9ny\u00e9t ezzel a megb\u00edzhat\u00f3 \u00e9s hat\u00e9kony kapcsol\u00f3t\u00e1bl\u00e1val.<\/p>\n<p>V\u00e1s\u00e1rl\u00e1s el\u0151tt ellen\u0151rizze, hogy kompatibilis-e az adott laptopmodellj\u00e9vel.<\/p>\n","protected":false},"excerpt":{"rendered":"<p>Az LS-2922P Acer Switch Board seg\u00edts\u00e9g\u00e9vel fokozza a kapcsol\u00f3funkci\u00f3kat Acer laptopj\u00e1n. \u00c9lvezze a tov\u00e1bbfejlesztett vez\u00e9rl\u00e9si lehet\u0151s\u00e9geket \u00e9s az intuit\u00edvabb felhaszn\u00e1l\u00f3i \u00e9lm\u00e9nyt.<\/p>\n","protected":false},"featured_media":1459,"template":"","meta":[],"product_brand":[],"product_cat":[27],"product_tag":[29],"class_list":{"0":"post-1403","1":"product","2":"type-product","3":"status-publish","4":"has-post-thumbnail","6":"product_cat-motherboards-board-parts","7":"product_tag-acer","9":"first","10":"instock","11":"taxable","12":"shipping-taxable","13":"purchasable","14":"product-type-simple"},"_links":{"self":[{"href":"https:\/\/boreait.com\/hu\/wp-json\/wp\/v2\/product\/1403","targetHints":{"allow":["GET"]}}],"collection":[{"href":"https:\/\/boreait.com\/hu\/wp-json\/wp\/v2\/product"}],"about":[{"href":"https:\/\/boreait.com\/hu\/wp-json\/wp\/v2\/types\/product"}],"wp:featuredmedia":[{"embeddable":true,"href":"https:\/\/boreait.com\/hu\/wp-json\/wp\/v2\/media\/1459"}],"wp:attachment":[{"href":"https:\/\/boreait.com\/hu\/wp-json\/wp\/v2\/media?parent=1403"}],"wp:term":[{"taxonomy":"product_brand","embeddable":true,"href":"https:\/\/boreait.com\/hu\/wp-json\/wp\/v2\/product_brand?post=1403"},{"taxonomy":"product_cat","embeddable":true,"href":"https:\/\/boreait.com\/hu\/wp-json\/wp\/v2\/product_cat?post=1403"},{"taxonomy":"product_tag","embeddable":true,"href":"https:\/\/boreait.com\/hu\/wp-json\/wp\/v2\/product_tag?post=1403"}],"curies":[{"name":"wp","href":"https:\/\/api.w.org\/{rel}","templated":true}]}}