{"id":1401,"date":"2025-09-17T10:00:48","date_gmt":"2025-09-17T08:00:48","guid":{"rendered":"https:\/\/boreait.com\/hu\/?post_type=product&#038;p=1401"},"modified":"2026-01-09T13:18:34","modified_gmt":"2026-01-09T12:18:34","slug":"hp-zbook-15-g2-hangszoro-hangszoro-734292-001","status":"publish","type":"product","link":"https:\/\/boreait.com\/hu\/termek\/hp-zbook-15-g2-hangszoro-hangszoro-734292-001\/","title":{"rendered":"HP ZBook 15 G2 hangsz\u00f3r\u00f3 hangsz\u00f3r\u00f3 734292-001"},"content":{"rendered":"<p>N\u00f6velje hang\u00e9lm\u00e9ny\u00e9t a HP ZBook 15 G2 734292-001 hangsz\u00f3r\u00f3 hangsz\u00f3r\u00f3val. A hangmin\u0151s\u00e9g \u00e9s a tisztas\u00e1g jav\u00edt\u00e1s\u00e1ra tervezett eredeti hangsz\u00f3r\u00f3 \u00faj \u00e9letet hoz HP ZBook 15 G2 laptopj\u00e1ba.<\/p>\n<p>A HP \u00e1ltal gy\u00e1rtott, megb\u00edzhat\u00f3 n\u00e9v a sz\u00e1m\u00edt\u00e1stechnik\u00e1ban, a HP ZBook 15 G2 Speaker Sound Speaker 734292-001 z\u00f6kken\u0151mentes integr\u00e1ci\u00f3t k\u00edn\u00e1l laptopj\u00e1val. A laptop audiorendszer\u00e9nek n\u00e9lk\u00fcl\u00f6zhetetlen elemek\u00e9nt ezt a hangsz\u00f3r\u00f3t \u00fagy tervezt\u00e9k, hogy tiszta \u00e9s gazdag hangz\u00e1st biztos\u00edtson, fokozva a sz\u00f3rakoz\u00e1s, a kommunik\u00e1ci\u00f3 \u00e9s a multim\u00e9di\u00e1s \u00e9lm\u00e9nyt.<\/p>\n<p>Ak\u00e1r filmeket n\u00e9z, ak\u00e1r videokonferenci\u00e1kon vesz r\u00e9szt, ak\u00e1r zen\u00e9t hallgat, ez a hangsz\u00f3r\u00f3 mag\u00e1val ragad\u00f3 hang\u00e9lm\u00e9nyt k\u00edn\u00e1l. Prec\u00edzi\u00f3s tervez\u00e9se biztos\u00edtja a pontos hangvisszaad\u00e1st, kiv\u00e9teles tisztas\u00e1got \u00e9s m\u00e9lys\u00e9get biztos\u00edtva a hangtartalomnak.<\/p>\n<p>A telep\u00edt\u00e9s egyszer\u0171 a laptop eredeti alkatr\u00e9szeihez igazod\u00f3 kialak\u00edt\u00e1snak k\u00f6sz\u00f6nhet\u0151en. Az eredeti HP alkatr\u00e9szek kiv\u00e1laszt\u00e1s\u00e1val laptopja hangteljes\u00edtm\u00e9ny\u00e9nek min\u0151s\u00e9g\u00e9be \u00e9s megb\u00edzhat\u00f3s\u00e1g\u00e1ba fektet be.<\/p>\n<p>Friss\u00edtse audiok\u00e9pess\u00e9geit a HP ZBook 15 G2 hangsz\u00f3r\u00f3 734292-001 hangsz\u00f3r\u00f3j\u00e1val. \u00c9lvezze a jobb hangmin\u0151s\u00e9get, a mag\u00e1val ragad\u00f3 hang\u00e9lm\u00e9nyt \u00e9s a tiszta kommunik\u00e1ci\u00f3t ZBook 15 G2 k\u00e9sz\u00fcl\u00e9k\u00e9n. Emelje fel a sz\u00f3rakoztat\u00e1st \u00e9s a kommunik\u00e1ci\u00f3t ezzel a megb\u00edzhat\u00f3 \u00e9s hat\u00e9kony hangsz\u00f3r\u00f3val.<\/p>\n<p>V\u00e1s\u00e1rl\u00e1s el\u0151tt ellen\u0151rizze, hogy kompatibilis-e az adott laptopmodellj\u00e9vel.<\/p>\n","protected":false},"excerpt":{"rendered":"<p>Jav\u00edtsa HP ZBook 15 G2 laptopja hangmin\u0151s\u00e9g\u00e9t a HP ZBook 15 G2 734292-001 sz\u00e1m\u00fa hangsz\u00f3r\u00f3 hangsz\u00f3r\u00f3val. \u00c9lvezze a fokozott hangtisztas\u00e1got \u00e9s m\u00e9lys\u00e9get a jobb hang\u00e9lm\u00e9ny \u00e9rdek\u00e9ben.<\/p>\n","protected":false},"featured_media":1457,"template":"","meta":[],"product_brand":[],"product_cat":[18],"product_tag":[25],"class_list":{"0":"post-1401","1":"product","2":"type-product","3":"status-publish","4":"has-post-thumbnail","6":"product_cat-laptop-speakers","7":"product_tag-hp","9":"first","10":"instock","11":"taxable","12":"shipping-taxable","13":"purchasable","14":"product-type-simple"},"_links":{"self":[{"href":"https:\/\/boreait.com\/hu\/wp-json\/wp\/v2\/product\/1401","targetHints":{"allow":["GET"]}}],"collection":[{"href":"https:\/\/boreait.com\/hu\/wp-json\/wp\/v2\/product"}],"about":[{"href":"https:\/\/boreait.com\/hu\/wp-json\/wp\/v2\/types\/product"}],"wp:featuredmedia":[{"embeddable":true,"href":"https:\/\/boreait.com\/hu\/wp-json\/wp\/v2\/media\/1457"}],"wp:attachment":[{"href":"https:\/\/boreait.com\/hu\/wp-json\/wp\/v2\/media?parent=1401"}],"wp:term":[{"taxonomy":"product_brand","embeddable":true,"href":"https:\/\/boreait.com\/hu\/wp-json\/wp\/v2\/product_brand?post=1401"},{"taxonomy":"product_cat","embeddable":true,"href":"https:\/\/boreait.com\/hu\/wp-json\/wp\/v2\/product_cat?post=1401"},{"taxonomy":"product_tag","embeddable":true,"href":"https:\/\/boreait.com\/hu\/wp-json\/wp\/v2\/product_tag?post=1401"}],"curies":[{"name":"wp","href":"https:\/\/api.w.org\/{rel}","templated":true}]}}