{"id":1399,"date":"2025-09-17T10:00:48","date_gmt":"2025-09-17T08:00:48","guid":{"rendered":"https:\/\/boreait.com\/hu\/?post_type=product&#038;p=1399"},"modified":"2026-01-07T08:58:35","modified_gmt":"2026-01-07T07:58:35","slug":"hp-zbook-15-g2-firewire-display-port-usb-kartyaolvaso-ls-9244p","status":"publish","type":"product","link":"https:\/\/boreait.com\/hu\/termek\/hp-zbook-15-g2-firewire-display-port-usb-kartyaolvaso-ls-9244p\/","title":{"rendered":"HP ZBook 15 G2 Firewire Display Port USB k\u00e1rtyaolvas\u00f3 LS-9244P"},"content":{"rendered":"<p>B\u0151v\u00edtse HP ZBook 15 G2 laptopja csatlakoztathat\u00f3s\u00e1g\u00e1t \u00e9s funkcionalit\u00e1s\u00e1t a HP ZBook 15 G2 Firewire kijelz\u0151porttal, az LS-9244P USB k\u00e1rtyaolvas\u00f3val. A laptop csatlakoztat\u00e1si lehet\u0151s\u00e9geinek optimaliz\u00e1l\u00e1s\u00e1ra tervezett eredeti k\u00e1rtyaolvas\u00f3 k\u00e1rtya z\u00f6kken\u0151mentes integr\u00e1ci\u00f3t \u00e9s tov\u00e1bbfejlesztett sokoldal\u00fas\u00e1got biztos\u00edt a jobb sz\u00e1m\u00edt\u00e1stechnikai \u00e9lm\u00e9ny \u00e9rdek\u00e9ben.<\/p>\n<p>A HP, a sz\u00e1m\u00edt\u00e1stechnika megb\u00edzhat\u00f3 vezet\u0151 gy\u00e1rt\u00f3ja \u00e1ltal gy\u00e1rtott HP ZBook 15 G2 Firewire Display Port USB k\u00e1rtyaolvas\u00f3 LS-9244P megb\u00edzhat\u00f3 csatlakoz\u00e1st \u00e9s kib\u0151v\u00edtett funkcionalit\u00e1st biztos\u00edt. A laptop bels\u0151 rendszereinek alapvet\u0151 elemek\u00e9nt ez az alaplap kulcsfontoss\u00e1g\u00fa szerepet j\u00e1tszik a csatlakoz\u00e1si lehet\u0151s\u00e9gek b\u0151v\u00edt\u00e9s\u00e9ben.<\/p>\n<p>Ak\u00e1r k\u00fcls\u0151 eszk\u00f6z\u00f6k csatlakoztat\u00e1s\u00e1ra, adatok \u00e1tvitel\u00e9re, kijelz\u0151k csatlakoztat\u00e1s\u00e1ra vagy k\u00fcl\u00f6nf\u00e9le k\u00e1rtyaform\u00e1tumok olvas\u00e1s\u00e1ra van sz\u00fcks\u00e9ge, ez a k\u00e1rtyaolvas\u00f3 k\u00e1rtya az \u00d6n \u00e1ltal elv\u00e1rt k\u00e9nyelmet \u00e9s hat\u00e9konys\u00e1got biztos\u00edtja. A Firewire, a Display Port \u00e9s az USB funkci\u00f3k egyetlen k\u00e1rty\u00e1n val\u00f3 kombin\u00e1ci\u00f3ja lehet\u0151v\u00e9 teszi a munkafolyamatok egyszer\u0171s\u00edt\u00e9s\u00e9t \u00e9s a termel\u00e9kenys\u00e9g maximaliz\u00e1l\u00e1s\u00e1t.<\/p>\n<p>A telep\u00edt\u00e9s egyszer\u0171 a laptop eredeti alkatr\u00e9szeihez igazod\u00f3 kialak\u00edt\u00e1snak k\u00f6sz\u00f6nhet\u0151en. Az eredeti HP alkatr\u00e9szek kiv\u00e1laszt\u00e1s\u00e1val laptopja csatlakoztathat\u00f3s\u00e1g\u00e1nak \u00e9s funkcionalit\u00e1s\u00e1nak min\u0151s\u00e9g\u00e9be \u00e9s megb\u00edzhat\u00f3s\u00e1g\u00e1ba fektet be.<\/p>\n<p>Friss\u00edtse laptopja csatlakoztathat\u00f3s\u00e1g\u00e1t \u00e9s funkcionalit\u00e1s\u00e1t a HP ZBook 15 G2 Firewire kijelz\u0151porttal, az LS-9244P USB-k\u00e1rtyaolvas\u00f3val. \u00c9lvezze a b\u0151v\u00edtett csatlakoz\u00e1si lehet\u0151s\u00e9geket, a sokoldal\u00fa adat\u00e1tvitelt \u00e9s a megjelen\u00edt\u00e9si lehet\u0151s\u00e9geket ZBook 15 G2 k\u00e9sz\u00fcl\u00e9k\u00e9n. N\u00f6velje sz\u00e1m\u00edt\u00e1stechnikai \u00e9lm\u00e9ny\u00e9t ezzel a megb\u00edzhat\u00f3 \u00e9s hat\u00e9kony k\u00e1rtyaolvas\u00f3 k\u00e1rty\u00e1val.<\/p>\n<p>V\u00e1s\u00e1rl\u00e1s el\u0151tt ellen\u0151rizze, hogy kompatibilis-e az adott laptopmodellj\u00e9vel.<\/p>\n","protected":false},"excerpt":{"rendered":"<p>N\u00f6velje HP ZBook 15 G2 laptop csatlakoztathat\u00f3s\u00e1g\u00e1t \u00e9s funkcionalit\u00e1s\u00e1t a HP ZBook 15 G2 Firewire kijelz\u0151porttal, az LS-9244P USB k\u00e1rtyaolvas\u00f3val. \u00c9lvezze az adat\u00e1tvitel, a kijelz\u0151csatlakoz\u00e1s \u00e9s a k\u00e1rtyaolvas\u00e1s b\u0151v\u00edtett lehet\u0151s\u00e9geit.<\/p>\n","protected":false},"featured_media":1446,"template":"","meta":[],"product_brand":[],"product_cat":[27],"product_tag":[25],"class_list":{"0":"post-1399","1":"product","2":"type-product","3":"status-publish","4":"has-post-thumbnail","6":"product_cat-motherboards-board-parts","7":"product_tag-hp","9":"first","10":"instock","11":"taxable","12":"shipping-taxable","13":"purchasable","14":"product-type-simple"},"_links":{"self":[{"href":"https:\/\/boreait.com\/hu\/wp-json\/wp\/v2\/product\/1399","targetHints":{"allow":["GET"]}}],"collection":[{"href":"https:\/\/boreait.com\/hu\/wp-json\/wp\/v2\/product"}],"about":[{"href":"https:\/\/boreait.com\/hu\/wp-json\/wp\/v2\/types\/product"}],"wp:featuredmedia":[{"embeddable":true,"href":"https:\/\/boreait.com\/hu\/wp-json\/wp\/v2\/media\/1446"}],"wp:attachment":[{"href":"https:\/\/boreait.com\/hu\/wp-json\/wp\/v2\/media?parent=1399"}],"wp:term":[{"taxonomy":"product_brand","embeddable":true,"href":"https:\/\/boreait.com\/hu\/wp-json\/wp\/v2\/product_brand?post=1399"},{"taxonomy":"product_cat","embeddable":true,"href":"https:\/\/boreait.com\/hu\/wp-json\/wp\/v2\/product_cat?post=1399"},{"taxonomy":"product_tag","embeddable":true,"href":"https:\/\/boreait.com\/hu\/wp-json\/wp\/v2\/product_tag?post=1399"}],"curies":[{"name":"wp","href":"https:\/\/api.w.org\/{rel}","templated":true}]}}