{"id":1398,"date":"2025-09-17T10:00:47","date_gmt":"2025-09-17T08:00:47","guid":{"rendered":"https:\/\/boreait.com\/hu\/?post_type=product&#038;p=1398"},"modified":"2025-09-17T10:01:58","modified_gmt":"2025-09-17T08:01:58","slug":"010172p00-gsh-g-daughterboard-hp-elitebook-8570p-soros-rs232-es-lan-kartya-2","status":"publish","type":"product","link":"https:\/\/boreait.com\/hu\/termek\/010172p00-gsh-g-daughterboard-hp-elitebook-8570p-soros-rs232-es-lan-kartya-2\/","title":{"rendered":"010172P00-GSH-G (Daughterboard) HP Elitebook 8570p soros RS232 \u00e9s LAN k\u00e1rtya"},"content":{"rendered":"<p>N\u00f6velje HP EliteBook 8570p laptopja csatlakoztathat\u00f3s\u00e1g\u00e1t \u00e9s sokoldal\u00fas\u00e1g\u00e1t a 010172P00-GSH-G Daughterboard seg\u00edts\u00e9g\u00e9vel. A laptop csatlakoz\u00e1si lehet\u0151s\u00e9geinek optimaliz\u00e1l\u00e1s\u00e1ra tervezt\u00e9k, ez az eredeti Daughterboard z\u00f6kken\u0151mentes integr\u00e1ci\u00f3t \u00e9s tov\u00e1bbfejlesztett funkcionalit\u00e1st k\u00edn\u00e1l a jobb sz\u00e1m\u00edt\u00e1stechnikai \u00e9lm\u00e9ny \u00e9rdek\u00e9ben.<\/p>\n<p>A HP EliteBook 8570p-hez gy\u00e1rtott, megb\u00edzhat\u00f3 n\u00e9v a sz\u00e1m\u00edt\u00e1stechnik\u00e1ban, a 010172P00-GSH-G Daughterboardot \u00fagy tervezt\u00e9k, hogy megb\u00edzhat\u00f3 soros RS232- \u00e9s LAN-kapcsolatot biztos\u00edtson. A laptop bels\u0151 rendszereinek alapvet\u0151 elemek\u00e9nt ez a Daughterboard kulcsszerepet j\u00e1tszik a csatlakoz\u00e1si lehet\u0151s\u00e9gek b\u0151v\u00edt\u00e9s\u00e9ben.<\/p>\n<p>Ak\u00e1r RS232 soros kommunik\u00e1ci\u00f3t, ak\u00e1r vezet\u00e9kes LAN-kapcsolatot kell l\u00e9trehoznia, ez a Daughterboard az \u00d6n \u00e1ltal elv\u00e1rt k\u00e9nyelmet \u00e9s hat\u00e9konys\u00e1got biztos\u00edtja. K\u00f6nnyen csatlakoztassa a r\u00e9gi eszk\u00f6z\u00f6ket vagy hozzon l\u00e9tre megb\u00edzhat\u00f3 helyi h\u00e1l\u00f3zati kapcsolatokat, \u00edgy ide\u00e1lis azok sz\u00e1m\u00e1ra, akik sokoldal\u00fa csatlakoz\u00e1si lehet\u0151s\u00e9geket ig\u00e9nyelnek.<\/p>\n<p>A telep\u00edt\u00e9s egyszer\u0171 a laptop eredeti alkatr\u00e9szeihez igazod\u00f3 kialak\u00edt\u00e1snak k\u00f6sz\u00f6nhet\u0151en.\u00a0 Az eredeti HP alkatr\u00e9szek kiv\u00e1laszt\u00e1s\u00e1val laptopja csatlakoz\u00e1s\u00e1nak min\u0151s\u00e9g\u00e9be \u00e9s megb\u00edzhat\u00f3s\u00e1g\u00e1ba fektet be.<\/p>\n<p>Friss\u00edtse laptopja csatlakoztathat\u00f3s\u00e1g\u00e1t a HP EliteBook 8570p 010172P00-GSH-G Daughterboard seg\u00edts\u00e9g\u00e9vel. \u00c9lvezze a kib\u0151v\u00edtett soros RS232 \u00e9s LAN k\u00e9pess\u00e9geket, az \u00e1ramvonalas kommunik\u00e1ci\u00f3t \u00e9s a sokoldal\u00fa csatlakoz\u00e1si lehet\u0151s\u00e9geket. N\u00f6velje sz\u00e1m\u00edt\u00e1stechnikai \u00e9lm\u00e9ny\u00e9t ezzel a megb\u00edzhat\u00f3 \u00e9s hat\u00e9kony Daughterboarddal.<\/p>\n<p>V\u00e1s\u00e1rl\u00e1s el\u0151tt ellen\u0151rizze, hogy kompatibilis-e az adott laptopmodellj\u00e9vel.<\/p>\n","protected":false},"excerpt":{"rendered":"<p>N\u00f6velje HP EliteBook 8570p laptopja csatlakoztathat\u00f3s\u00e1g\u00e1t a 010172P00-GSH-G Daughterboard seg\u00edts\u00e9g\u00e9vel. \u00c9lvezze a kib\u0151v\u00edtett soros RS232 \u00e9s LAN k\u00e9pess\u00e9geket a sokoldal\u00fa \u00e9s megb\u00edzhat\u00f3 kommunik\u00e1ci\u00f3 \u00e9rdek\u00e9ben.<\/p>\n","protected":false},"featured_media":1445,"template":"","meta":[],"product_brand":[],"product_cat":[27],"product_tag":[25],"class_list":{"0":"post-1398","1":"product","2":"type-product","3":"status-publish","4":"has-post-thumbnail","6":"product_cat-motherboards-board-parts","7":"product_tag-hp","9":"first","10":"instock","11":"taxable","12":"shipping-taxable","13":"purchasable","14":"product-type-simple"},"_links":{"self":[{"href":"https:\/\/boreait.com\/hu\/wp-json\/wp\/v2\/product\/1398","targetHints":{"allow":["GET"]}}],"collection":[{"href":"https:\/\/boreait.com\/hu\/wp-json\/wp\/v2\/product"}],"about":[{"href":"https:\/\/boreait.com\/hu\/wp-json\/wp\/v2\/types\/product"}],"wp:featuredmedia":[{"embeddable":true,"href":"https:\/\/boreait.com\/hu\/wp-json\/wp\/v2\/media\/1445"}],"wp:attachment":[{"href":"https:\/\/boreait.com\/hu\/wp-json\/wp\/v2\/media?parent=1398"}],"wp:term":[{"taxonomy":"product_brand","embeddable":true,"href":"https:\/\/boreait.com\/hu\/wp-json\/wp\/v2\/product_brand?post=1398"},{"taxonomy":"product_cat","embeddable":true,"href":"https:\/\/boreait.com\/hu\/wp-json\/wp\/v2\/product_cat?post=1398"},{"taxonomy":"product_tag","embeddable":true,"href":"https:\/\/boreait.com\/hu\/wp-json\/wp\/v2\/product_tag?post=1398"}],"curies":[{"name":"wp","href":"https:\/\/api.w.org\/{rel}","templated":true}]}}