{"id":1389,"date":"2025-09-17T10:00:22","date_gmt":"2025-09-17T08:00:22","guid":{"rendered":"https:\/\/boreait.com\/hu\/?post_type=product&#038;p=1389"},"modified":"2026-01-09T13:17:51","modified_gmt":"2026-01-09T12:17:51","slug":"cp57140-z4-ujjlenyomat-olvaso-a-fujitsu-lifebook-u772-notebooktol","status":"publish","type":"product","link":"https:\/\/boreait.com\/hu\/termek\/cp57140-z4-ujjlenyomat-olvaso-a-fujitsu-lifebook-u772-notebooktol\/","title":{"rendered":"CP57140-Z4 ujjlenyomat-olvas\u00f3 a Fujitsu Lifebook U772 notebookt\u00f3l"},"content":{"rendered":"<p>N\u00f6velje Fujitsu Lifebook U772 notebookja biztons\u00e1g\u00e1t \u00e9s k\u00e9nyelm\u00e9t a CP57140-Z4 ujjlenyomat-olvas\u00f3 k\u00e1rty\u00e1val. A laptop biztons\u00e1gi funkci\u00f3inak optimaliz\u00e1l\u00e1s\u00e1ra tervezett, eredeti ujjlenyomat-olvas\u00f3 k\u00e1rtya megb\u00edzhat\u00f3 biometrikus hiteles\u00edt\u00e9st \u00e9s z\u00f6kken\u0151mentes integr\u00e1ci\u00f3t biztos\u00edt a jobb sz\u00e1m\u00edt\u00e1stechnikai \u00e9lm\u00e9ny \u00e9rdek\u00e9ben.<\/p>\n<p>A Fujitsu, a sz\u00e1m\u00edt\u00e1stechnik\u00e1ban egy j\u00f3 h\u00edr\u0171 n\u00e9v \u00e1ltal tervezett CP57140-Z4 ujjlenyomat-olvas\u00f3 t\u00e1bla robusztus ujjlenyomat-felismer\u00e9si k\u00e9pess\u00e9get biztos\u00edt. A laptop biztons\u00e1gi rendszer\u00e9nek alapvet\u0151 elemek\u00e9nt ez az alaplap kritikus szerepet j\u00e1tszik az eszk\u00f6zh\u00f6z \u00e9s az adatokhoz val\u00f3 biztons\u00e1gos hozz\u00e1f\u00e9r\u00e9s biztos\u00edt\u00e1s\u00e1ban.<\/p>\n<p>Ak\u00e1r professzion\u00e1lis, aki \u0151rzi az \u00e9rz\u00e9keny inform\u00e1ci\u00f3kat, vagy olyan felhaszn\u00e1l\u00f3, aki \u00e9rt\u00e9keli a gyors \u00e9s biztons\u00e1gos bejelentkez\u00e9st, ez az ujjlenyomat-olvas\u00f3 t\u00e1bla biztos\u00edtja a sz\u00fcks\u00e9ges biztons\u00e1got \u00e9s k\u00e9nyelmet. Prec\u00edzi\u00f3s tervez\u00e9se pontos ujjlenyomat-felismer\u00e9st biztos\u00edt, tov\u00e1bbi v\u00e9delmet ny\u00fajtva az illet\u00e9ktelen hozz\u00e1f\u00e9r\u00e9s ellen.<\/p>\n<p>A telep\u00edt\u00e9s egyszer\u0171 a laptop eredeti alkatr\u00e9szeihez igazod\u00f3 kialak\u00edt\u00e1snak k\u00f6sz\u00f6nhet\u0151en. Az eredeti Fujitsu alkatr\u00e9szek kiv\u00e1laszt\u00e1s\u00e1val laptopja biztons\u00e1g\u00e1nak min\u0151s\u00e9g\u00e9be \u00e9s megb\u00edzhat\u00f3s\u00e1g\u00e1ba fektet be.<\/p>\n<p>Friss\u00edtse laptopja biztons\u00e1g\u00e1t a Fujitsu Lifebook U772 notebook CP57140-Z4 ujjlenyomat-olvas\u00f3 k\u00e1rty\u00e1j\u00e1val. \u00c9lvezze a fokozott v\u00e9delmet, a gyors \u00e9s biztons\u00e1gos bejelentkez\u00e9st, valamint a tov\u00e1bbfejlesztett biometrikus hiteles\u00edt\u00e9st Lifebook U772 k\u00e9sz\u00fcl\u00e9k\u00e9n. N\u00f6velje sz\u00e1m\u00edt\u00e1stechnikai \u00e9lm\u00e9ny\u00e9t ezzel a megb\u00edzhat\u00f3 \u00e9s hat\u00e9kony ujjlenyomat-olvas\u00f3 k\u00e1rty\u00e1val.<\/p>\n<p>V\u00e1s\u00e1rl\u00e1s el\u0151tt ellen\u0151rizze, hogy kompatibilis-e az adott laptopmodellj\u00e9vel.<\/p>\n","protected":false},"excerpt":{"rendered":"<p>N\u00f6velje Fujitsu Lifebook U772 notebookja biztons\u00e1g\u00e1t a CP57140-Z4 ujjlenyomat-olvas\u00f3 k\u00e1rty\u00e1val. \u00c9lvezze a biztons\u00e1gos \u00e9s k\u00e9nyelmes biometrikus hiteles\u00edt\u00e9st.<\/p>\n","protected":false},"featured_media":1443,"template":"","meta":[],"product_brand":[],"product_cat":[27],"product_tag":[28],"class_list":{"0":"post-1389","1":"product","2":"type-product","3":"status-publish","4":"has-post-thumbnail","6":"product_cat-motherboards-board-parts","7":"product_tag-fujitsu","9":"first","10":"instock","11":"taxable","12":"shipping-taxable","13":"purchasable","14":"product-type-simple"},"_links":{"self":[{"href":"https:\/\/boreait.com\/hu\/wp-json\/wp\/v2\/product\/1389","targetHints":{"allow":["GET"]}}],"collection":[{"href":"https:\/\/boreait.com\/hu\/wp-json\/wp\/v2\/product"}],"about":[{"href":"https:\/\/boreait.com\/hu\/wp-json\/wp\/v2\/types\/product"}],"wp:featuredmedia":[{"embeddable":true,"href":"https:\/\/boreait.com\/hu\/wp-json\/wp\/v2\/media\/1443"}],"wp:attachment":[{"href":"https:\/\/boreait.com\/hu\/wp-json\/wp\/v2\/media?parent=1389"}],"wp:term":[{"taxonomy":"product_brand","embeddable":true,"href":"https:\/\/boreait.com\/hu\/wp-json\/wp\/v2\/product_brand?post=1389"},{"taxonomy":"product_cat","embeddable":true,"href":"https:\/\/boreait.com\/hu\/wp-json\/wp\/v2\/product_cat?post=1389"},{"taxonomy":"product_tag","embeddable":true,"href":"https:\/\/boreait.com\/hu\/wp-json\/wp\/v2\/product_tag?post=1389"}],"curies":[{"name":"wp","href":"https:\/\/api.w.org\/{rel}","templated":true}]}}