{"id":1387,"date":"2025-09-17T10:00:22","date_gmt":"2025-09-17T08:00:22","guid":{"rendered":"https:\/\/boreait.com\/hu\/?post_type=product&#038;p=1387"},"modified":"2025-09-17T10:01:50","modified_gmt":"2025-09-17T08:01:50","slug":"eredeti-usb-port-kartya-kabellel-dell-latitude-e5440-ls-9833p-2","status":"publish","type":"product","link":"https:\/\/boreait.com\/hu\/termek\/eredeti-usb-port-kartya-kabellel-dell-latitude-e5440-ls-9833p-2\/","title":{"rendered":"Eredeti USB port k\u00e1rtya k\u00e1bellel &#8211; Dell Latitude E5440 &#8211; LS-9833P"},"content":{"rendered":"<p>Fokozza Dell Latitude E5440 laptopja csatlakoztathat\u00f3s\u00e1g\u00e1t az Eredeti USB-port k\u00e1bellel &#8211; Dell Latitude E5440 &#8211; LS-9833P. A laptop USB-funkci\u00f3inak optimaliz\u00e1l\u00e1s\u00e1ra tervezett eredeti USB-port k\u00e1belk\u00e9szlettel z\u00f6kken\u0151mentes integr\u00e1ci\u00f3t \u00e9s jobb haszn\u00e1lhat\u00f3s\u00e1got biztos\u00edt.<\/p>\n<p>A Dell, a sz\u00e1m\u00edt\u00e1stechnika megb\u00edzhat\u00f3 vezet\u0151j\u00e9nek sz\u00e1m\u00edt\u00f3 Eredeti USB-port k\u00e1rtya k\u00e1bellel \u2013 Dell Latitude E5440 \u2013 LS-9833P \u00fagy tervezt\u00e9k, hogy megb\u00edzhat\u00f3 \u00e9s hat\u00e9kony csatlakoz\u00e1si lehet\u0151s\u00e9geket biztos\u00edtson. A laptop bels\u0151 rendszereinek alapvet\u0151 elemek\u00e9nt ez az alaplap \u00e9s k\u00e1belk\u00e9szlet kulcsfontoss\u00e1g\u00fa szerepet j\u00e1tszik az USB-kapcsolat b\u0151v\u00edt\u00e9s\u00e9ben.<\/p>\n<p>Ak\u00e1r k\u00fcls\u0151 eszk\u00f6z\u00f6k csatlakoztat\u00e1s\u00e1ra, adatok \u00e1tvitel\u00e9re vagy perif\u00e9ri\u00e1k t\u00f6lt\u00e9s\u00e9re van sz\u00fcks\u00e9ge, ez az USB-portos k\u00e1rtya \u00e9s k\u00e1belk\u00e9szlet biztos\u00edtja a k\u00edv\u00e1nt k\u00e9nyelmet \u00e9s hat\u00e9konys\u00e1got. A rendelkez\u00e9s\u00e9re \u00e1ll\u00f3 t\u00f6bb USB-porttal k\u00f6nnyed\u00e9n elhelyezhet k\u00fcl\u00f6nf\u00e9le eszk\u00f6z\u00f6ket an\u00e9lk\u00fcl, hogy tov\u00e1bbi adapterekre vagy hubokra lenne sz\u00fcks\u00e9ge.<\/p>\n<p>A telep\u00edt\u00e9s egyszer\u0171 az OEM-kialak\u00edt\u00e1snak k\u00f6sz\u00f6nhet\u0151en, amely illeszkedik a laptop eredeti alkatr\u00e9szeihez. Az eredeti Dell alkatr\u00e9szek kiv\u00e1laszt\u00e1s\u00e1val laptopja csatlakoz\u00e1s\u00e1nak min\u0151s\u00e9g\u00e9be \u00e9s megb\u00edzhat\u00f3s\u00e1g\u00e1ba fektet be.<\/p>\n<p>Friss\u00edtse laptopja csatlakoztathat\u00f3s\u00e1g\u00e1t az Eredeti USB-port k\u00e1bellel \u2013 Dell Latitude E5440 \u2013 LS-9833P. N\u00f6velje USB-k\u00e9pess\u00e9geit, egyszer\u0171s\u00edtse a munkafolyamatokat, \u00e9s csatlakoztassa a k\u00fcls\u0151 eszk\u00f6z\u00f6ket k\u00f6nnyed\u00e9n ezzel a megb\u00edzhat\u00f3 \u00e9s hat\u00e9kony k\u00e1rtya- \u00e9s k\u00e1belk\u00e9szlettel.<\/p>\n<p>V\u00e1s\u00e1rl\u00e1s el\u0151tt ellen\u0151rizze, hogy kompatibilis-e az adott laptopmodellj\u00e9vel<\/p>\n","protected":false},"excerpt":{"rendered":"<p>B\u0151v\u00edtse Dell Latitude E5440 laptopja csatlakoztathat\u00f3s\u00e1g\u00e1t az Eredeti USB-port k\u00e1bellel &#8211; Dell Latitude E5440 &#8211; LS-9833P. N\u00f6velje az USB-k\u00e9pess\u00e9geket, \u00e9s csatlakoztasson k\u00fcls\u0151 eszk\u00f6z\u00f6ket k\u00f6nnyed\u00e9n.<\/p>\n","protected":false},"featured_media":1441,"template":"","meta":[],"product_brand":[],"product_cat":[27],"product_tag":[17],"class_list":{"0":"post-1387","1":"product","2":"type-product","3":"status-publish","4":"has-post-thumbnail","6":"product_cat-motherboards-board-parts","7":"product_tag-dell","9":"first","10":"instock","11":"taxable","12":"shipping-taxable","13":"purchasable","14":"product-type-simple"},"_links":{"self":[{"href":"https:\/\/boreait.com\/hu\/wp-json\/wp\/v2\/product\/1387","targetHints":{"allow":["GET"]}}],"collection":[{"href":"https:\/\/boreait.com\/hu\/wp-json\/wp\/v2\/product"}],"about":[{"href":"https:\/\/boreait.com\/hu\/wp-json\/wp\/v2\/types\/product"}],"wp:featuredmedia":[{"embeddable":true,"href":"https:\/\/boreait.com\/hu\/wp-json\/wp\/v2\/media\/1441"}],"wp:attachment":[{"href":"https:\/\/boreait.com\/hu\/wp-json\/wp\/v2\/media?parent=1387"}],"wp:term":[{"taxonomy":"product_brand","embeddable":true,"href":"https:\/\/boreait.com\/hu\/wp-json\/wp\/v2\/product_brand?post=1387"},{"taxonomy":"product_cat","embeddable":true,"href":"https:\/\/boreait.com\/hu\/wp-json\/wp\/v2\/product_cat?post=1387"},{"taxonomy":"product_tag","embeddable":true,"href":"https:\/\/boreait.com\/hu\/wp-json\/wp\/v2\/product_tag?post=1387"}],"curies":[{"name":"wp","href":"https:\/\/api.w.org\/{rel}","templated":true}]}}