{"id":1381,"date":"2025-09-17T09:59:57","date_gmt":"2025-09-17T07:59:57","guid":{"rendered":"https:\/\/boreait.com\/hu\/?post_type=product&#038;p=1381"},"modified":"2025-09-17T10:01:46","modified_gmt":"2025-09-17T08:01:46","slug":"hp-zbook-156-15u-oem-laptop-usb-vga-kartya-6035b0115501-kabellel","status":"publish","type":"product","link":"https:\/\/boreait.com\/hu\/termek\/hp-zbook-156-15u-oem-laptop-usb-vga-kartya-6035b0115501-kabellel\/","title":{"rendered":"HP ZBook 15,6&#8243; 15U OEM laptop USB VGA k\u00e1rtya 6035B0115501 k\u00e1bellel"},"content":{"rendered":"<p>N\u00f6velje HP ZBook 15U laptopja csatlakoztathat\u00f3s\u00e1g\u00e1t \u00e9s haszn\u00e1lhat\u00f3s\u00e1g\u00e1t a HP ZBook 15,6&#8243; 15U OEM laptop USB VGA k\u00e1rty\u00e1val, 6035B0115501 k\u00e1bellel. A laptop k\u00e9pess\u00e9geinek optimaliz\u00e1l\u00e1s\u00e1ra k\u00e9sz\u00fclt, ez az eredeti OEM k\u00e1rtya \u00e9s k\u00e1belk\u00e9szlet tov\u00e1bbfejlesztett USB \u00e9s VGA csatlakoz\u00e1si \u00e9lm\u00e9nyt biztos\u00edt.<\/p>\n<p>A HP \u00e1ltal tervezett, megb\u00edzhat\u00f3 n\u00e9v a sz\u00e1m\u00edt\u00e1stechnik\u00e1ban. A 6035B0115501 k\u00e1bellel ell\u00e1tott ZBook 15U OEM laptop USB VGA k\u00e1rtya megb\u00edzhat\u00f3 integr\u00e1ci\u00f3t biztos\u00edt ZBook 15U laptopj\u00e1val. Alapvet\u0151 elemk\u00e9nt ez a k\u00e1rtya- \u00e9s k\u00e1belk\u00e9szlet kib\u0151v\u00edti laptopja csatlakoz\u00e1si lehet\u0151s\u00e9geit, lehet\u0151v\u00e9 t\u00e9ve k\u00fcl\u00f6nf\u00e9le USB-eszk\u00f6z\u00f6k \u00e9s k\u00fcls\u0151 kijelz\u0151k egyszer\u0171 csatlakoztat\u00e1s\u00e1t.<\/p>\n<p>Ak\u00e1r profi, akinek sokoldal\u00fa csatlakoztathat\u00f3s\u00e1gra van sz\u00fcks\u00e9ge prezent\u00e1ci\u00f3khoz \u00e9s adat\u00e1tvitelhez, vagy olyan felhaszn\u00e1l\u00f3, aki \u00e9rt\u00e9keli a b\u0151v\u00edtett USB-portokat, ez az alaplap- \u00e9s k\u00e1belk\u00e9szlet jav\u00edtja a laptop \u00e9lm\u00e9ny\u00e9t. A VGA port lehet\u0151v\u00e9 teszi, hogy laptopj\u00e1t k\u00fcls\u0151 monitorokhoz, kivet\u00edt\u0151kh\u00f6z \u00e9s kijelz\u0151kh\u00f6z csatlakoztassa, n\u00f6velve ezzel a munkater\u00fcletet \u00e9s a termel\u00e9kenys\u00e9get.<\/p>\n<p>A telep\u00edt\u00e9s egyszer\u0171 az OEM-kialak\u00edt\u00e1snak k\u00f6sz\u00f6nhet\u0151en, amely illeszkedik a laptop eredeti alkatr\u00e9szeihez.\u00a0 Az eredeti HP alkatr\u00e9szek kiv\u00e1laszt\u00e1s\u00e1val laptopja b\u0151v\u00edtett csatlakoztathat\u00f3s\u00e1g\u00e1nak min\u0151s\u00e9g\u00e9be \u00e9s megb\u00edzhat\u00f3s\u00e1g\u00e1ba fektet be.<\/p>\n<p>Friss\u00edtse laptopja k\u00e9pess\u00e9geit a HP ZBook 15,6&#8243; 15U OEM laptop USB VGA k\u00e1rty\u00e1val 6035B0115501 k\u00e1bellel. N\u00f6velje csatlakoz\u00e1si lehet\u0151s\u00e9geit, egyszer\u0171s\u00edtse a munkafolyamatokat, \u00e9s b\u0151v\u00edtse ki a kijelz\u0151 k\u00e9pess\u00e9geit ezzel a megb\u00edzhat\u00f3 \u00e9s hat\u00e9kony k\u00e1rtya- \u00e9s k\u00e1belk\u00e9szlettel.<\/p>\n<p>V\u00e1s\u00e1rl\u00e1s el\u0151tt ellen\u0151rizze, hogy kompatibilis-e az adott laptopmodellj\u00e9vel.<\/p>\n","protected":false},"excerpt":{"rendered":"<p>Friss\u00edtse HP ZBook 15U laptopj\u00e1t a HP ZBook 15,6&#8243; 15U OEM laptop USB VGA k\u00e1rty\u00e1val 6035B0115501 k\u00e1bellel. N\u00f6velje a csatlakoztathat\u00f3s\u00e1got, b\u0151v\u00edtse ki az USB-portokat \u00e9s b\u0151v\u00edtse a megjelen\u00edt\u00e9si lehet\u0151s\u00e9geket a jobb haszn\u00e1lhat\u00f3s\u00e1g \u00e9rdek\u00e9ben.<\/p>\n","protected":false},"featured_media":1439,"template":"","meta":[],"product_brand":[],"product_cat":[27],"product_tag":[25],"class_list":{"0":"post-1381","1":"product","2":"type-product","3":"status-publish","4":"has-post-thumbnail","6":"product_cat-motherboards-board-parts","7":"product_tag-hp","9":"first","10":"instock","11":"taxable","12":"shipping-taxable","13":"purchasable","14":"product-type-simple"},"_links":{"self":[{"href":"https:\/\/boreait.com\/hu\/wp-json\/wp\/v2\/product\/1381","targetHints":{"allow":["GET"]}}],"collection":[{"href":"https:\/\/boreait.com\/hu\/wp-json\/wp\/v2\/product"}],"about":[{"href":"https:\/\/boreait.com\/hu\/wp-json\/wp\/v2\/types\/product"}],"wp:featuredmedia":[{"embeddable":true,"href":"https:\/\/boreait.com\/hu\/wp-json\/wp\/v2\/media\/1439"}],"wp:attachment":[{"href":"https:\/\/boreait.com\/hu\/wp-json\/wp\/v2\/media?parent=1381"}],"wp:term":[{"taxonomy":"product_brand","embeddable":true,"href":"https:\/\/boreait.com\/hu\/wp-json\/wp\/v2\/product_brand?post=1381"},{"taxonomy":"product_cat","embeddable":true,"href":"https:\/\/boreait.com\/hu\/wp-json\/wp\/v2\/product_cat?post=1381"},{"taxonomy":"product_tag","embeddable":true,"href":"https:\/\/boreait.com\/hu\/wp-json\/wp\/v2\/product_tag?post=1381"}],"curies":[{"name":"wp","href":"https:\/\/api.w.org\/{rel}","templated":true}]}}