{"id":1380,"date":"2025-09-17T09:59:57","date_gmt":"2025-09-17T07:59:57","guid":{"rendered":"https:\/\/boreait.com\/hu\/?post_type=product&#038;p=1380"},"modified":"2025-09-17T10:01:43","modified_gmt":"2025-09-17T08:01:43","slug":"cn-03kj1t-for-dell-latitude-7250-e7250-hangszoro-hangszoro-pk23000oh00-2","status":"publish","type":"product","link":"https:\/\/boreait.com\/hu\/termek\/cn-03kj1t-for-dell-latitude-7250-e7250-hangszoro-hangszoro-pk23000oh00-2\/","title":{"rendered":"CN-03KJ1T FOR Dell Latitude 7250 E7250 Hangsz\u00f3r\u00f3 Hangsz\u00f3r\u00f3 PK23000OH00"},"content":{"rendered":"<p>Jav\u00edtsa Dell Latitude 7250 E7250 laptopja hangteljes\u00edtm\u00e9ny\u00e9t a CN-03KJ1T PK23000OH00 hangsz\u00f3r\u00f3val. Ez az eredeti Dell hangsz\u00f3r\u00f3 jobb hangmin\u0151s\u00e9get \u00e9s tisztas\u00e1got k\u00edn\u00e1l, hogy fokozza a hang\u00e9lm\u00e9nyt.<\/p>\n<p>A Dell \u00e1ltal tervezett, megb\u00edzhat\u00f3 n\u00e9v a sz\u00e1m\u00edt\u00e1stechnik\u00e1ban, a CN-03KJ1T PK23000OH00 hangsz\u00f3r\u00f3 z\u00f6kken\u0151mentes integr\u00e1ci\u00f3t biztos\u00edt Latitude 7250 E7250 laptopj\u00e1val. Alapvet\u0151 audiokomponensk\u00e9nt ezt a hangsz\u00f3r\u00f3t \u00fagy tervezt\u00e9k, hogy tiszta \u00e9s gazdag hangz\u00e1st biztos\u00edtson sz\u00f3rakoztat\u00e1si, kommunik\u00e1ci\u00f3s \u00e9s multim\u00e9di\u00e1s ig\u00e9nyeihez.<\/p>\n<p>Ak\u00e1r kedvenc filmjeit streameli, videokonferenci\u00e1kon vesz r\u00e9szt, ak\u00e1r zenei gy\u0171jtem\u00e9ny\u00e9t \u00e9lvezi, a CN-03KJ1T hangsz\u00f3r\u00f3 jav\u00edtja a hang\u00e9lm\u00e9nyt. Prec\u00edzi\u00f3s tervez\u00e9se optimaliz\u00e1lja a hangkimenetet, \u00edgy minden r\u00e9szletet kiv\u00e9teles tisztas\u00e1ggal hallhat.<\/p>\n<p>A telep\u00edt\u00e9s egyszer\u0171, k\u00f6sz\u00f6nhet\u0151en a Dell Latitude 7250 E7250 eredeti hangsz\u00f3r\u00f3j\u00e1hoz ill\u0151 OEM-kialak\u00edt\u00e1snak. Az eredeti Dell alkatr\u00e9szek kiv\u00e1laszt\u00e1s\u00e1val laptopja hangteljes\u00edtm\u00e9ny\u00e9nek min\u0151s\u00e9g\u00e9be \u00e9s megb\u00edzhat\u00f3s\u00e1g\u00e1ba fektet be.<\/p>\n<p>Friss\u00edtse laptopja audiok\u00e9pess\u00e9geit a CN-03KJ1T PK23000OH00 hangsz\u00f3r\u00f3val. N\u00f6velje sz\u00f3rakoztat\u00f3 \u00e9s kommunik\u00e1ci\u00f3s \u00e9lm\u00e9ny\u00e9t a Dell Latitude 7250 E7250 jobb hangmin\u0151s\u00e9g\u00e9vel. \u00c9lvezze a filmeket, a zen\u00e9t \u00e9s a h\u00edv\u00e1sokat fokozott hangtisztas\u00e1ggal ezzel a megb\u00edzhat\u00f3 \u00e9s hat\u00e9kony hangsz\u00f3r\u00f3val.<\/p>\n<p>V\u00e1s\u00e1rl\u00e1s el\u0151tt ellen\u0151rizze, hogy kompatibilis-e az adott laptopmodellj\u00e9vel.<\/p>\n","protected":false},"excerpt":{"rendered":"<p>Jav\u00edtsa Dell Latitude 7250 E7250 laptopja hangteljes\u00edtm\u00e9ny\u00e9t a CN-03KJ1T PK23000OH00 hangsz\u00f3r\u00f3val. Ez az eredeti Dell hangsz\u00f3r\u00f3 jobb hangmin\u0151s\u00e9get \u00e9s tisztas\u00e1got k\u00edn\u00e1l, hogy fokozza a hang\u00e9lm\u00e9nyt.<\/p>\n","protected":false},"featured_media":1438,"template":"","meta":[],"product_brand":[],"product_cat":[18],"product_tag":[17],"class_list":{"0":"post-1380","1":"product","2":"type-product","3":"status-publish","4":"has-post-thumbnail","6":"product_cat-laptop-speakers","7":"product_tag-dell","9":"first","10":"instock","11":"taxable","12":"shipping-taxable","13":"purchasable","14":"product-type-simple"},"_links":{"self":[{"href":"https:\/\/boreait.com\/hu\/wp-json\/wp\/v2\/product\/1380","targetHints":{"allow":["GET"]}}],"collection":[{"href":"https:\/\/boreait.com\/hu\/wp-json\/wp\/v2\/product"}],"about":[{"href":"https:\/\/boreait.com\/hu\/wp-json\/wp\/v2\/types\/product"}],"wp:featuredmedia":[{"embeddable":true,"href":"https:\/\/boreait.com\/hu\/wp-json\/wp\/v2\/media\/1438"}],"wp:attachment":[{"href":"https:\/\/boreait.com\/hu\/wp-json\/wp\/v2\/media?parent=1380"}],"wp:term":[{"taxonomy":"product_brand","embeddable":true,"href":"https:\/\/boreait.com\/hu\/wp-json\/wp\/v2\/product_brand?post=1380"},{"taxonomy":"product_cat","embeddable":true,"href":"https:\/\/boreait.com\/hu\/wp-json\/wp\/v2\/product_cat?post=1380"},{"taxonomy":"product_tag","embeddable":true,"href":"https:\/\/boreait.com\/hu\/wp-json\/wp\/v2\/product_tag?post=1380"}],"curies":[{"name":"wp","href":"https:\/\/api.w.org\/{rel}","templated":true}]}}