{"id":1379,"date":"2025-09-17T09:59:57","date_gmt":"2025-09-17T07:59:57","guid":{"rendered":"https:\/\/boreait.com\/hu\/?post_type=product&#038;p=1379"},"modified":"2026-01-07T08:58:18","modified_gmt":"2026-01-07T07:58:18","slug":"ls-a902p-dell-latitude-e7450-ujjlenyomat-nfc-rf-vezerlo-alaplap","status":"publish","type":"product","link":"https:\/\/boreait.com\/hu\/termek\/ls-a902p-dell-latitude-e7450-ujjlenyomat-nfc-rf-vezerlo-alaplap\/","title":{"rendered":"LS-A902P Dell Latitude E7450 Ujjlenyomat NFC RF vez\u00e9rl\u0151 alaplap"},"content":{"rendered":"<p>N\u00f6velje Dell Latitude E7450 laptopja k\u00e9pess\u00e9geit az LS-A902P Fingerprint NFC RF Control Daughterboard seg\u00edts\u00e9g\u00e9vel. Ez az eredeti vez\u00e9rl\u0151k\u00e1rtya \u00fagy lett kialak\u00edtva, hogy fokozza laptopja biztons\u00e1gi \u00e9s k\u00e9nyelmi funkci\u00f3it, az ujjlenyomat-felismer\u00e9s \u00e9s az NFC-funkci\u00f3k optimaliz\u00e1l\u00e1s\u00e1ra \u00f6sszpontos\u00edtva.<\/p>\n<p>A sz\u00e1m\u00edt\u00e1stechnika megb\u00edzhat\u00f3 vezet\u0151j\u00e9nek sz\u00e1m\u00edt\u00f3 Dell \u00e1ltal tervezett LS-A902P vez\u00e9rl\u0151elem z\u00f6kken\u0151mentes integr\u00e1ci\u00f3t k\u00edn\u00e1l Latitude E7450 k\u00e9sz\u00fcl\u00e9k\u00e9vel. A laptop biztons\u00e1gi \u00e9s kapcsol\u00f3d\u00e1si rendszer\u00e9nek kulcsfontoss\u00e1g\u00fa elemek\u00e9nt ez a kieg\u00e9sz\u00edt\u0151 alaplap fontos szerepet j\u00e1tszik a felhaszn\u00e1l\u00f3i hiteles\u00edt\u00e9s \u00e9s az NFC technol\u00f3gi\u00e1n kereszt\u00fcli adatmegoszt\u00e1s jav\u00edt\u00e1s\u00e1ban.<\/p>\n<p>Az ujjlenyomat-felismer\u0151 funkci\u00f3 tov\u00e1bbi biztons\u00e1gi r\u00e9teget biztos\u00edt az\u00e1ltal, hogy gyors \u00e9s biztons\u00e1gos hozz\u00e1f\u00e9r\u00e9st tesz lehet\u0151v\u00e9 laptopj\u00e1hoz. Az NFC (Near Field Communication) technol\u00f3gia haszn\u00e1lat\u00e1val k\u00f6nnyed\u00e9n cser\u00e9lhet adatot a kompatibilis eszk\u00f6z\u00f6kkel, egyszer\u0171en csak k\u00f6zel hozza azokat laptopj\u00e1hoz. Legyen sz\u00f3 ak\u00e1r az adatbiztons\u00e1ggal foglalkoz\u00f3 szakemberr\u0151l, ak\u00e1r a k\u00e9nyelmet \u00e9rt\u00e9kel\u0151 felhaszn\u00e1l\u00f3r\u00f3l, ez a kieg\u00e9sz\u00edt\u0151 t\u00e1bla jav\u00edtja a laptop \u00e9lm\u00e9ny\u00e9t.<\/p>\n<p>A telep\u00edt\u00e9s egyszer\u0171 a le\u00e1nylap OEM-kialak\u00edt\u00e1s\u00e1nak k\u00f6sz\u00f6nhet\u0151en, amely illeszkedik a Dell Latitude E7450 eredeti \u00f6sszetev\u0151ihez. V\u00e1lasszon eredeti Dell alkatr\u00e9szeket, hogy biztos\u00edtsa laptopja tov\u00e1bbfejlesztett funkci\u00f3inak hossz\u00fa \u00e9lettartam\u00e1t \u00e9s megb\u00edzhat\u00f3s\u00e1g\u00e1t.<\/p>\n<p>Friss\u00edtse laptopja k\u00e9pess\u00e9geit az LS-A902P Fingerprint NFC RF Control Daughterboard seg\u00edts\u00e9g\u00e9vel. N\u00f6velje a biztons\u00e1got, a k\u00e9nyelmet \u00e9s a csatlakoztathat\u00f3s\u00e1got Dell Latitude E7450 k\u00e9sz\u00fcl\u00e9k\u00e9n. N\u00f6velje felhaszn\u00e1l\u00f3i \u00e9lm\u00e9ny\u00e9t ezzel a megb\u00edzhat\u00f3 \u00e9s hat\u00e9kony vez\u00e9rl\u0151panellel, amelyet laptopja funkci\u00f3inak optimaliz\u00e1l\u00e1s\u00e1ra terveztek.<\/p>\n<p>V\u00e1s\u00e1rl\u00e1s el\u0151tt ellen\u0151rizze, hogy kompatibilis-e az adott laptopmodellj\u00e9vel.<\/p>\n","protected":false},"excerpt":{"rendered":"<p>Friss\u00edtse Dell Latitude E7450 laptopj\u00e1t az LS-A902P ujjlenyomat NFC RF Control Daughterboard seg\u00edts\u00e9g\u00e9vel. N\u00f6velje a biztons\u00e1got \u00e9s a k\u00e9nyelmet ezzel az eredeti vez\u00e9rl\u0151panellel, amelyet az ujjlenyomat- \u00e9s NFC-funkci\u00f3k optimaliz\u00e1l\u00e1s\u00e1ra terveztek.<\/p>\n","protected":false},"featured_media":1428,"template":"","meta":[],"product_brand":[],"product_cat":[27],"product_tag":[17],"class_list":{"0":"post-1379","1":"product","2":"type-product","3":"status-publish","4":"has-post-thumbnail","6":"product_cat-motherboards-board-parts","7":"product_tag-dell","9":"first","10":"instock","11":"taxable","12":"shipping-taxable","13":"purchasable","14":"product-type-simple"},"_links":{"self":[{"href":"https:\/\/boreait.com\/hu\/wp-json\/wp\/v2\/product\/1379","targetHints":{"allow":["GET"]}}],"collection":[{"href":"https:\/\/boreait.com\/hu\/wp-json\/wp\/v2\/product"}],"about":[{"href":"https:\/\/boreait.com\/hu\/wp-json\/wp\/v2\/types\/product"}],"wp:featuredmedia":[{"embeddable":true,"href":"https:\/\/boreait.com\/hu\/wp-json\/wp\/v2\/media\/1428"}],"wp:attachment":[{"href":"https:\/\/boreait.com\/hu\/wp-json\/wp\/v2\/media?parent=1379"}],"wp:term":[{"taxonomy":"product_brand","embeddable":true,"href":"https:\/\/boreait.com\/hu\/wp-json\/wp\/v2\/product_brand?post=1379"},{"taxonomy":"product_cat","embeddable":true,"href":"https:\/\/boreait.com\/hu\/wp-json\/wp\/v2\/product_cat?post=1379"},{"taxonomy":"product_tag","embeddable":true,"href":"https:\/\/boreait.com\/hu\/wp-json\/wp\/v2\/product_tag?post=1379"}],"curies":[{"name":"wp","href":"https:\/\/api.w.org\/{rel}","templated":true}]}}