{"id":1376,"date":"2025-09-17T09:59:56","date_gmt":"2025-09-17T07:59:56","guid":{"rendered":"https:\/\/boreait.com\/hu\/?post_type=product&#038;p=1376"},"modified":"2026-01-07T08:57:58","modified_gmt":"2026-01-07T07:57:58","slug":"eredeti-oem-dell-latitude-e7440-vezerlokartya-05xkjw-ls-9596p-kabel","status":"publish","type":"product","link":"https:\/\/boreait.com\/hu\/termek\/eredeti-oem-dell-latitude-e7440-vezerlokartya-05xkjw-ls-9596p-kabel\/","title":{"rendered":"Eredeti OEM Dell Latitude E7440 vez\u00e9rl\u0151k\u00e1rtya + 05XKJW \u200b\u200bLS-9596P k\u00e1bel"},"content":{"rendered":"<p>N\u00f6velje Dell Latitude E7440 laptopja k\u00e9pess\u00e9geit a 05XKJW \u200b\u200bLS-9596P cikksz\u00e1m\u00fa eredeti Dell Latitude E7440 vez\u00e9rl\u0151panellel \u00e9s k\u00e1bellel. Ezt az autentikus vez\u00e9rl\u0151panelt \u00e9s k\u00e1belk\u00e9szletet \u00fagy tervezt\u00e9k, hogy jav\u00edtsa laptopja funkcionalit\u00e1s\u00e1t \u00e9s \u00e1ltal\u00e1nos teljes\u00edtm\u00e9ny\u00e9t.<\/p>\n<p>A Dell \u00e1ltal megalkotott, megb\u00edzhat\u00f3 n\u00e9v a sz\u00e1m\u00edt\u00e1stechnik\u00e1ban, ez a vez\u00e9rl\u0151panel \u00e9s k\u00e1belk\u00e9szlet egy eredeti OEM term\u00e9k, amely biztos\u00edtja a kompatibilit\u00e1st \u00e9s a z\u00f6kken\u0151mentes integr\u00e1ci\u00f3t Dell Latitude E7440 laptopj\u00e1val. A laptop bels\u0151 rendszereinek kulcsfontoss\u00e1g\u00fa elemek\u00e9nt ez a vez\u00e9rl\u0151panel \u00e9s k\u00e1belk\u00e9szlet kulcsfontoss\u00e1g\u00fa szerepet j\u00e1tszik a zavartalan m\u0171k\u00f6d\u00e9s \u00e9s az optim\u00e1lis csatlakoztathat\u00f3s\u00e1g fenntart\u00e1s\u00e1ban.<\/p>\n<p>A mell\u00e9kelt k\u00e1bellel biztos\u00edthatja, hogy minden sz\u00fcks\u00e9ges csatlakoz\u00e1s biztons\u00e1gosan \u00e9s hat\u00e9konyan l\u00e9trej\u00f6jj\u00f6n. Ezt a k\u00e1belt \u00fagy tervezt\u00e9k, hogy megk\u00f6nny\u00edtse a kommunik\u00e1ci\u00f3t a laptop k\u00fcl\u00f6nb\u00f6z\u0151 alkatr\u00e9szei k\u00f6z\u00f6tt, hozz\u00e1j\u00e1rulva annak \u00e1ltal\u00e1nos teljes\u00edtm\u00e9ny\u00e9hez \u00e9s v\u00e1laszk\u00e9szs\u00e9g\u00e9hez. Legyen sz\u00f3 profir\u00f3l, aki a laptopj\u00e1ra t\u00e1maszkodik munk\u00e1ja sor\u00e1n, vagy di\u00e1k, akinek megb\u00edzhat\u00f3 sz\u00e1m\u00edt\u00e1stechnik\u00e1ra van sz\u00fcks\u00e9ge tanulm\u00e1nyaihoz, ez a vez\u00e9rl\u0151panel \u00e9s k\u00e1belk\u00e9szlet biztos\u00edtja a sz\u00fcks\u00e9ges alapvet\u0151 t\u00e1mogat\u00e1st.<\/p>\n<p>A telep\u00edt\u00e9s egyszer\u0171, k\u00f6sz\u00f6nhet\u0151en az OEM-kialak\u00edt\u00e1snak, amely illeszkedik a Dell Latitude E7440 eredeti \u00f6sszetev\u0151ihez. Az eredeti Dell alkatr\u00e9szek kiv\u00e1laszt\u00e1s\u00e1val laptopja hossz\u00fa \u00e9lettartam\u00e1ba \u00e9s megb\u00edzhat\u00f3s\u00e1g\u00e1ba fektet be.<\/p>\n<p>Friss\u00edtse sz\u00e1m\u00edt\u00e1stechnikai \u00e9lm\u00e9ny\u00e9t az Eredeti OEM Dell Latitude E7440 vez\u00e9rl\u0151k\u00e1rty\u00e1val \u00e9s k\u00e1bellel, cikksz\u00e1m: 05XKJW \u200b\u200bLS-9596P. Optimaliz\u00e1lja laptopja teljes\u00edtm\u00e9ny\u00e9t, csatlakoztathat\u00f3s\u00e1g\u00e1t \u00e9s reakci\u00f3k\u00e9szs\u00e9g\u00e9t ezzel a kiv\u00e1l\u00f3 min\u0151s\u00e9g\u0171 vez\u00e9rl\u0151panellel \u00e9s k\u00e1belk\u00e9szlettel. Tegye b\u00f6lcs d\u00f6nt\u00e9st az eredeti Dell alkatr\u00e9szek kiv\u00e1laszt\u00e1s\u00e1val, hogy laptopja tov\u00e1bbra is az elv\u00e1rt teljes\u00edtm\u00e9nyt ny\u00fajtsa.<\/p>\n<p>Megjegyz\u00e9s: V\u00e1s\u00e1rl\u00e1s el\u0151tt ellen\u0151rizze, hogy kompatibilis-e az adott laptopmodellj\u00e9vel.<\/p>\n","protected":false},"excerpt":{"rendered":"<p>Friss\u00edtse Dell Latitude E7440 laptopj\u00e1t az eredeti OEM Dell vez\u00e9rl\u0151panellel \u00e9s k\u00e1bellel. N\u00f6velje a funkcionalit\u00e1st \u00e9s biztos\u00edtsa az optim\u00e1lis teljes\u00edtm\u00e9nyt ezzel az autentikus vez\u00e9rl\u0151k\u00e1rty\u00e1val \u00e9s k\u00e1belk\u00e9szlettel.<\/p>\n","protected":false},"featured_media":1425,"template":"","meta":[],"product_brand":[],"product_cat":[27],"product_tag":[17],"class_list":{"0":"post-1376","1":"product","2":"type-product","3":"status-publish","4":"has-post-thumbnail","6":"product_cat-motherboards-board-parts","7":"product_tag-dell","9":"first","10":"instock","11":"taxable","12":"shipping-taxable","13":"purchasable","14":"product-type-simple"},"_links":{"self":[{"href":"https:\/\/boreait.com\/hu\/wp-json\/wp\/v2\/product\/1376","targetHints":{"allow":["GET"]}}],"collection":[{"href":"https:\/\/boreait.com\/hu\/wp-json\/wp\/v2\/product"}],"about":[{"href":"https:\/\/boreait.com\/hu\/wp-json\/wp\/v2\/types\/product"}],"wp:featuredmedia":[{"embeddable":true,"href":"https:\/\/boreait.com\/hu\/wp-json\/wp\/v2\/media\/1425"}],"wp:attachment":[{"href":"https:\/\/boreait.com\/hu\/wp-json\/wp\/v2\/media?parent=1376"}],"wp:term":[{"taxonomy":"product_brand","embeddable":true,"href":"https:\/\/boreait.com\/hu\/wp-json\/wp\/v2\/product_brand?post=1376"},{"taxonomy":"product_cat","embeddable":true,"href":"https:\/\/boreait.com\/hu\/wp-json\/wp\/v2\/product_cat?post=1376"},{"taxonomy":"product_tag","embeddable":true,"href":"https:\/\/boreait.com\/hu\/wp-json\/wp\/v2\/product_tag?post=1376"}],"curies":[{"name":"wp","href":"https:\/\/api.w.org\/{rel}","templated":true}]}}