{"id":1375,"date":"2025-09-17T09:59:56","date_gmt":"2025-09-17T07:59:56","guid":{"rendered":"https:\/\/boreait.com\/hu\/?post_type=product&#038;p=1375"},"modified":"2026-01-14T09:08:43","modified_gmt":"2026-01-14T08:08:43","slug":"hp-2760p-8460w-8760w-2560-8460p-f5521-hs2340-mobil-szelessavu-3g-kartya-632155-001","status":"publish","type":"product","link":"https:\/\/boreait.com\/hu\/termek\/hp-2760p-8460w-8760w-2560-8460p-f5521-hs2340-mobil-szelessavu-3g-kartya-632155-001\/","title":{"rendered":"HP 2760P 8460W 8760W 2560 8460P F5521 HS2340 mobil sz\u00e9less\u00e1v\u00fa 3G k\u00e1rtya 632155-001"},"content":{"rendered":"<p>B\u0151v\u00edtse laptopja csatlakoztathat\u00f3s\u00e1g\u00e1t a HP 2760P 8460W 8760W 2560 8460P F5521 HS2340 mobil sz\u00e9less\u00e1v\u00fa 3G k\u00e1rtya 632155-001 seg\u00edts\u00e9g\u00e9vel. Ez az eredeti HP mobil sz\u00e9less\u00e1v\u00fa k\u00e1rtya z\u00f6kken\u0151mentes \u00e9s megb\u00edzhat\u00f3 megold\u00e1st k\u00edn\u00e1l az \u00fatk\u00f6zbeni kapcsolattart\u00e1sra, hogy nagy sebess\u00e9g\u0171 3G-k\u00e9pess\u00e9geket biztos\u00edtson laptopj\u00e1nak.<\/p>\n<p>Ak\u00e1r gyakran utaz\u00f3 szakember, ak\u00e1r di\u00e1k, akinek az otthon\u00e1n vagy az irod\u00e1n k\u00edv\u00fcl is produkt\u00edvnak kell maradnia, ez a mobil sz\u00e9less\u00e1v\u00fa k\u00e1rtya szabads\u00e1got biztos\u00edt az internethez \u00e9s az online forr\u00e1sokhoz, b\u00e1rhol is van. A HP sz\u00e1mos laptopmodellj\u00e9vel, k\u00f6zt\u00fck a 2760P, 8460W, 8760W, 2560 \u00e9s 8460P kompatibilit\u00e1s\u00e1val k\u00f6nnyed\u00e9n jav\u00edthatja laptopja csatlakoztathat\u00f3s\u00e1g\u00e1t a teljes\u00edtm\u00e9ny cs\u00f6kken\u00e9se n\u00e9lk\u00fcl.<\/p>\n<p>Az F5521 HS2340 mobil sz\u00e9less\u00e1v\u00fa k\u00e1rtya fejlett technol\u00f3gi\u00e1val b\u00fcszk\u00e9lkedhet, amely stabil \u00e9s gyors 3G kapcsolatot biztos\u00edt. B\u00f6ng\u00e9sszen az interneten, k\u00fcldj\u00f6n e-maileket \u00e9s vegyen r\u00e9szt videokonferenci\u00e1kon k\u00f6nnyed\u00e9n, mik\u00f6zben egyenletes \u00e9s megb\u00edzhat\u00f3 h\u00e1l\u00f3zati teljes\u00edtm\u00e9nyt \u00e9lvez. Ezzel a k\u00e1rty\u00e1val l\u00e9p\u00e9st tarthat a munkahelyi feladataival, egy\u00fcttm\u0171k\u00f6dhet koll\u00e9g\u00e1ival, \u00e9s kapcsolatban maradhat bar\u00e1taival \u00e9s csal\u00e1dj\u00e1val, m\u00e9g akkor is, ha a hagyom\u00e1nyos Wi-Fi h\u00e1l\u00f3zatok el\u00e9rhetetlenek.<\/p>\n<p>A telep\u00edt\u00e9s gyerekj\u00e1t\u00e9k a HP 2760P 8460W 8760W 2560 8460P F5521 HS2340 mobil sz\u00e9less\u00e1v\u00fa 3G k\u00e1rtya felhaszn\u00e1l\u00f3bar\u00e1t kialak\u00edt\u00e1s\u00e1nak k\u00f6sz\u00f6nhet\u0151en. A telep\u00edt\u00e9st k\u00f6vet\u0151en aktiv\u00e1lhatja \u00e9s konfigur\u00e1lhatja a mobil sz\u00e9less\u00e1v\u00fa be\u00e1ll\u00edt\u00e1sokat, mik\u00f6zben m\u00e9g az \u00d6n preferenci\u00e1i szerint is konfigur\u00e1lhatja a mobil sz\u00e9less\u00e1v\u00fa be\u00e1ll\u00edt\u00e1sokat.<\/p>\n<p>Fefektessen be a HP 2760P 8460W 8760W 2560 8460P F5521 HS2340 mobil sz\u00e9less\u00e1v\u00fa 3G k\u00e1rtya 632155-001-be, \u00e9s \u00e9lvezze a fokozott mobilit\u00e1s, termel\u00e9kenys\u00e9g \u00e9s csatlakoz\u00e1s el\u0151nyeit. Maradjon a kanyarban az\u00e1ltal, hogy laptopj\u00e1t ezzel a megb\u00edzhat\u00f3 \u00e9s hat\u00e9kony mobil sz\u00e9less\u00e1v\u00fa megold\u00e1ssal szereli fel, \u00e9s gondoskodjon arr\u00f3l, hogy mindig kapcsolatban legyen, b\u00e1rhov\u00e1 is viszi az utaz\u00e1sa Eur\u00f3p\u00e1ban.<\/p>\n<p>Megjegyz\u00e9s: V\u00e1s\u00e1rl\u00e1s el\u0151tt gy\u0151z\u0151dj\u00f6n meg arr\u00f3l, hogy kompatibilis az adott laptopmodellj\u00e9vel.<\/p>\n","protected":false},"excerpt":{"rendered":"<p>Fokozza laptopja csatlakoztathat\u00f3s\u00e1g\u00e1t a HP 2760P 8460W 8760W 2560 8460P F5521 HS2340 mobil sz\u00e9less\u00e1v\u00fa 3G k\u00e1rty\u00e1val. Maradjon kapcsolatban \u00fatk\u00f6zben is a nagy sebess\u00e9g\u0171 3G k\u00e9pess\u00e9gekkel, biztos\u00edtva a z\u00f6kken\u0151mentes b\u00f6ng\u00e9sz\u00e9st \u00e9s kommunik\u00e1ci\u00f3t. Friss\u00edtse laptopj\u00e1t ezzel az eredeti HP mobil sz\u00e9less\u00e1v\u00fa k\u00e1rty\u00e1val a jobb mobilit\u00e1s \u00e9s termel\u00e9kenys\u00e9g \u00e9rdek\u00e9ben.<\/p>\n","protected":false},"featured_media":1424,"template":"","meta":[],"product_brand":[],"product_cat":[27],"product_tag":[25],"class_list":{"0":"post-1375","1":"product","2":"type-product","3":"status-publish","4":"has-post-thumbnail","6":"product_cat-motherboards-board-parts","7":"product_tag-hp","9":"first","10":"instock","11":"taxable","12":"shipping-taxable","13":"purchasable","14":"product-type-simple"},"_links":{"self":[{"href":"https:\/\/boreait.com\/hu\/wp-json\/wp\/v2\/product\/1375","targetHints":{"allow":["GET"]}}],"collection":[{"href":"https:\/\/boreait.com\/hu\/wp-json\/wp\/v2\/product"}],"about":[{"href":"https:\/\/boreait.com\/hu\/wp-json\/wp\/v2\/types\/product"}],"wp:featuredmedia":[{"embeddable":true,"href":"https:\/\/boreait.com\/hu\/wp-json\/wp\/v2\/media\/1424"}],"wp:attachment":[{"href":"https:\/\/boreait.com\/hu\/wp-json\/wp\/v2\/media?parent=1375"}],"wp:term":[{"taxonomy":"product_brand","embeddable":true,"href":"https:\/\/boreait.com\/hu\/wp-json\/wp\/v2\/product_brand?post=1375"},{"taxonomy":"product_cat","embeddable":true,"href":"https:\/\/boreait.com\/hu\/wp-json\/wp\/v2\/product_cat?post=1375"},{"taxonomy":"product_tag","embeddable":true,"href":"https:\/\/boreait.com\/hu\/wp-json\/wp\/v2\/product_tag?post=1375"}],"curies":[{"name":"wp","href":"https:\/\/api.w.org\/{rel}","templated":true}]}}