{"id":1374,"date":"2025-09-17T09:59:56","date_gmt":"2025-09-17T07:59:56","guid":{"rendered":"https:\/\/boreait.com\/hu\/?post_type=product&#038;p=1374"},"modified":"2026-01-09T13:16:45","modified_gmt":"2026-01-09T12:16:45","slug":"am0vm000400-am0vm000300-oem-dell-pant-keszlet-kis-latitude-e7240","status":"publish","type":"product","link":"https:\/\/boreait.com\/hu\/termek\/am0vm000400-am0vm000300-oem-dell-pant-keszlet-kis-latitude-e7240\/","title":{"rendered":"AM0VM000400 AM0VM000300 OEM DELL P\u00c1NT K\u00c9SZLET KIS LATITUDE E7240"},"content":{"rendered":"<p>Eredeti Dell p\u00e1ntk\u00e9szlet AM0VM000400 AM0VM000300 Latitude E7240-hez<\/p>\n<p>N\u00f6velje Dell Latitude E7240 laptopja funkcionalit\u00e1s\u00e1t \u00e9s tart\u00f3ss\u00e1g\u00e1t ezzel az eredeti Dell AM0VM000400 AM0VM000300 p\u00e1ntk\u00e9szlettel. A Dell magas k\u00f6vetelm\u00e9nyeinek megfelel\u0151en kialak\u00edtott OEM zsan\u00e9rk\u00e9szlet z\u00f6kken\u0151mentes illeszked\u00e9st \u00e9s optim\u00e1lis teljes\u00edtm\u00e9nyt biztos\u00edt.<\/p>\n<p>A Latitude E7240 sorozathoz tervezett zsan\u00e9rk\u00e9szlet mind a bal, mind a jobb oldali zsan\u00e9rokat tartalmazza, \u00e1tfog\u00f3 t\u00e1mogat\u00e1st ny\u00fajtva a kijelz\u0151egys\u00e9ghez. Ak\u00e1r a s\u00e9r\u00fclt zsan\u00e9rokat cser\u00e9li, ak\u00e1r laptopja alkatr\u00e9szeit friss\u00edti, ez az eredeti zsan\u00e9rk\u00e9szlet t\u00f6k\u00e9letes illeszked\u00e9st \u00e9s megb\u00edzhat\u00f3 m\u0171k\u00f6d\u00e9st garant\u00e1l.<\/p>\n<p>Friss\u00edtse laptopj\u00e1t ezzel az eredeti Dell Hinge Kittel, \u00e9s \u0151rizze meg eszk\u00f6ze szerkezeti integrit\u00e1s\u00e1t. Ne k\u00f6ss\u00f6n kompromisszumot a min\u0151s\u00e9gben \u2013 v\u00e1lassza az eredeti Dell Hinge Kit AM0VM000400 AM0VM000300 Latitude E7240-hez a biztons\u00e1gos \u00e9s hossz\u00fa t\u00e1v\u00fa megold\u00e1s \u00e9rdek\u00e9ben.<\/p>\n<p>Eredeti Dell cserealkatr\u00e9szek kiv\u00e1laszt\u00e1s\u00e1val biztos\u00edtsa laptopja megfelel\u0151 illeszked\u00e9s\u00e9t \u00e9s optim\u00e1lis teljes\u00edtm\u00e9ny\u00e9t. Rendelje meg Dell Hinge Kit AM0VM000400 AM0VM000300 p\u00e1ntk\u00e9szlet\u00e9t m\u00e9g ma, \u00e9s tapasztalja meg az autentikus alkatr\u00e9szek haszn\u00e1lat\u00e1val j\u00e1r\u00f3 nyugalmat.<\/p>\n","protected":false},"excerpt":{"rendered":"<p>Eredeti Dell p\u00e1ntk\u00e9szlet Latitude E7240-hez \u2013 AM0VM000400 AM0VM000300<\/p>\n","protected":false},"featured_media":1423,"template":"","meta":[],"product_brand":[],"product_cat":[19],"product_tag":[],"class_list":{"0":"post-1374","1":"product","2":"type-product","3":"status-publish","4":"has-post-thumbnail","6":"product_cat-screen-hinge","8":"first","9":"instock","10":"taxable","11":"shipping-taxable","12":"purchasable","13":"product-type-simple"},"_links":{"self":[{"href":"https:\/\/boreait.com\/hu\/wp-json\/wp\/v2\/product\/1374","targetHints":{"allow":["GET"]}}],"collection":[{"href":"https:\/\/boreait.com\/hu\/wp-json\/wp\/v2\/product"}],"about":[{"href":"https:\/\/boreait.com\/hu\/wp-json\/wp\/v2\/types\/product"}],"wp:featuredmedia":[{"embeddable":true,"href":"https:\/\/boreait.com\/hu\/wp-json\/wp\/v2\/media\/1423"}],"wp:attachment":[{"href":"https:\/\/boreait.com\/hu\/wp-json\/wp\/v2\/media?parent=1374"}],"wp:term":[{"taxonomy":"product_brand","embeddable":true,"href":"https:\/\/boreait.com\/hu\/wp-json\/wp\/v2\/product_brand?post=1374"},{"taxonomy":"product_cat","embeddable":true,"href":"https:\/\/boreait.com\/hu\/wp-json\/wp\/v2\/product_cat?post=1374"},{"taxonomy":"product_tag","embeddable":true,"href":"https:\/\/boreait.com\/hu\/wp-json\/wp\/v2\/product_tag?post=1374"}],"curies":[{"name":"wp","href":"https:\/\/api.w.org\/{rel}","templated":true}]}}