{"id":1361,"date":"2025-09-17T09:59:34","date_gmt":"2025-09-17T07:59:34","guid":{"rendered":"https:\/\/boreait.com\/hu\/?post_type=product&#038;p=1361"},"modified":"2026-01-14T09:07:42","modified_gmt":"2026-01-14T08:07:42","slug":"eredeti-hp-elitebook-840-850-g1-zbook-14-sorozatu-bekapcsologomb-tabla-6050a2560301","status":"publish","type":"product","link":"https:\/\/boreait.com\/hu\/termek\/eredeti-hp-elitebook-840-850-g1-zbook-14-sorozatu-bekapcsologomb-tabla-6050a2560301\/","title":{"rendered":"Eredeti HP EliteBook 840 850 G1 ZBook 14 sorozat\u00fa bekapcsol\u00f3gomb t\u00e1bla 6050A2560301"},"content":{"rendered":"<p>Fokozza laptopja funkcionalit\u00e1s\u00e1t az Eredeti HP EliteBook 840 850 G1 ZBook 14 sorozat\u00fa bekapcsol\u00f3gomb k\u00e1rty\u00e1val. \u00dagy tervezt\u00e9k, hogy z\u00f6kken\u0151mentesen illeszkedjen a k\u00e9sz\u00fcl\u00e9kbe, ez az eredeti HP tartoz\u00e9k megb\u00edzhat\u00f3s\u00e1got \u00e9s teljes\u00edtm\u00e9nyt garant\u00e1l.<\/p>\n<p>Friss\u00edtse laptopj\u00e1t ezzel a bekapcsol\u00f3gomb-panellel, hogy k\u00f6nnyen hozz\u00e1f\u00e9rhessen eszk\u00f6ze t\u00e1pell\u00e1t\u00e1si funkci\u00f3ihoz. A HP magas szabv\u00e1nyainak megfelel\u0151en kialak\u00edtva, garant\u00e1lja a kompatibilit\u00e1st \u00e9s a probl\u00e9mamentes telep\u00edt\u00e9st. N\u00f6velje sz\u00e1m\u00edt\u00e1stechnikai \u00e9lm\u00e9ny\u00e9t ezzel az eredeti bekapcsol\u00f3gomb-panellel.<\/p>\n","protected":false},"excerpt":{"rendered":"<p>Eredeti HP EliteBook 840 850 G1 ZBook 14 bekapcsol\u00f3gombos k\u00e1rtya<\/p>\n","protected":false},"featured_media":1422,"template":"","meta":[],"product_brand":[],"product_cat":[27],"product_tag":[25],"class_list":{"0":"post-1361","1":"product","2":"type-product","3":"status-publish","4":"has-post-thumbnail","6":"product_cat-motherboards-board-parts","7":"product_tag-hp","9":"first","10":"instock","11":"taxable","12":"shipping-taxable","13":"purchasable","14":"product-type-simple"},"_links":{"self":[{"href":"https:\/\/boreait.com\/hu\/wp-json\/wp\/v2\/product\/1361","targetHints":{"allow":["GET"]}}],"collection":[{"href":"https:\/\/boreait.com\/hu\/wp-json\/wp\/v2\/product"}],"about":[{"href":"https:\/\/boreait.com\/hu\/wp-json\/wp\/v2\/types\/product"}],"wp:featuredmedia":[{"embeddable":true,"href":"https:\/\/boreait.com\/hu\/wp-json\/wp\/v2\/media\/1422"}],"wp:attachment":[{"href":"https:\/\/boreait.com\/hu\/wp-json\/wp\/v2\/media?parent=1361"}],"wp:term":[{"taxonomy":"product_brand","embeddable":true,"href":"https:\/\/boreait.com\/hu\/wp-json\/wp\/v2\/product_brand?post=1361"},{"taxonomy":"product_cat","embeddable":true,"href":"https:\/\/boreait.com\/hu\/wp-json\/wp\/v2\/product_cat?post=1361"},{"taxonomy":"product_tag","embeddable":true,"href":"https:\/\/boreait.com\/hu\/wp-json\/wp\/v2\/product_tag?post=1361"}],"curies":[{"name":"wp","href":"https:\/\/api.w.org\/{rel}","templated":true}]}}