{"id":1360,"date":"2025-09-17T09:59:34","date_gmt":"2025-09-17T07:59:34","guid":{"rendered":"https:\/\/boreait.com\/hu\/?post_type=product&#038;p=1360"},"modified":"2026-01-09T13:16:21","modified_gmt":"2026-01-09T12:16:21","slug":"ls-9632p-eredeti-eredeti-lenovo-usb-kartya-g500-as-kabellel","status":"publish","type":"product","link":"https:\/\/boreait.com\/hu\/termek\/ls-9632p-eredeti-eredeti-lenovo-usb-kartya-g500-as-kabellel\/","title":{"rendered":"LS-9632P EREDETI EREDETI LENOVO USB k\u00e1rtya G500-AS K\u00c1BELLEL"},"content":{"rendered":"<p>N\u00f6velje Lenovo G500 sorozat\u00fa laptopja csatlakoztathat\u00f3s\u00e1g\u00e1t az LS-9632P USB k\u00e1rtya k\u00e1bellel. Ezt az eredeti Lenovo-tartoz\u00e9kot arra tervezt\u00e9k, hogy kib\u0151v\u00edtse laptopja USB-k\u00e9pess\u00e9g\u00e9t, lehet\u0151v\u00e9 t\u00e9ve k\u00fcl\u00f6nf\u00e9le perif\u00e9ri\u00e1k \u00e9s eszk\u00f6z\u00f6k csatlakoztat\u00e1s\u00e1t a tov\u00e1bbfejlesztett funkcionalit\u00e1s \u00e9rdek\u00e9ben.<\/p>\n<p>Az LS-9632P USB-k\u00e1rtya k\u00e1bellel kifejezetten \u00fagy lett kialak\u00edtva, hogy z\u00f6kken\u0151mentesen illeszkedjen Lenovo G500 sorozat\u00fa laptopj\u00e1hoz, \u00edgy biztos\u00edtva a kompatibilit\u00e1st \u00e9s a megb\u00edzhat\u00f3 teljes\u00edtm\u00e9nyt. Ez a tartoz\u00e9k extra USB-portokat k\u00edn\u00e1l, hogy megfeleljen az \u00d6n k\u00fcl\u00f6nf\u00e9le ig\u00e9nyeinek, legyen sz\u00f3 k\u00fcls\u0151 merevlemezek, nyomtat\u00f3k, egerek, billenty\u0171zetek vagy m\u00e1s USB-kompatibilis eszk\u00f6z\u00f6k csatlakoztat\u00e1s\u00e1r\u00f3l.<\/p>\n<p>Az LS-9632P USB-k\u00e1rtya k\u00e1bellel t\u00f6rt\u00e9n\u0151 telep\u00edt\u00e9se egyszer\u0171 folyamat, amely percek alatt n\u00f6veli laptopja sokoldal\u00fas\u00e1g\u00e1t. Ez a felhaszn\u00e1l\u00f3bar\u00e1t telep\u00edt\u00e9s biztos\u00edtja, hogy komplik\u00e1ci\u00f3k n\u00e9lk\u00fcl \u00e9lvezhesse a b\u0151v\u00edtett USB-csatlakoz\u00e1st.<\/p>\n<p>Az LS-9632P USB-k\u00e1rtya k\u00e1bellel megtapasztalhatja azt a k\u00e9nyelmet, hogy t\u00f6bb USB-port \u00e1ll a rendelkez\u00e9s\u00e9re. Ezt az eredeti Lenovo-tartoz\u00e9kot \u00fagy tervezt\u00e9k, hogy meg\u0151rizze laptopja teljes\u00edtm\u00e9ny\u00e9t \u00e9s megb\u00edzhat\u00f3s\u00e1g\u00e1t, mik\u00f6zben tov\u00e1bbi lehet\u0151s\u00e9geket k\u00edn\u00e1l az eszk\u00f6z\u00f6k csatlakoztat\u00e1s\u00e1hoz \u00e9s kezel\u00e9s\u00e9hez.<\/p>\n<p>Ak\u00e1r di\u00e1k, ak\u00e1r professzion\u00e1lis, ak\u00e1r h\u00e9tk\u00f6znapi felhaszn\u00e1l\u00f3, az LS-9632P USB-k\u00e1rtya k\u00e1bellel n\u00f6veli a Lenovo G500 sorozat\u00fa laptopja \u00e9rt\u00e9k\u00e9t az\u00e1ltal, hogy megn\u00f6velt csatlakoz\u00e1si lehet\u0151s\u00e9geket k\u00edn\u00e1l. Maximaliz\u00e1lja laptopja lehet\u0151s\u00e9geit k\u00fcl\u00f6nf\u00e9le perif\u00e9ri\u00e1k \u00e9s eszk\u00f6z\u00f6k egyidej\u0171 csatlakoztat\u00e1s\u00e1val, \u00e9sszer\u0171s\u00edtve termel\u00e9kenys\u00e9g\u00e9t \u00e9s \u00e9lvezet\u00e9t.<\/p>\n<p>B\u0151v\u00edtse Lenovo G500 sorozat\u00fa laptopja csatlakoztathat\u00f3s\u00e1g\u00e1t az LS-9632P USB-k\u00e1rty\u00e1val k\u00e1bellel. Oldja fel a tov\u00e1bbi USB-portok erej\u00e9t, \u00e9s fokozza laptopja sokoldal\u00fas\u00e1g\u00e1t a hat\u00e9konyabb \u00e9s z\u00f6kken\u0151mentesebb sz\u00e1m\u00edt\u00e1si \u00e9lm\u00e9ny \u00e9rdek\u00e9ben.<\/p>\n","protected":false},"excerpt":{"rendered":"<p>B\u0151v\u00edtse Lenovo G500 sorozat\u00fa laptopja csatlakoztathat\u00f3s\u00e1g\u00e1t az LS-9632P USB-k\u00e1rty\u00e1val k\u00e1bellel. Ez az eredeti Lenovo-kieg\u00e9sz\u00edt\u0151 tov\u00e1bbi USB-portokat k\u00edn\u00e1l, amelyek fokozz\u00e1k laptopja sokoldal\u00fas\u00e1g\u00e1t a perif\u00e9ri\u00e1k \u00e9s eszk\u00f6z\u00f6k csatlakoztat\u00e1s\u00e1hoz.<\/p>\n","protected":false},"featured_media":1421,"template":"","meta":[],"product_brand":[],"product_cat":[27],"product_tag":[26],"class_list":{"0":"post-1360","1":"product","2":"type-product","3":"status-publish","4":"has-post-thumbnail","6":"product_cat-motherboards-board-parts","7":"product_tag-lenovo","9":"first","10":"instock","11":"taxable","12":"shipping-taxable","13":"purchasable","14":"product-type-simple"},"_links":{"self":[{"href":"https:\/\/boreait.com\/hu\/wp-json\/wp\/v2\/product\/1360","targetHints":{"allow":["GET"]}}],"collection":[{"href":"https:\/\/boreait.com\/hu\/wp-json\/wp\/v2\/product"}],"about":[{"href":"https:\/\/boreait.com\/hu\/wp-json\/wp\/v2\/types\/product"}],"wp:featuredmedia":[{"embeddable":true,"href":"https:\/\/boreait.com\/hu\/wp-json\/wp\/v2\/media\/1421"}],"wp:attachment":[{"href":"https:\/\/boreait.com\/hu\/wp-json\/wp\/v2\/media?parent=1360"}],"wp:term":[{"taxonomy":"product_brand","embeddable":true,"href":"https:\/\/boreait.com\/hu\/wp-json\/wp\/v2\/product_brand?post=1360"},{"taxonomy":"product_cat","embeddable":true,"href":"https:\/\/boreait.com\/hu\/wp-json\/wp\/v2\/product_cat?post=1360"},{"taxonomy":"product_tag","embeddable":true,"href":"https:\/\/boreait.com\/hu\/wp-json\/wp\/v2\/product_tag?post=1360"}],"curies":[{"name":"wp","href":"https:\/\/api.w.org\/{rel}","templated":true}]}}