{"id":1359,"date":"2025-09-17T09:59:34","date_gmt":"2025-09-17T07:59:34","guid":{"rendered":"https:\/\/boreait.com\/hu\/?post_type=product&#038;p=1359"},"modified":"2025-09-17T10:01:18","modified_gmt":"2025-09-17T08:01:18","slug":"hp-probook-470-g2-sata-hdd-merevlemez-adapter-csatlakozo-ls-b187p","status":"publish","type":"product","link":"https:\/\/boreait.com\/hu\/termek\/hp-probook-470-g2-sata-hdd-merevlemez-adapter-csatlakozo-ls-b187p\/","title":{"rendered":"HP ProBook 470 G2 SATA HDD merevlemez-adapter csatlakoz\u00f3 LS-B187P"},"content":{"rendered":"<p>N\u00f6velje HP ProBook 470 G2 laptopja t\u00e1rol\u00f3kapacit\u00e1s\u00e1t az LS-B187P SATA HDD merevlemez-adapter csatlakoz\u00f3val. Ez az eredeti HP-tartoz\u00e9k k\u00e9nyelmes megold\u00e1st k\u00edn\u00e1l SATA merevlemez-meghajt\u00f3k laptopj\u00e1hoz, \u00edgy b\u0151v\u00edtheti t\u00e1rhely\u00e9t, \u00e9s t\u00f6bb f\u00e1jlt, dokumentumot, multim\u00e9di\u00e1t \u00e9s alkalmaz\u00e1st t\u00e1rolhat.<\/p>\n<p>Az LS-B187P SATA merevlemez-meghajt\u00f3-adapter csatlakoz\u00f3j\u00e1t kifejezetten \u00fagy tervezt\u00e9k, hogy z\u00f6kken\u0151mentesen integr\u00e1l\u00f3djon a HP ProBook 470 G2 laptophoz, \u00edgy biztos\u00edtva a probl\u00e9mamentes telep\u00edt\u00e9si folyamatot. Ez a tartoz\u00e9k biztos\u00edtja a sz\u00fcks\u00e9ges interf\u00e9szt a SATA merevlemezek csatlakoztat\u00e1s\u00e1hoz \u00e9s haszn\u00e1lat\u00e1hoz, \u00edgy rugalmasan v\u00e1laszthatja ki az ig\u00e9nyeinek megfelel\u0151 t\u00e1rol\u00f3kapacit\u00e1st.<\/p>\n<p>Az LS-B187P SATA HDD merevlemez-adapter csatlakoz\u00f3j\u00e1nak beszerel\u00e9se egyszer\u0171. Ez a felhaszn\u00e1l\u00f3bar\u00e1t telep\u00edt\u00e9s biztos\u00edtja, hogy komplik\u00e1ci\u00f3k n\u00e9lk\u00fcl \u00e9lvezhesse a megn\u00f6velt t\u00e1rol\u00f3kapacit\u00e1s el\u0151nyeit.<\/p>\n<p>Ak\u00e1r fontos munkadokumentumokat, multim\u00e9di\u00e1s tartalmakat vagy biztons\u00e1gi m\u00e1solatokat szeretne t\u00e1rolni, az LS-B187P SATA HDD merevlemez-adapter csatlakoz\u00f3ja ezt hat\u00e9konyan teszi lehet\u0151v\u00e9. Ezt az eredeti HP-tartoz\u00e9kot \u00fagy tervezt\u00e9k, hogy meg\u0151rizze laptopja t\u00e1rol\u00f3j\u00e1nak megb\u00edzhat\u00f3s\u00e1g\u00e1t \u00e9s teljes\u00edtm\u00e9ny\u00e9t, mik\u00f6zben a b\u0151v\u00edthet\u0151 t\u00e1rol\u00e1si lehet\u0151s\u00e9gek tov\u00e1bbi k\u00e9nyelm\u00e9t k\u00edn\u00e1lja.<\/p>\n<p>B\u0151v\u00edtse HP ProBook 470 G2 laptopja t\u00e1rol\u00e1si k\u00e9pess\u00e9geit az LS-B187P SATA HDD merevlemez-adapter csatlakoz\u00f3val. Tapasztalja meg adatai hat\u00e9kony t\u00e1rol\u00e1s\u00e1nak \u00e9s kezel\u00e9s\u00e9nek szabads\u00e1g\u00e1t, ak\u00e1r szakmai, ak\u00e1r szem\u00e9lyes haszn\u00e1latra. Ezzel az eredeti HP-tartoz\u00e9kkal maximaliz\u00e1lhatja laptopja potenci\u00e1lj\u00e1t, \u00e9s egyszer\u0171s\u00edtheti a sz\u00e1m\u00edt\u00e1stechnikai \u00e9lm\u00e9nyt.<\/p>\n","protected":false},"excerpt":{"rendered":"<p>B\u0151v\u00edtse HP ProBook 470 G2 laptopja t\u00e1rol\u00e1si k\u00e9pess\u00e9geit az LS-B187P SATA HDD merevlemez-adapter csatlakoz\u00f3val. Ez az eredeti HP tartoz\u00e9k lehet\u0151v\u00e9 teszi a SATA merevlemezek z\u00f6kken\u0151mentes csatlakoztat\u00e1s\u00e1t \u00e9s haszn\u00e1lat\u00e1t, n\u00f6velve ezzel laptopja t\u00e1rol\u00f3kapacit\u00e1s\u00e1t.<\/p>\n","protected":false},"featured_media":1420,"template":"","meta":[],"product_brand":[],"product_cat":[27],"product_tag":[25],"class_list":{"0":"post-1359","1":"product","2":"type-product","3":"status-publish","4":"has-post-thumbnail","6":"product_cat-motherboards-board-parts","7":"product_tag-hp","9":"first","10":"instock","11":"taxable","12":"shipping-taxable","13":"purchasable","14":"product-type-simple"},"_links":{"self":[{"href":"https:\/\/boreait.com\/hu\/wp-json\/wp\/v2\/product\/1359","targetHints":{"allow":["GET"]}}],"collection":[{"href":"https:\/\/boreait.com\/hu\/wp-json\/wp\/v2\/product"}],"about":[{"href":"https:\/\/boreait.com\/hu\/wp-json\/wp\/v2\/types\/product"}],"wp:featuredmedia":[{"embeddable":true,"href":"https:\/\/boreait.com\/hu\/wp-json\/wp\/v2\/media\/1420"}],"wp:attachment":[{"href":"https:\/\/boreait.com\/hu\/wp-json\/wp\/v2\/media?parent=1359"}],"wp:term":[{"taxonomy":"product_brand","embeddable":true,"href":"https:\/\/boreait.com\/hu\/wp-json\/wp\/v2\/product_brand?post=1359"},{"taxonomy":"product_cat","embeddable":true,"href":"https:\/\/boreait.com\/hu\/wp-json\/wp\/v2\/product_cat?post=1359"},{"taxonomy":"product_tag","embeddable":true,"href":"https:\/\/boreait.com\/hu\/wp-json\/wp\/v2\/product_tag?post=1359"}],"curies":[{"name":"wp","href":"https:\/\/api.w.org\/{rel}","templated":true}]}}