{"id":1358,"date":"2025-09-17T09:59:34","date_gmt":"2025-09-17T07:59:34","guid":{"rendered":"https:\/\/boreait.com\/hu\/?post_type=product&#038;p=1358"},"modified":"2026-01-14T09:07:24","modified_gmt":"2026-01-14T08:07:24","slug":"ls-9415p-02t2yc-express-kartyaolvaso-dell-precision-m2800-hoz","status":"publish","type":"product","link":"https:\/\/boreait.com\/hu\/termek\/ls-9415p-02t2yc-express-kartyaolvaso-dell-precision-m2800-hoz\/","title":{"rendered":"LS-9415P &#8211; 02T2YC Express k\u00e1rtyaolvas\u00f3 DELL Precision M2800-hoz"},"content":{"rendered":"<p>B\u0151v\u00edtse DELL Precision M2800 laptopja k\u00e9pess\u00e9geit az LS-9415P Express k\u00e1rtyaolvas\u00f3val. A z\u00f6kken\u0151mentes csatlakoztathat\u00f3s\u00e1got \u00e9s sokoldal\u00fas\u00e1got biztos\u00edt\u00f3 k\u00e1rtyaolvas\u00f3 lehet\u0151v\u00e9 teszi a k\u00fcl\u00f6nf\u00e9le expressz k\u00e1rtyaperif\u00e9ri\u00e1k egyszer\u0171 el\u00e9r\u00e9s\u00e9t \u00e9s haszn\u00e1lat\u00e1t, jav\u00edtva laptopja funkcionalit\u00e1s\u00e1t.<\/p>\n<p>Az LS-9415P Express k\u00e1rtyaolvas\u00f3 tov\u00e1bbi k\u00e9nyelmet ad a laptop \u00e9lm\u00e9ny\u00e9hez. Kompatibilis expressz k\u00e1rtyaperif\u00e9ri\u00e1k egyszer\u0171 behelyez\u00e9s\u00e9vel b\u0151v\u00edtheti DELL Precision M2800 k\u00e9pess\u00e9geit. Legyen sz\u00f3 tov\u00e1bbi t\u00e1rhelyr\u0151l, speci\u00e1lis csatlakoz\u00e1si lehet\u0151s\u00e9gekr\u0151l vagy tov\u00e1bbfejlesztett audio- \u00e9s videofunkci\u00f3kr\u00f3l, ez a k\u00e1rtyaolvas\u00f3 lehet\u0151v\u00e9 teszi, hogy laptopj\u00e1t egyedi ig\u00e9nyei szerint szabja testre.<\/p>\n<p>Az egyszer\u0171 telep\u00edt\u00e9si folyamatnak k\u00f6sz\u00f6nhet\u0151en az LS-9415P Express k\u00e1rtyaolvas\u00f3 probl\u00e9ma n\u00e9lk\u00fcl integr\u00e1lhat\u00f3 DELL Precision M2800 k\u00e9sz\u00fcl\u00e9k\u00e9be. Egyszer\u0171en helyezze be a k\u00e1rtyaolvas\u00f3t a kijel\u00f6lt ny\u00edl\u00e1sba, \u00e9s m\u00e1ris haszn\u00e1latra k\u00e9sz. Ez az egyszer\u0171s\u00edtett be\u00e1ll\u00edt\u00e1s biztos\u00edtja, hogy k\u00e9sedelem n\u00e9lk\u00fcl \u00e9lvezhesse a b\u0151v\u00edtett kapcsolat el\u0151nyeit.<\/p>\n<p>Az expressz k\u00e1rtyaolvas\u00f3 megb\u00edzhat\u00f3 \u00e9s biztons\u00e1gos adat\u00e1tvitelt biztos\u00edt, biztos\u00edtva a csatlakoztatott perif\u00e9ri\u00e1k z\u00f6kken\u0151mentes m\u0171k\u00f6d\u00e9s\u00e9t. Ez k\u00fcl\u00f6n\u00f6sen hasznos azoknak a szakembereknek \u00e9s felhaszn\u00e1l\u00f3knak, akiknek speci\u00e1lis hardverhez vagy tov\u00e1bbi t\u00e1rol\u00e1si megold\u00e1sokhoz van sz\u00fcks\u00e9g\u00fck. Az LS-9415P Express k\u00e1rtyaolvas\u00f3 biztos\u00edtja, hogy laptopja l\u00e9p\u00e9st tudjon tartani az \u00d6n ig\u00e9nyeivel.<\/p>\n<p>Tapasztalja meg a fokozott termel\u00e9kenys\u00e9get \u00e9s sokoldal\u00fas\u00e1got az LS-9415P Express k\u00e1rtyaolvas\u00f3val a DELL Precision M2800-hoz. Fedezze fel laptopja lehet\u0151s\u00e9geit az\u00e1ltal, hogy kompatibilit\u00e1st biztos\u00edt az expressz k\u00e1rtya perif\u00e9ri\u00e1k sz\u00e9les sk\u00e1l\u00e1j\u00e1val. Legyen \u00d6n kreat\u00edv szakember, \u00fczleti felhaszn\u00e1l\u00f3 vagy di\u00e1k, ez a k\u00e1rtyaolvas\u00f3 hat\u00e9kony \u00e9s eredm\u00e9nyes m\u00f3dot k\u00edn\u00e1l laptopja k\u00e9pess\u00e9geinek b\u0151v\u00edt\u00e9s\u00e9re.<\/p>\n","protected":false},"excerpt":{"rendered":"<p>Fokozza a DELL Precision M2800 laptop csatlakoztathat\u00f3s\u00e1g\u00e1t az LS-9415P Express k\u00e1rtyaolvas\u00f3val. Ez a k\u00e1rtyaolvas\u00f3 k\u00e9nyelmes hozz\u00e1f\u00e9r\u00e9st biztos\u00edt k\u00fcl\u00f6nf\u00e9le expressz k\u00e1rtyaperif\u00e9ri\u00e1khoz, kib\u0151v\u00edtve laptopja funkcionalit\u00e1s\u00e1t.<\/p>\n","protected":false},"featured_media":1411,"template":"","meta":[],"product_brand":[],"product_cat":[27],"product_tag":[17],"class_list":{"0":"post-1358","1":"product","2":"type-product","3":"status-publish","4":"has-post-thumbnail","6":"product_cat-motherboards-board-parts","7":"product_tag-dell","9":"first","10":"instock","11":"taxable","12":"shipping-taxable","13":"purchasable","14":"product-type-simple"},"_links":{"self":[{"href":"https:\/\/boreait.com\/hu\/wp-json\/wp\/v2\/product\/1358","targetHints":{"allow":["GET"]}}],"collection":[{"href":"https:\/\/boreait.com\/hu\/wp-json\/wp\/v2\/product"}],"about":[{"href":"https:\/\/boreait.com\/hu\/wp-json\/wp\/v2\/types\/product"}],"wp:featuredmedia":[{"embeddable":true,"href":"https:\/\/boreait.com\/hu\/wp-json\/wp\/v2\/media\/1411"}],"wp:attachment":[{"href":"https:\/\/boreait.com\/hu\/wp-json\/wp\/v2\/media?parent=1358"}],"wp:term":[{"taxonomy":"product_brand","embeddable":true,"href":"https:\/\/boreait.com\/hu\/wp-json\/wp\/v2\/product_brand?post=1358"},{"taxonomy":"product_cat","embeddable":true,"href":"https:\/\/boreait.com\/hu\/wp-json\/wp\/v2\/product_cat?post=1358"},{"taxonomy":"product_tag","embeddable":true,"href":"https:\/\/boreait.com\/hu\/wp-json\/wp\/v2\/product_tag?post=1358"}],"curies":[{"name":"wp","href":"https:\/\/api.w.org\/{rel}","templated":true}]}}