{"id":1355,"date":"2025-09-17T09:59:33","date_gmt":"2025-09-17T07:59:33","guid":{"rendered":"https:\/\/boreait.com\/hu\/?post_type=product&#038;p=1355"},"modified":"2026-01-09T13:42:24","modified_gmt":"2026-01-09T12:42:24","slug":"webkamera-kameralap-dell-latitude-e5550-e5450-e3340-e7250-e7450-fhkk7-0fhkk7-keszulekhez-2","status":"publish","type":"product","link":"https:\/\/boreait.com\/hu\/termek\/webkamera-kameralap-dell-latitude-e5550-e5450-e3340-e7250-e7450-fhkk7-0fhkk7-keszulekhez-2\/","title":{"rendered":"Webkamera kameralap Dell Latitude E5550 E5450 E3340 E7250 E7450 FHKK7 0FHKK7 k\u00e9sz\u00fcl\u00e9khez"},"content":{"rendered":"<p>Fokozza laptopja kommunik\u00e1ci\u00f3s k\u00e9pess\u00e9geit a Dell Latitude E5550 E5450 E3340 E7250 E7450 FHKK7 0FHKK7 webkamera-kamerak\u00e1rty\u00e1val. Ez az eredeti Dell cserealkatr\u00e9sz lehet\u0151v\u00e9 teszi, hogy friss\u00edtse vagy cser\u00e9lje ki a megl\u00e9v\u0151 webkamera kamerak\u00e1rty\u00e1t laptopj\u00e1ban, \u00edgy egy\u00e9rtelm\u0171 \u00e9s megb\u00edzhat\u00f3 videokonferencia-\u00e9lm\u00e9nyt biztos\u00edt.<\/p>\n<p>Kifejezetten a kompatibilis Dell Latitude modellekhez, k\u00f6zt\u00fck az E5550-hez, E5450-hez, E3340-hez, E7250-hez \u00e9s E7450-hez tervezett webkamera-kameralap kiv\u00e1l\u00f3 min\u0151s\u00e9g\u0171 k\u00e9palkot\u00e1st \u00e9s kiv\u00e1l\u00f3 vide\u00f3r\u00f6gz\u00edt\u00e9st k\u00edn\u00e1l. Ak\u00e1r \u00fczleti megbesz\u00e9l\u00e9sekre, ak\u00e1r online \u00f3r\u00e1kra vagy szem\u00e9lyes videocseveg\u00e9sre haszn\u00e1lja laptopj\u00e1t, ez a cserealkatr\u00e9sz biztos\u00edtja, hogy f\u00e9nyk\u00e9pez\u0151g\u00e9pe optim\u00e1lisan m\u0171k\u00f6dj\u00f6n, \u00e9les \u00e9s r\u00e9szletgazdag k\u00e9pet biztos\u00edtva.<\/p>\n<p>A Dell Latitude E5550 E5450 E3340 E7250 E7450 FHKK7 0FHKK7 webkamera-k\u00e1rtya beszerel\u00e9se egyszer\u0171 \u00e9s probl\u00e9mamentes, prec\u00edzi\u00f3s kialak\u00edt\u00e1s\u00e1nak k\u00f6sz\u00f6nhet\u0151en, amely megfelel az eredeti alkatr\u00e9sz specifik\u00e1ci\u00f3inak. Ez a t\u00f6k\u00e9letes megold\u00e1s, ha probl\u00e9m\u00e1kat tapasztal laptopja kamer\u00e1j\u00e1val, vagy egyszer\u0171en csak friss\u00edteni szeretne a jobb vide\u00f3min\u0151s\u00e9g \u00e9rdek\u00e9ben.<\/p>\n<p>Az FHKK7 0FHKK7 webkamera kamerak\u00e1rty\u00e1val magabiztosan folytathat videokommunik\u00e1ci\u00f3t an\u00e9lk\u00fcl, hogy agg\u00f3dnia kellene az elmos\u00f3dott vagy pixeles k\u00e9pek miatt. Maradjon kapcsolatban bar\u00e1taival, csal\u00e1dj\u00e1val, koll\u00e9g\u00e1ival \u00e9s \u00fcgyfeleivel m\u00e9g vonz\u00f3bb \u00e9s professzion\u00e1lisabb m\u00f3don az eredeti Dell cserealkatr\u00e9sz \u00e1ltal biztos\u00edtott fokozott kamerateljes\u00edtm\u00e9nynek k\u00f6sz\u00f6nhet\u0151en.<\/p>\n","protected":false},"excerpt":{"rendered":"<p>Friss\u00edtse vagy cser\u00e9lje ki laptopja webkamera kamerak\u00e1rty\u00e1j\u00e1t a Dell Latitude E5550 E5450 E3340 E7250 E7450 FHKK7 0FHKK7 webkamera k\u00e1rty\u00e1ra, hogy \u00e9lvezze a kiv\u00e1l\u00f3 min\u0151s\u00e9g\u0171 videokonferenci\u00e1t \u00e9s kommunik\u00e1ci\u00f3t.<\/p>\n","protected":false},"featured_media":1408,"template":"","meta":[],"product_brand":[],"product_cat":[23],"product_tag":[17],"class_list":{"0":"post-1355","1":"product","2":"type-product","3":"status-publish","4":"has-post-thumbnail","6":"product_cat-laptop-camera","7":"product_tag-dell","9":"first","10":"instock","11":"taxable","12":"shipping-taxable","13":"purchasable","14":"product-type-simple"},"_links":{"self":[{"href":"https:\/\/boreait.com\/hu\/wp-json\/wp\/v2\/product\/1355","targetHints":{"allow":["GET"]}}],"collection":[{"href":"https:\/\/boreait.com\/hu\/wp-json\/wp\/v2\/product"}],"about":[{"href":"https:\/\/boreait.com\/hu\/wp-json\/wp\/v2\/types\/product"}],"wp:featuredmedia":[{"embeddable":true,"href":"https:\/\/boreait.com\/hu\/wp-json\/wp\/v2\/media\/1408"}],"wp:attachment":[{"href":"https:\/\/boreait.com\/hu\/wp-json\/wp\/v2\/media?parent=1355"}],"wp:term":[{"taxonomy":"product_brand","embeddable":true,"href":"https:\/\/boreait.com\/hu\/wp-json\/wp\/v2\/product_brand?post=1355"},{"taxonomy":"product_cat","embeddable":true,"href":"https:\/\/boreait.com\/hu\/wp-json\/wp\/v2\/product_cat?post=1355"},{"taxonomy":"product_tag","embeddable":true,"href":"https:\/\/boreait.com\/hu\/wp-json\/wp\/v2\/product_tag?post=1355"}],"curies":[{"name":"wp","href":"https:\/\/api.w.org\/{rel}","templated":true}]}}