{"id":1354,"date":"2025-09-17T09:59:33","date_gmt":"2025-09-17T07:59:33","guid":{"rendered":"https:\/\/boreait.com\/hu\/?post_type=product&#038;p=1354"},"modified":"2025-09-17T10:00:59","modified_gmt":"2025-09-17T08:00:59","slug":"acer-aspire-5336-sorozatu-pew72-usb-kartya-ls-8581p-kabellel","status":"publish","type":"product","link":"https:\/\/boreait.com\/hu\/termek\/acer-aspire-5336-sorozatu-pew72-usb-kartya-ls-8581p-kabellel\/","title":{"rendered":"Acer Aspire 5336 sorozat\u00fa PEW72 USB k\u00e1rtya LS-8581P k\u00e1bellel"},"content":{"rendered":"<p>Az Acer Aspire 5336 sorozat\u00fa PEW72 USB k\u00e1rtya LS-8581P k\u00e1bellel a t\u00f6k\u00e9letes megold\u00e1s a laptop megfelel\u0151 USB-funkci\u00f3inak helyre\u00e1ll\u00edt\u00e1s\u00e1ra. Ha probl\u00e9m\u00e1kat tapasztal laptopja USB-portjaival, p\u00e9ld\u00e1ul csatlakoz\u00e1si probl\u00e9m\u00e1kat vagy nem reag\u00e1l, ez az eredeti cserealkatr\u00e9sz seg\u00edthet a laptop teljes k\u00e9pess\u00e9geinek helyre\u00e1ll\u00edt\u00e1s\u00e1ban.<\/p>\n<p>Kifejezetten az Acer Aspire 5336 Series PEW72 modellhez tervezett USB-k\u00e1rtya k\u00e1bellel egy hiteles Acer cserealkatr\u00e9sz. Prec\u00edzi\u00f3s kialak\u00edt\u00e1sa biztos\u00edtja a kompatibilit\u00e1st, az egyszer\u0171 telep\u00edt\u00e9st \u00e9s a z\u00f6kken\u0151mentes integr\u00e1ci\u00f3t a laptop hardver\u00e9be \u00e9s rendszer\u00e9be.<\/p>\n<p>Ha laptopj\u00e1t az LS-8581P k\u00e1bellel ell\u00e1tott Acer USB k\u00e1rty\u00e1val friss\u00edti, \u00fajra \u00e9lvezheti a m\u0171k\u00f6d\u0151 USB-portok k\u00e9nyelm\u00e9t. F\u00fcggetlen\u00fcl att\u00f3l, hogy k\u00fcls\u0151 eszk\u00f6z\u00f6ket kell csatlakoztatnia, adatokat kell tov\u00e1bb\u00edtania vagy eszk\u00f6zeit t\u00f6ltenie, ez a cserealkatr\u00e9sz biztos\u00edtja, hogy laptopja USB-portjai megb\u00edzhat\u00f3an \u00e9s hat\u00e9konyan m\u0171k\u00f6djenek.<\/p>\n<p>Ne hagyja, hogy a hib\u00e1san m\u0171k\u00f6d\u0151 USB-portok lelass\u00edts\u00e1k. Fektessen be az Acer Aspire 5336 sorozat\u00fa PEW72 USB k\u00e1rty\u00e1ba LS-8581P k\u00e1bellel, hogy helyre\u00e1ll\u00edtsa laptopja USB-k\u00e9pess\u00e9g\u00e9nek haszn\u00e1lhat\u00f3s\u00e1g\u00e1t \u00e9s k\u00e9nyelm\u00e9t. Cser\u00e9lje ki a s\u00e9r\u00fclt vagy nem m\u0171k\u00f6d\u0151 USB-k\u00e1rty\u00e1kat erre az eredeti Acer cserealkatr\u00e9szre a g\u00f6rd\u00fcl\u00e9kenyebb \u00e9s produkt\u00edvabb sz\u00e1m\u00edt\u00e1stechnikai \u00e9lm\u00e9ny \u00e9rdek\u00e9ben.<\/p>\n","protected":false},"excerpt":{"rendered":"<p>Cser\u00e9lje ki Acer Aspire 5336 Series PEW72 laptopj\u00e1nak hib\u00e1san m\u0171k\u00f6d\u0151 USB-k\u00e1rty\u00e1j\u00e1t egy Acer USB-k\u00e1rty\u00e1ra LS-8581P k\u00e1bellel a m\u0171k\u00f6d\u0151k\u00e9pess\u00e9g helyre\u00e1ll\u00edt\u00e1sa \u00e9rdek\u00e9ben.<\/p>\n","protected":false},"featured_media":1407,"template":"","meta":[],"product_brand":[],"product_cat":[27],"product_tag":[29],"class_list":{"0":"post-1354","1":"product","2":"type-product","3":"status-publish","4":"has-post-thumbnail","6":"product_cat-motherboards-board-parts","7":"product_tag-acer","9":"first","10":"instock","11":"taxable","12":"shipping-taxable","13":"purchasable","14":"product-type-simple"},"_links":{"self":[{"href":"https:\/\/boreait.com\/hu\/wp-json\/wp\/v2\/product\/1354","targetHints":{"allow":["GET"]}}],"collection":[{"href":"https:\/\/boreait.com\/hu\/wp-json\/wp\/v2\/product"}],"about":[{"href":"https:\/\/boreait.com\/hu\/wp-json\/wp\/v2\/types\/product"}],"wp:featuredmedia":[{"embeddable":true,"href":"https:\/\/boreait.com\/hu\/wp-json\/wp\/v2\/media\/1407"}],"wp:attachment":[{"href":"https:\/\/boreait.com\/hu\/wp-json\/wp\/v2\/media?parent=1354"}],"wp:term":[{"taxonomy":"product_brand","embeddable":true,"href":"https:\/\/boreait.com\/hu\/wp-json\/wp\/v2\/product_brand?post=1354"},{"taxonomy":"product_cat","embeddable":true,"href":"https:\/\/boreait.com\/hu\/wp-json\/wp\/v2\/product_cat?post=1354"},{"taxonomy":"product_tag","embeddable":true,"href":"https:\/\/boreait.com\/hu\/wp-json\/wp\/v2\/product_tag?post=1354"}],"curies":[{"name":"wp","href":"https:\/\/api.w.org\/{rel}","templated":true}]}}