{"id":1353,"date":"2025-09-17T09:59:33","date_gmt":"2025-09-17T07:59:33","guid":{"rendered":"https:\/\/boreait.com\/hu\/?post_type=product&#038;p=1353"},"modified":"2025-09-17T10:00:56","modified_gmt":"2025-09-17T08:00:56","slug":"eredeti-hp-elitebook-folio-1040-g3-sorozatu-hangero-nemito-wifi-kapcsolo-da0y0fpiah1","status":"publish","type":"product","link":"https:\/\/boreait.com\/hu\/termek\/eredeti-hp-elitebook-folio-1040-g3-sorozatu-hangero-nemito-wifi-kapcsolo-da0y0fpiah1\/","title":{"rendered":"Eredeti HP EliteBook Folio 1040 G3 sorozat\u00fa hanger\u0151 n\u00e9m\u00edt\u00f3 WiFi kapcsol\u00f3 DA0Y0FPIAH1"},"content":{"rendered":"<p>\u00c1ll\u00edtsa vissza HP EliteBook Folio 1040 G3 sorozat\u00fa laptopja funkcionalit\u00e1s\u00e1t az Eredeti Volume Mute WiFi kapcsol\u00f3val (DA0Y0FPIAH1). Ez a cserealkatr\u00e9sz egy hiteles alkatr\u00e9sz, amelyet a HP tervezett, hogy biztos\u00edtsa a kompatibilit\u00e1st \u00e9s a megfelel\u0151 integr\u00e1ci\u00f3t az \u00d6n laptopmodellj\u00e9vel.<\/p>\n<p>A Volume Mute WiFi kapcsol\u00f3 (DA0Y0FPIAH1) olyan alapvet\u0151 komponens, amely olyan alapvet\u0151 funkci\u00f3kat vez\u00e9rel, mint a hanger\u0151szab\u00e1lyoz\u00e1s, a n\u00e9m\u00edt\u00e1s \u00e9s a WiFi-kapcsolat. Ha ezen funkci\u00f3k b\u00e1rmelyike \u200b\u200bkop\u00e1s vagy egy\u00e9b probl\u00e9ma miatt vesz\u00e9lybe ker\u00fclt, ez az eredeti cserekapcsol\u00f3 vissza\u00e1ll\u00edthatja a teljes m\u0171k\u00f6d\u00e9st.<\/p>\n<p>A prec\u00edzen megtervezett Eredeti HP EliteBook Folio 1040 G3 sorozat\u00fa Volume Mute WiFi Switch (DA0Y0FPIAH1) egyszer\u0171 telep\u00edt\u00e9sre \u00e9s a laptop hardver\u00e9vel \u00e9s szoftver\u00e9vel val\u00f3 z\u00f6kken\u0151mentes interakci\u00f3ra k\u00e9sz\u00fclt. Ez biztos\u00edtja, hogy laptopja teljes\u00edtm\u00e9nye \u00e9s felhaszn\u00e1l\u00f3i \u00e9lm\u00e9nye optim\u00e1lis maradjon.<\/p>\n<p>Az Eredeti Volume Mute WiFi Switch (DA0Y0FPIAH1) seg\u00edts\u00e9g\u00e9vel \u00e1ll\u00edtsa vissza a hanger\u0151szab\u00e1lyz\u00e1s, a n\u00e9m\u00edt\u00e1s \u00e9s a WiFi-kapcsolat k\u00e9nyelm\u00e9t HP EliteBook Folio 1040 G3 sorozat\u00fa laptopj\u00e1n. Biztos\u00edtsa laptopja folyamatos z\u00f6kken\u0151mentes m\u0171k\u00f6d\u00e9s\u00e9t az elhaszn\u00e1l\u00f3dott vagy hib\u00e1san m\u0171k\u00f6d\u0151 alkatr\u00e9szek cser\u00e9j\u00e9vel ezzel az eredeti HP cserealkatr\u00e9szre.<\/p>\n","protected":false},"excerpt":{"rendered":"<p>Az eredeti HP EliteBook Folio 1040 G3 sorozat\u00fa Volume Mute WiFi kapcsol\u00f3 (DA0Y0FPIAH1) egy eredeti cserealkatr\u00e9sz, amely helyre\u00e1ll\u00edtja laptopja alapvet\u0151 funkci\u00f3it.<\/p>\n","protected":false},"featured_media":1406,"template":"","meta":[],"product_brand":[],"product_cat":[27],"product_tag":[25],"class_list":{"0":"post-1353","1":"product","2":"type-product","3":"status-publish","4":"has-post-thumbnail","6":"product_cat-motherboards-board-parts","7":"product_tag-hp","9":"first","10":"instock","11":"taxable","12":"shipping-taxable","13":"purchasable","14":"product-type-simple"},"_links":{"self":[{"href":"https:\/\/boreait.com\/hu\/wp-json\/wp\/v2\/product\/1353","targetHints":{"allow":["GET"]}}],"collection":[{"href":"https:\/\/boreait.com\/hu\/wp-json\/wp\/v2\/product"}],"about":[{"href":"https:\/\/boreait.com\/hu\/wp-json\/wp\/v2\/types\/product"}],"wp:featuredmedia":[{"embeddable":true,"href":"https:\/\/boreait.com\/hu\/wp-json\/wp\/v2\/media\/1406"}],"wp:attachment":[{"href":"https:\/\/boreait.com\/hu\/wp-json\/wp\/v2\/media?parent=1353"}],"wp:term":[{"taxonomy":"product_brand","embeddable":true,"href":"https:\/\/boreait.com\/hu\/wp-json\/wp\/v2\/product_brand?post=1353"},{"taxonomy":"product_cat","embeddable":true,"href":"https:\/\/boreait.com\/hu\/wp-json\/wp\/v2\/product_cat?post=1353"},{"taxonomy":"product_tag","embeddable":true,"href":"https:\/\/boreait.com\/hu\/wp-json\/wp\/v2\/product_tag?post=1353"}],"curies":[{"name":"wp","href":"https:\/\/api.w.org\/{rel}","templated":true}]}}