{"id":1352,"date":"2025-09-17T09:59:32","date_gmt":"2025-09-17T07:59:32","guid":{"rendered":"https:\/\/boreait.com\/hu\/?post_type=product&#038;p=1352"},"modified":"2025-09-17T10:00:54","modified_gmt":"2025-09-17T08:00:54","slug":"7nfcy-ls-9593p-oem-dell-ssd-hd-csatlakozolap-latitude-e7440-p40g","status":"publish","type":"product","link":"https:\/\/boreait.com\/hu\/termek\/7nfcy-ls-9593p-oem-dell-ssd-hd-csatlakozolap-latitude-e7440-p40g\/","title":{"rendered":"7NFCY LS-9593P OEM DELL SSD HD CSATLAKOZ\u00d3LAP LATITUDE E7440 P40G"},"content":{"rendered":"<p>B\u0151v\u00edtse Dell Latitude E7440 P40G laptopja t\u00e1rol\u00e1si k\u00e9pess\u00e9geit az OEM Dell SSD HD csatlakoz\u00f3k\u00e1rty\u00e1val (7NFCY LS-9593P). Ez a speci\u00e1lisan tervezett t\u00e1bla kulcsfontoss\u00e1g\u00fa elem azok sz\u00e1m\u00e1ra, akik n\u00f6velni szeretn\u00e9k laptopjuk t\u00e1rol\u00f3kapacit\u00e1s\u00e1t \u00e9s teljes\u00edtm\u00e9ny\u00e9t.<\/p>\n<p>A 7NFCY LS-9593P csatlakoz\u00f3k\u00e1rtya eredeti berendez\u00e9sgy\u00e1rt\u00f3 (OEM) komponens, amely kompatibilit\u00e1st \u00e9s z\u00f6kken\u0151mentes integr\u00e1ci\u00f3t biztos\u00edt Dell Latitude E7440 P40G laptopj\u00e1val. Ha SSD- vagy HD-meghajt\u00f3t szeretne hozz\u00e1adni vagy cser\u00e9lni, ez a csatlakoz\u00f3k\u00e1rtya elengedhetetlen a biztons\u00e1gos \u00e9s hat\u00e9kony csatlakoz\u00e1shoz.<\/p>\n<p>A laptop keret\u00e9be t\u00f6k\u00e9letesen illeszked\u0151 7NFCY LS-9593P csatlakoz\u00f3k\u00e1rtya k\u00f6nnyen telep\u00edthet\u0151, lehet\u0151v\u00e9 t\u00e9ve a t\u00e1rol\u00e1si k\u00e9pess\u00e9gek er\u0151fesz\u00edt\u00e9s n\u00e9lk\u00fcli b\u0151v\u00edt\u00e9s\u00e9t. Legyen sz\u00f3 professzion\u00e1lis, aki t\u00f6bb t\u00e1rhelyet keres a munkaf\u00e1jlok sz\u00e1m\u00e1ra, vagy egy h\u00e9tk\u00f6znapi felhaszn\u00e1l\u00f3, akinek t\u00f6bb t\u00e1rhelyre van sz\u00fcks\u00e9ge a multim\u00e9di\u00e1s tartalmakhoz, ez a csatlakoz\u00f3k\u00e1rtya a megold\u00e1st k\u00edn\u00e1lja.<\/p>\n<p>Felszerelje Dell Latitude E7440 P40G laptopj\u00e1t az OEM Dell SSD HD csatlakoz\u00f3k\u00e1rty\u00e1val (7NFCY LS-9593P), hogy jav\u00edtsa laptopja t\u00e1rol\u00e1si k\u00e9pess\u00e9geit \u00e9s teljes\u00edtm\u00e9ny\u00e9t. \u00c9lvezze a megn\u00f6velt t\u00e1rhely \u00e9s a jobb hat\u00e9konys\u00e1g el\u0151nyeit minden sz\u00e1m\u00edt\u00e1stechnikai feladat\u00e1n\u00e1l.<\/p>\n","protected":false},"excerpt":{"rendered":"<p>Az OEM Dell SSD HD csatlakoz\u00f3k\u00e1rtya (7NFCY LS-9593P) kulcsfontoss\u00e1g\u00fa \u00f6sszetev\u0151 a Latitude E7440 P40G laptop t\u00e1rol\u00f3k\u00e9pess\u00e9g\u00e9nek b\u0151v\u00edt\u00e9s\u00e9ben.<\/p>\n","protected":false},"featured_media":1405,"template":"","meta":[],"product_brand":[],"product_cat":[27],"product_tag":[25],"class_list":{"0":"post-1352","1":"product","2":"type-product","3":"status-publish","4":"has-post-thumbnail","6":"product_cat-motherboards-board-parts","7":"product_tag-hp","9":"first","10":"instock","11":"taxable","12":"shipping-taxable","13":"purchasable","14":"product-type-simple"},"_links":{"self":[{"href":"https:\/\/boreait.com\/hu\/wp-json\/wp\/v2\/product\/1352","targetHints":{"allow":["GET"]}}],"collection":[{"href":"https:\/\/boreait.com\/hu\/wp-json\/wp\/v2\/product"}],"about":[{"href":"https:\/\/boreait.com\/hu\/wp-json\/wp\/v2\/types\/product"}],"wp:featuredmedia":[{"embeddable":true,"href":"https:\/\/boreait.com\/hu\/wp-json\/wp\/v2\/media\/1405"}],"wp:attachment":[{"href":"https:\/\/boreait.com\/hu\/wp-json\/wp\/v2\/media?parent=1352"}],"wp:term":[{"taxonomy":"product_brand","embeddable":true,"href":"https:\/\/boreait.com\/hu\/wp-json\/wp\/v2\/product_brand?post=1352"},{"taxonomy":"product_cat","embeddable":true,"href":"https:\/\/boreait.com\/hu\/wp-json\/wp\/v2\/product_cat?post=1352"},{"taxonomy":"product_tag","embeddable":true,"href":"https:\/\/boreait.com\/hu\/wp-json\/wp\/v2\/product_tag?post=1352"}],"curies":[{"name":"wp","href":"https:\/\/api.w.org\/{rel}","templated":true}]}}