{"id":1341,"date":"2025-09-17T09:59:10","date_gmt":"2025-09-17T07:59:10","guid":{"rendered":"https:\/\/boreait.com\/hu\/?post_type=product&#038;p=1341"},"modified":"2025-09-17T10:00:52","modified_gmt":"2025-09-17T08:00:52","slug":"a-hp-probook-470-g2-beepitett-optikai-meghajto-interfeszehez-ls-b186p-kis-kartya","status":"publish","type":"product","link":"https:\/\/boreait.com\/hu\/termek\/a-hp-probook-470-g2-beepitett-optikai-meghajto-interfeszehez-ls-b186p-kis-kartya\/","title":{"rendered":"A HP ProBook 470 G2 be\u00e9p\u00edtett optikai meghajt\u00f3 interf\u00e9sz\u00e9hez LS-B186P kis k\u00e1rtya"},"content":{"rendered":"<p>N\u00f6velje HP ProBook 470 G2 k\u00e9pess\u00e9geit az LS-B186P be\u00e9p\u00edtett optikai meghajt\u00f3 interf\u00e9sz kis k\u00e1rty\u00e1val. Ezt az innovat\u00edv k\u00e1rty\u00e1t kifejezetten arra tervezt\u00e9k, hogy jobb funkcionalit\u00e1st \u00e9s csatlakoztathat\u00f3s\u00e1got biztos\u00edtson laptopj\u00e1hoz, \u00edgy ide\u00e1lis kieg\u00e9sz\u00edt\u0151je lehet azoknak a felhaszn\u00e1l\u00f3knak, akik szeretn\u00e9k optimaliz\u00e1lni a sz\u00e1m\u00edt\u00e1stechnikai \u00e9lm\u00e9nyt.<\/p>\n<p>Az LS-B186P be\u00e9p\u00edtett optikai meghajt\u00f3 interf\u00e9sz kis k\u00e1rty\u00e1j\u00e1t \u00fagy tervezt\u00e9k, hogy z\u00f6kken\u0151mentesen integr\u00e1l\u00f3djon a HP ProBook 470 G2-vel, lehet\u0151v\u00e9 t\u00e9ve az optikai meghajt\u00f3k k\u00f6nny\u0171 csatlakoztat\u00e1s\u00e1t \u00e9s haszn\u00e1lat\u00e1t. Ak\u00e1r DVD-khez, CD-khez vagy m\u00e1s optikai adathordoz\u00f3khoz kell hozz\u00e1f\u00e9rnie, ez az alaplap z\u00f6kken\u0151mentes \u00e9s megb\u00edzhat\u00f3 kommunik\u00e1ci\u00f3t biztos\u00edt laptopja \u00e9s optikai meghajt\u00f3ja k\u00f6z\u00f6tt.<\/p>\n<p>Kompakt \u00e9s hat\u00e9kony kialak\u00edt\u00e1s\u00e1nak k\u00f6sz\u00f6nhet\u0151en az LS-B186P k\u00e1rtya k\u00f6nnyen telep\u00edthet\u0151, \u00e9s egyszer\u0171 megold\u00e1st k\u00edn\u00e1l azoknak a felhaszn\u00e1l\u00f3knak, akik \u00e9rt\u00e9kelik laptopjaik sokoldal\u00fas\u00e1g\u00e1t. Ha laptopj\u00e1t ezzel az alaplappal friss\u00edti, akkor a legt\u00f6bbet hozhatja ki HP ProBook 470 G2 k\u00e9pess\u00e9geib\u0151l, \u00e9s \u00e1tfog\u00f3bb sz\u00e1m\u00edt\u00e1stechnikai \u00e9lm\u00e9nyben lesz r\u00e9sze.<\/p>\n<p>Friss\u00edtse HP ProBook 470 G2 k\u00e9sz\u00fcl\u00e9k\u00e9t az LS-B186P be\u00e9p\u00edtett optikai meghajt\u00f3 interf\u00e9sz kis k\u00e1rty\u00e1val m\u00e9g ma, \u00e9s haszn\u00e1lja ki laptopja tov\u00e1bbfejlesztett csatlakoztathat\u00f3s\u00e1g\u00e1t \u00e9s funkcionalit\u00e1s\u00e1t.<\/p>\n","protected":false},"excerpt":{"rendered":"<p>Friss\u00edtse HP ProBook 470 G2 k\u00e9sz\u00fcl\u00e9k\u00e9t az LS-B186P be\u00e9p\u00edtett optikai meghajt\u00f3 interf\u00e9sz kis k\u00e1rty\u00e1val, amelyet laptopja funkcionalit\u00e1s\u00e1nak \u00e9s csatlakoztathat\u00f3s\u00e1g\u00e1nak jav\u00edt\u00e1s\u00e1ra terveztek.<\/p>\n","protected":false},"featured_media":1404,"template":"","meta":[],"product_brand":[],"product_cat":[27],"product_tag":[25],"class_list":{"0":"post-1341","1":"product","2":"type-product","3":"status-publish","4":"has-post-thumbnail","6":"product_cat-motherboards-board-parts","7":"product_tag-hp","9":"first","10":"instock","11":"taxable","12":"shipping-taxable","13":"purchasable","14":"product-type-simple"},"_links":{"self":[{"href":"https:\/\/boreait.com\/hu\/wp-json\/wp\/v2\/product\/1341","targetHints":{"allow":["GET"]}}],"collection":[{"href":"https:\/\/boreait.com\/hu\/wp-json\/wp\/v2\/product"}],"about":[{"href":"https:\/\/boreait.com\/hu\/wp-json\/wp\/v2\/types\/product"}],"wp:featuredmedia":[{"embeddable":true,"href":"https:\/\/boreait.com\/hu\/wp-json\/wp\/v2\/media\/1404"}],"wp:attachment":[{"href":"https:\/\/boreait.com\/hu\/wp-json\/wp\/v2\/media?parent=1341"}],"wp:term":[{"taxonomy":"product_brand","embeddable":true,"href":"https:\/\/boreait.com\/hu\/wp-json\/wp\/v2\/product_brand?post=1341"},{"taxonomy":"product_cat","embeddable":true,"href":"https:\/\/boreait.com\/hu\/wp-json\/wp\/v2\/product_cat?post=1341"},{"taxonomy":"product_tag","embeddable":true,"href":"https:\/\/boreait.com\/hu\/wp-json\/wp\/v2\/product_tag?post=1341"}],"curies":[{"name":"wp","href":"https:\/\/api.w.org\/{rel}","templated":true}]}}