{"id":1339,"date":"2025-09-17T09:59:09","date_gmt":"2025-09-17T07:59:09","guid":{"rendered":"https:\/\/boreait.com\/hu\/?post_type=product&#038;p=1339"},"modified":"2025-09-17T10:00:42","modified_gmt":"2025-09-17T08:00:42","slug":"hinge-csuklopant-dell-e6540-video-kijelzohoz-hasznalt-am0v1000100-am0v1000200","status":"publish","type":"product","link":"https:\/\/boreait.com\/hu\/termek\/hinge-csuklopant-dell-e6540-video-kijelzohoz-hasznalt-am0v1000100-am0v1000200\/","title":{"rendered":"HINGE csukl\u00f3p\u00e1nt DELL E6540 vide\u00f3 kijelz\u0151h\u00f6z haszn\u00e1lt AM0V1000100 AM0V1000200"},"content":{"rendered":"<p>Revitaliz\u00e1lja DELL E6540 laptopja kijelz\u0151funkci\u00f3it a DELL E6540 Video Display csukl\u00f3p\u00e1ntj\u00e1val. Ez a cserek\u00e9szlet k\u00e9t eredeti haszn\u00e1lt zsan\u00e9rt, AM0V1000100 \u00e9s AM0V1000200 cikksz\u00e1m\u00fa zsan\u00e9rt tartalmaz, amelyek c\u00e9lja a laptop kijelz\u0151panelj\u00e9nek z\u00f6kken\u0151mentes nyit\u00e1sa \u00e9s z\u00e1r\u00e1sa.<\/p>\n<p>Id\u0151vel a zsan\u00e9rok elhaszn\u00e1l\u00f3dhatnak a rendszeres haszn\u00e1lat miatt, ami a kijelz\u0151 eltol\u00f3d\u00e1s\u00e1t vagy a laptop kinyit\u00e1s\u00e1nak \u00e9s z\u00e1r\u00e1s\u00e1nak neh\u00e9zs\u00e9geit okozhatja. A DELL E6540 videokijelz\u0151h\u00f6z k\u00e9sz\u00fclt HINGE csukl\u00f3p\u00e1nt megoldja ezeket a probl\u00e9m\u00e1kat, \u00e9s biztos\u00edtja, hogy laptopja k\u00e9perny\u0151je megfelel\u0151en \u00e9s stabilan m\u0171k\u00f6dj\u00f6n.<\/p>\n<p>Az eredeti haszn\u00e1lt zsan\u00e9rok felszerel\u00e9se egyszer\u0171, lehet\u0151v\u00e9 t\u00e9ve, hogy gond n\u00e9lk\u00fcl gyorsan vissza\u00e1ll\u00edtsa laptopja kijelz\u0151j\u00e9nek teljes\u00edtm\u00e9ny\u00e9t. Legyen sz\u00f3 di\u00e1k, professzion\u00e1lis vagy alkalmi felhaszn\u00e1l\u00f3r\u00f3l, ezek a zsan\u00e9rok hozz\u00e1j\u00e1rulnak laptopja \u00e1ltal\u00e1nos funkcionalit\u00e1s\u00e1hoz \u00e9s hossz\u00fa \u00e9lettartam\u00e1hoz.<\/p>\n<p>Fektessen be a DELL E6540 Video Display csukl\u00f3p\u00e1ntj\u00e1ba, hogy jav\u00edtsa DELL E6540 laptopja haszn\u00e1lhat\u00f3s\u00e1g\u00e1t. Ezekkel az eredeti cserep\u00e1ntokkal sim\u00e1bb \u00e9lm\u00e9nyben lesz r\u00e9sze laptopja kijelz\u0151j\u00e9nek haszn\u00e1lata k\u00f6zben, \u00e9s b\u00edzhat kompatibilit\u00e1sukban \u00e9s tart\u00f3ss\u00e1gukban.<\/p>\n","protected":false},"excerpt":{"rendered":"<p>Cser\u00e9lje ki DELL E6540 laptopja kopott vagy s\u00e9r\u00fclt zsan\u00e9rjait ezekkel az eredeti haszn\u00e1lt zsan\u00e9rokkal, AM0V1000100 \u00e9s AM0V1000200 cikksz\u00e1mmal. \u00c1ll\u00edtsa vissza a laptop kijelz\u0151j\u00e9nek z\u00f6kken\u0151mentes nyit\u00e1s\u00e1t \u00e9s z\u00e1r\u00e1s\u00e1t az optim\u00e1lis teljes\u00edtm\u00e9ny \u00e9rdek\u00e9ben.<\/p>\n","protected":false},"featured_media":1395,"template":"","meta":[],"product_brand":[],"product_cat":[19],"product_tag":[17],"class_list":{"0":"post-1339","1":"product","2":"type-product","3":"status-publish","4":"has-post-thumbnail","6":"product_cat-screen-hinge","7":"product_tag-dell","9":"first","10":"instock","11":"taxable","12":"shipping-taxable","13":"purchasable","14":"product-type-simple"},"_links":{"self":[{"href":"https:\/\/boreait.com\/hu\/wp-json\/wp\/v2\/product\/1339","targetHints":{"allow":["GET"]}}],"collection":[{"href":"https:\/\/boreait.com\/hu\/wp-json\/wp\/v2\/product"}],"about":[{"href":"https:\/\/boreait.com\/hu\/wp-json\/wp\/v2\/types\/product"}],"wp:featuredmedia":[{"embeddable":true,"href":"https:\/\/boreait.com\/hu\/wp-json\/wp\/v2\/media\/1395"}],"wp:attachment":[{"href":"https:\/\/boreait.com\/hu\/wp-json\/wp\/v2\/media?parent=1339"}],"wp:term":[{"taxonomy":"product_brand","embeddable":true,"href":"https:\/\/boreait.com\/hu\/wp-json\/wp\/v2\/product_brand?post=1339"},{"taxonomy":"product_cat","embeddable":true,"href":"https:\/\/boreait.com\/hu\/wp-json\/wp\/v2\/product_cat?post=1339"},{"taxonomy":"product_tag","embeddable":true,"href":"https:\/\/boreait.com\/hu\/wp-json\/wp\/v2\/product_tag?post=1339"}],"curies":[{"name":"wp","href":"https:\/\/api.w.org\/{rel}","templated":true}]}}