{"id":1338,"date":"2025-09-17T09:59:09","date_gmt":"2025-09-17T07:59:09","guid":{"rendered":"https:\/\/boreait.com\/hu\/?post_type=product&#038;p=1338"},"modified":"2025-09-17T10:00:39","modified_gmt":"2025-09-17T08:00:39","slug":"asus-k52j-series-60-nxld1000-usb-vga-kartya","status":"publish","type":"product","link":"https:\/\/boreait.com\/hu\/termek\/asus-k52j-series-60-nxld1000-usb-vga-kartya\/","title":{"rendered":"Asus K52J Series 60-NXLD1000 USB\/VGA k\u00e1rtya"},"content":{"rendered":"<p>B\u0151v\u00edtse Asus K52J sorozat\u00fa laptopja csatlakoz\u00e1si lehet\u0151s\u00e9geit az Asus K52J Series 60-NXLD1000 USB\/VGA k\u00e1rty\u00e1val. Ez az eredeti cserealkatr\u00e9sznek tervezett k\u00e1rtya \u00e9rt\u00e9kes USB- \u00e9s VGA-portokkal b\u0151v\u00edti laptopj\u00e1t, b\u0151v\u00edtve annak funkcionalit\u00e1s\u00e1t \u00e9s sokoldal\u00fas\u00e1g\u00e1t.<\/p>\n<p>Az Asus K52J Series 60-NXLD1000 USB\/VGA k\u00e1rty\u00e1t \u00fagy tervezt\u00e9k, hogy z\u00f6kken\u0151mentesen integr\u00e1l\u00f3djon a laptopj\u00e1ba, \u00edgy biztos\u00edtva a probl\u00e9mamentes telep\u00edt\u00e9si folyamatot. A telep\u00edt\u00e9s ut\u00e1n \u00e9lvezheti a tov\u00e1bbi USB-portok k\u00e9nyelm\u00e9t, amelyek lehet\u0151v\u00e9 teszik k\u00fcl\u00f6nf\u00e9le perif\u00e9ri\u00e1k, p\u00e9ld\u00e1ul k\u00fcls\u0151 merevlemezek, billenty\u0171zetek, egerek \u00e9s egyebek csatlakoztat\u00e1s\u00e1t. A VGA port lehet\u0151v\u00e9 teszi, hogy laptopj\u00e1t k\u00fcls\u0151 kijelz\u0151h\u00f6z vagy kivet\u00edt\u0151h\u00f6z csatlakoztassa, \u00edgy ide\u00e1lis prezent\u00e1ci\u00f3khoz, multim\u00e9di\u00e1s feladatokhoz \u00e9s nagyobb k\u00e9perny\u0151s \u00e9lm\u00e9nyekhez.<\/p>\n<p>Ak\u00e1r di\u00e1k, ak\u00e1r professzion\u00e1lis, ak\u00e1r h\u00e9tk\u00f6znapi felhaszn\u00e1l\u00f3, az Asus K52J Series 60-NXLD1000 USB\/VGA k\u00e1rtya alapvet\u0151 csatlakoz\u00e1si lehet\u0151s\u00e9geket biztos\u00edtva jav\u00edtja laptopja k\u00e9pess\u00e9geit. Mondjon b\u00facs\u00fat a korl\u00e1toknak, \u00e9s fedezzen fel \u00faj m\u00f3dszereket laptopja munk\u00e1ra, sz\u00f3rakoz\u00e1sra \u00e9s termel\u00e9kenys\u00e9gre.<\/p>\n<p>Fefektessen be az Asus K52J Series 60-NXLD1000 USB\/VGA k\u00e1rty\u00e1ba, hogy b\u0151v\u00edtse Asus K52J sorozat\u00fa laptopja csatlakoztathat\u00f3s\u00e1g\u00e1t \u00e9s optimaliz\u00e1lja a sz\u00e1m\u00edt\u00e1stechnikai \u00e9lm\u00e9nyt. Ezzel az eredeti cserek\u00e1rty\u00e1val k\u00f6nnyed\u00e9n csatlakozhat, megoszthat \u00e9s prezent\u00e1lhat, mik\u00f6zben \u00e9lvezheti az Asus term\u00e9keihez kapcsol\u00f3d\u00f3 elismert megb\u00edzhat\u00f3s\u00e1got \u00e9s min\u0151s\u00e9get.<\/p>\n","protected":false},"excerpt":{"rendered":"<p>Jav\u00edtsa Asus K52J sorozat\u00fa laptopja csatlakoztathat\u00f3s\u00e1g\u00e1t az Asus K52J Series 60-NXLD1000 USB\/VGA k\u00e1rty\u00e1val. Ez az eredeti cserek\u00e1rtya tov\u00e1bbi USB- \u00e9s VGA-portokkal rendelkezik a b\u0151v\u00edtett funkci\u00f3k \u00e9rdek\u00e9ben.<\/p>\n","protected":false},"featured_media":1394,"template":"","meta":[],"product_brand":[],"product_cat":[27],"product_tag":[30],"class_list":{"0":"post-1338","1":"product","2":"type-product","3":"status-publish","4":"has-post-thumbnail","6":"product_cat-motherboards-board-parts","7":"product_tag-asus","9":"first","10":"instock","11":"taxable","12":"shipping-taxable","13":"purchasable","14":"product-type-simple"},"_links":{"self":[{"href":"https:\/\/boreait.com\/hu\/wp-json\/wp\/v2\/product\/1338","targetHints":{"allow":["GET"]}}],"collection":[{"href":"https:\/\/boreait.com\/hu\/wp-json\/wp\/v2\/product"}],"about":[{"href":"https:\/\/boreait.com\/hu\/wp-json\/wp\/v2\/types\/product"}],"wp:featuredmedia":[{"embeddable":true,"href":"https:\/\/boreait.com\/hu\/wp-json\/wp\/v2\/media\/1394"}],"wp:attachment":[{"href":"https:\/\/boreait.com\/hu\/wp-json\/wp\/v2\/media?parent=1338"}],"wp:term":[{"taxonomy":"product_brand","embeddable":true,"href":"https:\/\/boreait.com\/hu\/wp-json\/wp\/v2\/product_brand?post=1338"},{"taxonomy":"product_cat","embeddable":true,"href":"https:\/\/boreait.com\/hu\/wp-json\/wp\/v2\/product_cat?post=1338"},{"taxonomy":"product_tag","embeddable":true,"href":"https:\/\/boreait.com\/hu\/wp-json\/wp\/v2\/product_tag?post=1338"}],"curies":[{"name":"wp","href":"https:\/\/api.w.org\/{rel}","templated":true}]}}