{"id":1337,"date":"2025-09-17T09:59:09","date_gmt":"2025-09-17T07:59:09","guid":{"rendered":"https:\/\/boreait.com\/hu\/?post_type=product&#038;p=1337"},"modified":"2026-01-09T13:15:57","modified_gmt":"2026-01-09T12:15:57","slug":"eredeti-lenovo-thinkpad-kameramodul-webkamera-bn1l1nvra-001","status":"publish","type":"product","link":"https:\/\/boreait.com\/hu\/termek\/eredeti-lenovo-thinkpad-kameramodul-webkamera-bn1l1nvra-001\/","title":{"rendered":"Eredeti Lenovo ThinkPad kameramodul webkamera BN1L1NVRA-001"},"content":{"rendered":"<p>N\u00f6velje Lenovo ThinkPad laptopja k\u00e9pess\u00e9geit az Eredeti Lenovo ThinkPad Camera Module webkamer\u00e1val (cikksz\u00e1m: BN1L1NVRA-001). Ez a fejlett kameramodul kiv\u00e1l\u00f3 min\u0151s\u00e9g\u0171 videokonferencia-, streamel\u00e9si \u00e9s tartalom-l\u00e9trehoz\u00e1si lehet\u0151s\u00e9geket biztos\u00edt k\u00f6zvetlen\u00fcl laptopj\u00e1hoz, \u00e9s t\u00f6bbf\u00e9lek\u00e9ppen jav\u00edtja a multim\u00e9di\u00e1s \u00e9lm\u00e9nyt.<\/p>\n<p>Az eredeti Lenovo ThinkPad Camera Module webkamer\u00e1t \u00fagy tervezt\u00e9k, hogy z\u00f6kken\u0151mentesen be\u00e9p\u00fclj\u00f6n a ThinkPad laptopba, egyszer\u0171 telep\u00edt\u00e9st \u00e9s optim\u00e1lis teljes\u00edtm\u00e9nyt biztos\u00edtva. Ak\u00e1r virtu\u00e1lis \u00e9rtekezleteken vesz r\u00e9szt, vide\u00f3kat r\u00f6gz\u00edt, tartalmat streamel vagy eml\u00e9keket r\u00f6gz\u00edt, ez a webkamera kiv\u00e1l\u00f3 k\u00e9pmin\u0151s\u00e9get \u00e9s tisztas\u00e1got biztos\u00edt.<\/p>\n<p>A fejlett k\u00e9palkot\u00e1si technol\u00f3gi\u00e1val felszerelt webkamera \u00e9les \u00e9s \u00e9l\u00e9nk k\u00e9peket r\u00f6gz\u00edt, lehet\u0151v\u00e9 t\u00e9ve a hat\u00e9kony kommunik\u00e1ci\u00f3t videoh\u00edv\u00e1sok \u00e9s konferenci\u00e1k sor\u00e1n. A webkamera nagy felbont\u00e1s\u00fa k\u00e9pess\u00e9gei gondoskodnak arr\u00f3l, hogy vide\u00f3i \u00e9s k\u00e9pei \u00e9letre keljenek, \u00e9s mag\u00e1val ragad\u00f3 \u00e9lm\u00e9nyt ny\u00fajtson \u00d6nnek \u00e9s k\u00f6z\u00f6ns\u00e9g\u00e9nek egyar\u00e1nt.<\/p>\n<p>Az Eredeti Lenovo ThinkPad Camera Module webkamer\u00e1val \u00e9lvezheti a videokonferencia k\u00e9nyelm\u00e9t an\u00e9lk\u00fcl, hogy a min\u0151s\u00e9gben kompromisszumot kellene k\u00f6tnie. Ak\u00e1r t\u00e1volr\u00f3l dolgozik, ak\u00e1r koll\u00e9g\u00e1ival dolgozik, ak\u00e1r bar\u00e1tokkal \u00e9s csal\u00e1ddal tart kapcsolatot, ez a webkamera egy\u00e9rtelm\u0171 \u00e9s vonz\u00f3 kommunik\u00e1ci\u00f3t tesz lehet\u0151v\u00e9.<\/p>\n<p>Friss\u00edtse Lenovo ThinkPad laptopja multim\u00e9di\u00e1s k\u00e9pess\u00e9geit az Eredeti Lenovo ThinkPad Camera Module webkamer\u00e1val (cikksz\u00e1m: BN1L1NVRA-001). T\u00f6k\u00e9letes kieg\u00e9sz\u00edt\u0151 a modern szakemberek, tartalomk\u00e9sz\u00edt\u0151k \u00e9s b\u00e1rki sz\u00e1m\u00e1ra, aki \u00e9rt\u00e9keli a kiv\u00e1l\u00f3 min\u0151s\u00e9g\u0171 videokommunik\u00e1ci\u00f3t \u00e9s streaminget. B\u00edzzon a Lenovo h\u00edrnev\u00e9ben az innov\u00e1ci\u00f3 \u00e9s a min\u0151s\u00e9g ter\u00e9n, hogy jav\u00edtsa laptopja \u00e9lm\u00e9ny\u00e9t.<\/p>\n","protected":false},"excerpt":{"rendered":"<p>B\u0151v\u00edtse Lenovo ThinkPad laptopja multim\u00e9di\u00e1s \u00e9lm\u00e9ny\u00e9t az Eredeti Lenovo ThinkPad Camera Module webkamer\u00e1val (cikksz\u00e1m: BN1L1NVRA-001). Ez a kiv\u00e1l\u00f3 min\u0151s\u00e9g\u0171 webkamera krist\u00e1lytiszta videokonferenci\u00e1t, streamel\u00e9st \u00e9s tartalomk\u00e9sz\u00edt\u00e9st biztos\u00edt.<\/p>\n","protected":false},"featured_media":1393,"template":"","meta":[],"product_brand":[],"product_cat":[23],"product_tag":[26],"class_list":{"0":"post-1337","1":"product","2":"type-product","3":"status-publish","4":"has-post-thumbnail","6":"product_cat-laptop-camera","7":"product_tag-lenovo","9":"first","10":"instock","11":"taxable","12":"shipping-taxable","13":"purchasable","14":"product-type-simple"},"_links":{"self":[{"href":"https:\/\/boreait.com\/hu\/wp-json\/wp\/v2\/product\/1337","targetHints":{"allow":["GET"]}}],"collection":[{"href":"https:\/\/boreait.com\/hu\/wp-json\/wp\/v2\/product"}],"about":[{"href":"https:\/\/boreait.com\/hu\/wp-json\/wp\/v2\/types\/product"}],"wp:featuredmedia":[{"embeddable":true,"href":"https:\/\/boreait.com\/hu\/wp-json\/wp\/v2\/media\/1393"}],"wp:attachment":[{"href":"https:\/\/boreait.com\/hu\/wp-json\/wp\/v2\/media?parent=1337"}],"wp:term":[{"taxonomy":"product_brand","embeddable":true,"href":"https:\/\/boreait.com\/hu\/wp-json\/wp\/v2\/product_brand?post=1337"},{"taxonomy":"product_cat","embeddable":true,"href":"https:\/\/boreait.com\/hu\/wp-json\/wp\/v2\/product_cat?post=1337"},{"taxonomy":"product_tag","embeddable":true,"href":"https:\/\/boreait.com\/hu\/wp-json\/wp\/v2\/product_tag?post=1337"}],"curies":[{"name":"wp","href":"https:\/\/api.w.org\/{rel}","templated":true}]}}