{"id":1334,"date":"2025-09-17T09:59:09","date_gmt":"2025-09-17T07:59:09","guid":{"rendered":"https:\/\/boreait.com\/hu\/?post_type=product&#038;p=1334"},"modified":"2026-01-09T13:14:35","modified_gmt":"2026-01-09T12:14:35","slug":"hp-elitebook-840-g1-6050a2560401-laptop-kartyaolvaso-a02","status":"publish","type":"product","link":"https:\/\/boreait.com\/hu\/termek\/hp-elitebook-840-g1-6050a2560401-laptop-kartyaolvaso-a02\/","title":{"rendered":"HP ELITEBOOK 840 G1 6050A2560401 LAPTOP K\u00c1RTYAOLVAS\u00d3-A02"},"content":{"rendered":"<p>N\u00f6velje HP EliteBook 840 G1 laptopja k\u00e9pess\u00e9geit a 6050A2560401 k\u00e1rtyaolvas\u00f3val-A02. Ez az eredeti HP-tartoz\u00e9k, amelyet \u00fagy terveztek, hogy z\u00f6kken\u0151mentesen integr\u00e1l\u00f3djon a laptopj\u00e1ba, tov\u00e1bbi funkcionalit\u00e1st \u00e9s k\u00e9nyelmet biztos\u00edt a sz\u00e1m\u00edt\u00e1stechnikai \u00e9lm\u00e9nyben.<\/p>\n<p>A 6050A2560401 Card Reader-A02 egy speci\u00e1lis alkatr\u00e9sz, amely k\u00e1rtyaolvas\u00f3 k\u00e9pess\u00e9gekkel eg\u00e9sz\u00edti ki EliteBook 840 G1 k\u00e9sz\u00fcl\u00e9k\u00e9t. Ezzel a tartoz\u00e9kkal egyszer\u0171en \u00e1tviheti az adatokat a mem\u00f3riak\u00e1rty\u00e1kr\u00f3l, p\u00e9ld\u00e1ul az SD-k\u00e1rty\u00e1kr\u00f3l \u00e9s a microSD-k\u00e1rty\u00e1kr\u00f3l a laptopra. Ez k\u00fcl\u00f6n\u00f6sen hasznos azoknak a szakembereknek, fot\u00f3soknak \u00e9s mag\u00e1nszem\u00e9lyeknek, akik gyakran dolgoznak m\u00e9diaf\u00e1jlokkal, \u00e9s gyors \u00e9s hat\u00e9kony m\u00f3dra van sz\u00fcks\u00e9g\u00fck az adatok el\u00e9r\u00e9s\u00e9hez \u00e9s kezel\u00e9s\u00e9hez.<\/p>\n<p>A 6050A2560401 Card Reader-A02 \u00e1ltal k\u00edn\u00e1lt k\u00e1rtyaolvas\u00f3 funkci\u00f3 fokozza laptopja sokoldal\u00fas\u00e1g\u00e1t, \u00e9s \u00e9rt\u00e9kes eszk\u00f6zz\u00e9 teszi a k\u00fcl\u00f6nf\u00e9le feladatok elv\u00e9gz\u00e9s\u00e9hez. A fot\u00f3k \u00e9s vide\u00f3k \u00e1tvitel\u00e9t\u0151l a fontos f\u00e1jlok biztons\u00e1gi ment\u00e9s\u00e9ig ez a tartoz\u00e9k z\u00f6kken\u0151mentes adatkezel\u00e9si megold\u00e1st k\u00edn\u00e1l.<\/p>\n<p>Eredeti HP tartoz\u00e9kk\u00e9nt a 6050A2560401 Card Reader-A02 a m\u00e1rka szigor\u00fa min\u0151s\u00e9gi el\u0151\u00edr\u00e1sainak megfelel\u0151en k\u00e9sz\u00fcl. Biztos\u00edtja a kompatibilit\u00e1st EliteBook 840 G1-gyel, garant\u00e1lva a megb\u00edzhat\u00f3 teljes\u00edtm\u00e9nyt \u00e9s a probl\u00e9mamentes telep\u00edt\u00e9si folyamatot.<\/p>\n<p>Tapasztalja meg az egyszer\u0171 adat\u00e1tvitel \u00e9s t\u00e1rol\u00e1s k\u00e9nyelm\u00e9t a 6050A2560401 k\u00e1rtyaolvas\u00f3-A02 seg\u00edts\u00e9g\u00e9vel. Ez a tartoz\u00e9k j\u00f3l p\u00e9ld\u00e1zza a HP azon elk\u00f6telezetts\u00e9g\u00e9t, hogy innovat\u00edv megold\u00e1sokat k\u00edn\u00e1ljon, amelyek jav\u00edtj\u00e1k a sz\u00e1m\u00edt\u00e1stechnikai \u00e9lm\u00e9nyt. Legyen sz\u00f3 ak\u00e1r \u00fatk\u00f6zben j\u00e1r\u00f3 profir\u00f3l, ak\u00e1r hat\u00e9kony adatkezel\u00e9st keres\u0151 mag\u00e1nszem\u00e9lyr\u0151l, ez a k\u00e1rtyaolvas\u00f3 \u00e9rt\u00e9kes kieg\u00e9sz\u00edt\u0151je EliteBook 840 G1-nek.<\/p>\n<p>Friss\u00edtse HP EliteBook 840 G1 k\u00e9sz\u00fcl\u00e9k\u00e9t a 6050A2560401 k\u00e1rtyaolvas\u00f3val-A02, \u00e9s \u00e9lvezze a hozz\u00e1adott funkcionalit\u00e1s \u00e9s k\u00e9nyelem el\u0151nyeit. Egyszer\u0171s\u00edtse adat\u00e1tviteli folyamatait, \u00e9s gondoskodjon a f\u00e1jlok hat\u00e9kony kezel\u00e9s\u00e9hez sz\u00fcks\u00e9ges eszk\u00f6z\u00f6kr\u0151l.<\/p>\n","protected":false},"excerpt":{"rendered":"<p>Fokozza HP EliteBook 840 G1 laptopja funkcionalit\u00e1s\u00e1t a 6050A2560401 k\u00e1rtyaolvas\u00f3val-A02. Ez az eredeti HP-tartoz\u00e9k k\u00e1rtyaolvas\u00f3 k\u00e9pess\u00e9ggel eg\u00e9sz\u00edti ki, amely k\u00e9nyelmes adat\u00e1tviteli \u00e9s t\u00e1rol\u00e1si megold\u00e1sokat tesz lehet\u0151v\u00e9.<\/p>\n","protected":false},"featured_media":1390,"template":"","meta":[],"product_brand":[],"product_cat":[27],"product_tag":[25],"class_list":{"0":"post-1334","1":"product","2":"type-product","3":"status-publish","4":"has-post-thumbnail","6":"product_cat-motherboards-board-parts","7":"product_tag-hp","9":"first","10":"instock","11":"taxable","12":"shipping-taxable","13":"purchasable","14":"product-type-simple"},"_links":{"self":[{"href":"https:\/\/boreait.com\/hu\/wp-json\/wp\/v2\/product\/1334","targetHints":{"allow":["GET"]}}],"collection":[{"href":"https:\/\/boreait.com\/hu\/wp-json\/wp\/v2\/product"}],"about":[{"href":"https:\/\/boreait.com\/hu\/wp-json\/wp\/v2\/types\/product"}],"wp:featuredmedia":[{"embeddable":true,"href":"https:\/\/boreait.com\/hu\/wp-json\/wp\/v2\/media\/1390"}],"wp:attachment":[{"href":"https:\/\/boreait.com\/hu\/wp-json\/wp\/v2\/media?parent=1334"}],"wp:term":[{"taxonomy":"product_brand","embeddable":true,"href":"https:\/\/boreait.com\/hu\/wp-json\/wp\/v2\/product_brand?post=1334"},{"taxonomy":"product_cat","embeddable":true,"href":"https:\/\/boreait.com\/hu\/wp-json\/wp\/v2\/product_cat?post=1334"},{"taxonomy":"product_tag","embeddable":true,"href":"https:\/\/boreait.com\/hu\/wp-json\/wp\/v2\/product_tag?post=1334"}],"curies":[{"name":"wp","href":"https:\/\/api.w.org\/{rel}","templated":true}]}}