{"id":1325,"date":"2025-09-17T09:58:46","date_gmt":"2025-09-17T07:58:46","guid":{"rendered":"https:\/\/boreait.com\/hu\/?post_type=product&#038;p=1325"},"modified":"2025-09-17T10:00:17","modified_gmt":"2025-09-17T08:00:17","slug":"lenovo-thinkpad-l540-55-4lh04-001g-04x2036-smart-card-kartya","status":"publish","type":"product","link":"https:\/\/boreait.com\/hu\/termek\/lenovo-thinkpad-l540-55-4lh04-001g-04x2036-smart-card-kartya\/","title":{"rendered":"Lenovo ThinkPad L540 55.4LH04.001G 04X2036 Smart Card k\u00e1rtya"},"content":{"rendered":"<p>N\u00f6velje Lenovo ThinkPad L540 laptopja biztons\u00e1g\u00e1t \u00e9s k\u00e9pess\u00e9geit az 55.4LH04.001G Smart Card k\u00e1rty\u00e1val. Ezt az alapvet\u0151 tartoz\u00e9kot arra tervezt\u00e9k, hogy intelligens k\u00e1rtya funkci\u00f3kat adjon laptopj\u00e1hoz, tov\u00e1bbi biztons\u00e1gi r\u00e9teget biztos\u00edtva \u00e9s megk\u00f6nny\u00edtve a k\u00e9nyelmes hiteles\u00edt\u00e9si folyamatokat.<\/p>\n<p>A Smart Card Board lehet\u0151v\u00e9 teszi az intelligens k\u00e1rty\u00e1k haszn\u00e1lat\u00e1t a biztons\u00e1gos hiteles\u00edt\u00e9shez, \u00edgy ide\u00e1lis v\u00e1laszt\u00e1s az adatbiztons\u00e1got priorit\u00e1st \u00e9lvez\u0151 szakemberek, v\u00e1llalkoz\u00e1sok \u00e9s mag\u00e1nszem\u00e9lyek sz\u00e1m\u00e1ra. Az intelligens k\u00e1rty\u00e1k biztons\u00e1gos m\u00f3dot ny\u00fajtanak az \u00e9rz\u00e9keny inform\u00e1ci\u00f3k t\u00e1rol\u00e1s\u00e1ra \u00e9s kezel\u00e9s\u00e9re, \u00e9s fokozott v\u00e9delmet k\u00edn\u00e1lnak az illet\u00e9ktelen hozz\u00e1f\u00e9r\u00e9s ellen.<\/p>\n<p>Az 55.4LH04.001G Smart Card Board seg\u00edts\u00e9g\u00e9vel az intelligensk\u00e1rtya-technol\u00f3gi\u00e1t z\u00f6kken\u0151mentesen integr\u00e1lhatja ThinkPad L540 k\u00e9sz\u00fcl\u00e9k\u00e9be. Ez a tartoz\u00e9k egyszer\u0171 telep\u00edt\u00e9st \u00e9s megb\u00edzhat\u00f3 teljes\u00edtm\u00e9nyt biztos\u00edt, mivel ez egy eredeti Lenovo alkatr\u00e9sz, amelyet \u00fagy gy\u00e1rtottak, hogy megfeleljen a m\u00e1rka magas min\u0151s\u00e9gi \u00e9s kompatibilit\u00e1si k\u00f6vetelm\u00e9nyeinek.<\/p>\n<p>Az intelligens k\u00e1rty\u00e1kat sz\u00e9les k\u00f6rben haszn\u00e1lj\u00e1k k\u00fcl\u00f6nf\u00e9le ipar\u00e1gakban \u00e9s alkalmaz\u00e1sokban, bele\u00e9rtve a hozz\u00e1f\u00e9r\u00e9s-szab\u00e1lyoz\u00e1st, a biztons\u00e1gos bejelentkez\u00e9seket, a digit\u00e1lis al\u00e1\u00edr\u00e1sokat \u00e9s egyebeket. Az 55.4LH04.001G intelligens k\u00e1rtyalap be\u00e9p\u00edt\u00e9s\u00e9vel a ThinkPad L540-be n\u00f6veli laptopja k\u00e9pess\u00e9geit, \u00e9s kib\u0151v\u00edti a felhaszn\u00e1l\u00e1si lehet\u0151s\u00e9geit.<\/p>\n<p>Ez a tartoz\u00e9k bizony\u00edtja a Lenovo azon elk\u00f6telezetts\u00e9g\u00e9t, hogy innovat\u00edv megold\u00e1sokat k\u00edn\u00e1ljon, amelyek megfelelnek a modern sz\u00e1m\u00edt\u00e1stechnika v\u00e1ltoz\u00f3 ig\u00e9nyeinek. Legyen sz\u00f3 \u00fczleti szakemberr\u0151l, informatikai rendszergazd\u00e1r\u00f3l vagy biztons\u00e1gtudatos mag\u00e1nszem\u00e9lyr\u0151l, az 55.4LH04.001G Smart Card Board \u00e9rt\u00e9kes kieg\u00e9sz\u00edt\u0151, amely egyszerre biztos\u00edtja a k\u00e9nyelmet \u00e9s a fokozott biztons\u00e1got.<\/p>\n<p>Friss\u00edtse Lenovo ThinkPad L540 k\u00e9sz\u00fcl\u00e9k\u00e9t az 55.4LH04.001G Smart Card Board k\u00e1rty\u00e1val, \u00e9s saj\u00e1t b\u0151r\u00e9n tapasztalja meg az intelligensk\u00e1rtya-technol\u00f3gia el\u0151nyeit. \u00c9lvezze a meger\u0151s\u00edtett adatv\u00e9delmi \u00e9s hiteles\u00edt\u00e9si k\u00e9pess\u00e9gekkel j\u00e1r\u00f3 nyugalmat, mindezt kompakt \u00e9s z\u00f6kken\u0151mentesen integr\u00e1lt form\u00e1ban.<\/p>\n","protected":false},"excerpt":{"rendered":"<p>N\u00f6velje Lenovo ThinkPad L540 biztons\u00e1g\u00e1t \u00e9s funkcionalit\u00e1s\u00e1t az 55.4LH04.001G Smart Card Board seg\u00edts\u00e9g\u00e9vel. Ez a speci\u00e1lis kieg\u00e9sz\u00edt\u0151 intelligens k\u00e1rtya k\u00e9pess\u00e9ggel b\u0151v\u00edti laptopj\u00e1t, n\u00f6velve a biztons\u00e1got \u00e9s lehet\u0151v\u00e9 t\u00e9ve a k\u00e9nyelmes hiteles\u00edt\u00e9st.<\/p>\n","protected":false},"featured_media":1385,"template":"","meta":[],"product_brand":[],"product_cat":[27],"product_tag":[26],"class_list":{"0":"post-1325","1":"product","2":"type-product","3":"status-publish","4":"has-post-thumbnail","6":"product_cat-motherboards-board-parts","7":"product_tag-lenovo","9":"first","10":"instock","11":"taxable","12":"shipping-taxable","13":"purchasable","14":"product-type-simple"},"_links":{"self":[{"href":"https:\/\/boreait.com\/hu\/wp-json\/wp\/v2\/product\/1325","targetHints":{"allow":["GET"]}}],"collection":[{"href":"https:\/\/boreait.com\/hu\/wp-json\/wp\/v2\/product"}],"about":[{"href":"https:\/\/boreait.com\/hu\/wp-json\/wp\/v2\/types\/product"}],"wp:featuredmedia":[{"embeddable":true,"href":"https:\/\/boreait.com\/hu\/wp-json\/wp\/v2\/media\/1385"}],"wp:attachment":[{"href":"https:\/\/boreait.com\/hu\/wp-json\/wp\/v2\/media?parent=1325"}],"wp:term":[{"taxonomy":"product_brand","embeddable":true,"href":"https:\/\/boreait.com\/hu\/wp-json\/wp\/v2\/product_brand?post=1325"},{"taxonomy":"product_cat","embeddable":true,"href":"https:\/\/boreait.com\/hu\/wp-json\/wp\/v2\/product_cat?post=1325"},{"taxonomy":"product_tag","embeddable":true,"href":"https:\/\/boreait.com\/hu\/wp-json\/wp\/v2\/product_tag?post=1325"}],"curies":[{"name":"wp","href":"https:\/\/api.w.org\/{rel}","templated":true}]}}