{"id":1324,"date":"2025-09-17T09:58:46","date_gmt":"2025-09-17T07:58:46","guid":{"rendered":"https:\/\/boreait.com\/hu\/?post_type=product&#038;p=1324"},"modified":"2025-09-17T10:00:12","modified_gmt":"2025-09-17T08:00:12","slug":"010172p00-gsh-g-daughterboard-hp-elitebook-8570p-soros-rs232-es-lan-kartya","status":"publish","type":"product","link":"https:\/\/boreait.com\/hu\/termek\/010172p00-gsh-g-daughterboard-hp-elitebook-8570p-soros-rs232-es-lan-kartya\/","title":{"rendered":"010172P00-GSH-G (Daughterboard) HP Elitebook 8570p soros RS232 \u00e9s LAN k\u00e1rtya"},"content":{"rendered":"<p>N\u00f6velje HP EliteBook 8570p laptopja csatlakoztat\u00e1si lehet\u0151s\u00e9geit a 010172P00-GSH-G Daughterboard seg\u00edts\u00e9g\u00e9vel. Ezt az alapvet\u0151 tartoz\u00e9kot arra tervezt\u00e9k, hogy b\u0151v\u00edtse laptopja k\u00e9pess\u00e9geit a soros RS232 \u00e9s a LAN funkci\u00f3k be\u00e9p\u00edt\u00e9s\u00e9vel, \u00edgy ide\u00e1lis v\u00e1laszt\u00e1s a sokoldal\u00fa \u00e9s megb\u00edzhat\u00f3 csatlakoz\u00e1si lehet\u0151s\u00e9geket ig\u00e9nyl\u0151 felhaszn\u00e1l\u00f3k sz\u00e1m\u00e1ra.<\/p>\n<p>A le\u00e1nylap soros RS232 funkci\u00f3ja lehet\u0151v\u00e9 teszi, hogy laptopj\u00e1t olyan eszk\u00f6z\u00f6k sz\u00e9les sk\u00e1l\u00e1j\u00e1hoz csatlakoztassa, amelyek tov\u00e1bbra is ezt a hagyom\u00e1nyos soros kommunik\u00e1ci\u00f3s szabv\u00e1nyt haszn\u00e1lj\u00e1k. F\u00fcggetlen\u00fcl att\u00f3l, hogy ipari berendez\u00e9sekkel, tudom\u00e1nyos m\u0171szerekkel vagy r\u00e9gi rendszerekkel dolgozik, ez a le\u00e1nylap z\u00f6kken\u0151mentes kapcsolatot biztos\u00edt, amely megk\u00f6nny\u00edti az adat\u00e1tvitelt \u00e9s a kommunik\u00e1ci\u00f3t.<\/p>\n<p>A LAN (Local Area Network) funkcionalit\u00e1s m\u00e9g t\u00f6bb \u00e9rt\u00e9ket ad ehhez a kieg\u00e9sz\u00edt\u0151 t\u00e1bl\u00e1hoz. Lehet\u0151v\u00e9 teszi vezet\u00e9kes h\u00e1l\u00f3zati kapcsolat l\u00e9trehoz\u00e1s\u00e1t, amely stabil \u00e9s megb\u00edzhat\u00f3 m\u00f3dot k\u00edn\u00e1l a v\u00e1llalati h\u00e1l\u00f3zat er\u0151forr\u00e1sainak el\u00e9r\u00e9s\u00e9hez, az internethez val\u00f3 csatlakoz\u00e1shoz vagy nagy sebess\u00e9g\u0171 adat\u00e1tvitelhez.<\/p>\n<p>A 010172P00-GSH-G Daughterboardot \u00fagy tervezt\u00e9k, hogy z\u00f6kken\u0151mentesen integr\u00e1l\u00f3djon a HP EliteBook 8570p laptopba, \u00edgy biztos\u00edtva a probl\u00e9mamentes telep\u00edt\u00e9si folyamatot. Ez a tartoz\u00e9k egy eredeti HP alkatr\u00e9sz, amelyet \u00fagy gy\u00e1rtottak, hogy megfeleljen a m\u00e1rka magas min\u0151s\u00e9gi \u00e9s teljes\u00edtm\u00e9nyk\u00f6vetelm\u00e9nyeinek.<\/p>\n<p>A 010172P00-GSH-G Daughterboarddal kib\u0151v\u00edtheti laptopja k\u00e9pess\u00e9geit \u00e9s csatlakoz\u00e1si lehet\u0151s\u00e9geit, \u00edgy \u00e9rt\u00e9kes kieg\u00e9sz\u00edt\u0151v\u00e9 v\u00e1lik a hat\u00e9kony adatcser\u00e9re \u00e9s kommunik\u00e1ci\u00f3ra t\u00e1maszkod\u00f3 szakemberek, technikusok \u00e9s mag\u00e1nszem\u00e9lyek sz\u00e1m\u00e1ra. \u00c9lvezze a soros RS232 \u00e9s LAN funkci\u00f3k egyetlen tartoz\u00e9kban rejl\u0151 k\u00e9nyelm\u00e9t, amelyet az \u00e1ltal\u00e1nos sz\u00e1m\u00edt\u00e1stechnikai \u00e9lm\u00e9ny fokoz\u00e1s\u00e1ra terveztek. Friss\u00edtse HP EliteBook 8570p k\u00e9sz\u00fcl\u00e9k\u00e9t ezzel a kieg\u00e9sz\u00edt\u0151 alaplappal, \u00e9s t\u00e1rjon fel \u00faj csatlakoz\u00e1si \u00e9s kommunik\u00e1ci\u00f3s lehet\u0151s\u00e9geket.<\/p>\n","protected":false},"excerpt":{"rendered":"<p>N\u00f6velje HP EliteBook 8570p laptopja csatlakoztathat\u00f3s\u00e1g\u00e1t a 010172P00-GSH-G Daughterboard seg\u00edts\u00e9g\u00e9vel. Ez a speci\u00e1lis tartoz\u00e9k soros RS232 \u00e9s LAN k\u00e9pess\u00e9geket ad hozz\u00e1, lehet\u0151v\u00e9 t\u00e9ve, hogy z\u00f6kken\u0151mentesen csatlakozzon sz\u00e1mos eszk\u00f6zh\u00f6z \u00e9s h\u00e1l\u00f3zathoz.<\/p>\n","protected":false},"featured_media":1384,"template":"","meta":[],"product_brand":[],"product_cat":[27],"product_tag":[25],"class_list":{"0":"post-1324","1":"product","2":"type-product","3":"status-publish","4":"has-post-thumbnail","6":"product_cat-motherboards-board-parts","7":"product_tag-hp","9":"first","10":"instock","11":"taxable","12":"shipping-taxable","13":"purchasable","14":"product-type-simple"},"_links":{"self":[{"href":"https:\/\/boreait.com\/hu\/wp-json\/wp\/v2\/product\/1324","targetHints":{"allow":["GET"]}}],"collection":[{"href":"https:\/\/boreait.com\/hu\/wp-json\/wp\/v2\/product"}],"about":[{"href":"https:\/\/boreait.com\/hu\/wp-json\/wp\/v2\/types\/product"}],"wp:featuredmedia":[{"embeddable":true,"href":"https:\/\/boreait.com\/hu\/wp-json\/wp\/v2\/media\/1384"}],"wp:attachment":[{"href":"https:\/\/boreait.com\/hu\/wp-json\/wp\/v2\/media?parent=1324"}],"wp:term":[{"taxonomy":"product_brand","embeddable":true,"href":"https:\/\/boreait.com\/hu\/wp-json\/wp\/v2\/product_brand?post=1324"},{"taxonomy":"product_cat","embeddable":true,"href":"https:\/\/boreait.com\/hu\/wp-json\/wp\/v2\/product_cat?post=1324"},{"taxonomy":"product_tag","embeddable":true,"href":"https:\/\/boreait.com\/hu\/wp-json\/wp\/v2\/product_tag?post=1324"}],"curies":[{"name":"wp","href":"https:\/\/api.w.org\/{rel}","templated":true}]}}