{"id":1323,"date":"2025-09-17T09:58:46","date_gmt":"2025-09-17T07:58:46","guid":{"rendered":"https:\/\/boreait.com\/hu\/?post_type=product&#038;p=1323"},"modified":"2025-09-17T10:00:06","modified_gmt":"2025-09-17T08:00:06","slug":"ls-b184p-nbx0001mt00-eredeti-hp-kartyaolvaso-book-450-g2","status":"publish","type":"product","link":"https:\/\/boreait.com\/hu\/termek\/ls-b184p-nbx0001mt00-eredeti-hp-kartyaolvaso-book-450-g2\/","title":{"rendered":"LS-B184P NBX0001MT00 EREDETI HP K\u00c1RTYAOLVAS\u00d3 BOOK 450 G2"},"content":{"rendered":"<p>N\u00f6velje HP ProBook 450 G2 laptopja k\u00e9pess\u00e9geit az eredeti HP k\u00e1rtyaolvas\u00f3 k\u00e1rty\u00e1val (LS-B184P NBX0001MT00). Ez a cserealkatr\u00e9sz apr\u00f3l\u00e9kosan \u00fagy lett megtervezve, hogy fokozza laptopja funkcionalit\u00e1s\u00e1t, \u00e9s k\u00e9nyelmes legyen a k\u00fcl\u00f6nf\u00e9le mem\u00f3riak\u00e1rty\u00e1k olvas\u00e1sa \u00e9s el\u00e9r\u00e9se.<\/p>\n<p>A k\u00e1rtyaolvas\u00f3 ny\u00edl\u00e1ssal rendelkez\u0151 k\u00e1rtya z\u00f6kken\u0151mentes kompatibilit\u00e1st biztos\u00edt a k\u00fcl\u00f6nb\u00f6z\u0151 t\u00edpus\u00fa mem\u00f3riak\u00e1rty\u00e1kkal, bele\u00e9rtve az SD-k\u00e1rty\u00e1kat, a microSD-k\u00e1rty\u00e1kat \u00e9s m\u00e9g sok m\u00e1st. Ak\u00e1r profi, akinek munk\u00e1val kapcsolatos f\u00e1jlokhoz kell hozz\u00e1f\u00e9rnie, ak\u00e1r h\u00e9tk\u00f6znapi felhaszn\u00e1l\u00f3, aki f\u00e9nyk\u00e9peket \u00e9s vide\u00f3kat szeretne \u00e1tvinni, ez a k\u00e1rtyaolvas\u00f3 k\u00e1rtya gyors \u00e9s hat\u00e9kony adathozz\u00e1f\u00e9r\u00e9st biztos\u00edt.<\/p>\n<p>Az eredeti HP k\u00e1rtyaolvas\u00f3 k\u00e1rtya (LS-B184P NBX0001MT00) kompatibilit\u00e1st \u00e9s optim\u00e1lis teljes\u00edtm\u00e9nyt garant\u00e1l HP ProBook 450 G2 laptopj\u00e1val. \u00dagy gy\u00e1rtott\u00e1k, hogy megfeleljen a HP \u00e1ltal t\u00e1masztott magas k\u00f6vetelm\u00e9nyeknek, biztos\u00edtva a t\u00f6k\u00e9letes illeszked\u00e9st \u00e9s a probl\u00e9mamentes telep\u00edt\u00e9st. Ezzel a cserealkatr\u00e9szrel magabiztosan b\u0151v\u00edtheti laptopja k\u00e9pess\u00e9geit an\u00e9lk\u00fcl, hogy a min\u0151s\u00e9gben kompromisszumot kellene k\u00f6tni.<\/p>\n<p>A k\u00f6nny\u0171 haszn\u00e1lhat\u00f3s\u00e1got szem el\u0151tt tartva megtervezve a k\u00e1rtyaolvas\u00f3 k\u00e1rtya z\u00f6kken\u0151mentesen illeszkedik a laptop diz\u00e1jnj\u00e1ba, \u00edgy a szakemberek, a di\u00e1kok \u00e9s a multim\u00e9di\u00e1s rajong\u00f3k sz\u00e1m\u00e1ra egyar\u00e1nt elengedhetetlen friss\u00edt\u00e9s. Ak\u00e1r egy projekten dolgozik, f\u00e1jlokat m\u00e1sol vagy egyszer\u0171en csak \u00e9lvezi a m\u00e9di\u00e1t, ez a k\u00e1rtya leegyszer\u0171s\u00edti a folyamatot, mivel lehet\u0151v\u00e9 teszi az adatokhoz k\u00f6zvetlen\u00fcl a mem\u00f3riak\u00e1rty\u00e1kr\u00f3l val\u00f3 hozz\u00e1f\u00e9r\u00e9st.<\/p>\n<p>Friss\u00edtse HP ProBook 450 G2 laptopj\u00e1t az eredeti HP k\u00e1rtyaolvas\u00f3 k\u00e1rty\u00e1val (LS-B184P NBX0001MT00), \u00e9s tapasztalja meg a k\u00fcl\u00f6nf\u00e9le mem\u00f3riak\u00e1rty\u00e1kr\u00f3l val\u00f3 gyors \u00e9s hat\u00e9kony adatel\u00e9r\u00e9s k\u00e9nyelm\u00e9t. \u00c9lvezze azt a nyugalmat, amelyet a HP kiv\u00e1l\u00f3 min\u0151s\u00e9g\u0171 cserealkatr\u00e9szeinek haszn\u00e1lata okoz, amelyek c\u00e9lja, hogy jav\u00edts\u00e1k laptopja funkcionalit\u00e1s\u00e1t, mik\u00f6zben meg\u0151rizz\u00e9k a m\u00e1rka h\u00edrnev\u00e9t a megb\u00edzhat\u00f3s\u00e1g \u00e9s a kiv\u00e1l\u00f3s\u00e1g ter\u00e9n.<\/p>\n","protected":false},"excerpt":{"rendered":"<p>B\u0151v\u00edtse HP ProBook 450 G2 laptopja funkcionalit\u00e1s\u00e1t az eredeti HP k\u00e1rtyaolvas\u00f3 k\u00e1rty\u00e1val (LS-B184P NBX0001MT00). Ez a cserealkatr\u00e9sz z\u00f6kken\u0151mentes kompatibilit\u00e1st biztos\u00edt, \u00e9s jav\u00edtja a laptop azon k\u00e9pess\u00e9g\u00e9t, hogy k\u00fcl\u00f6nb\u00f6z\u0151 mem\u00f3riak\u00e1rty\u00e1kat olvasson, k\u00e9nyelmes adathozz\u00e1f\u00e9r\u00e9st \u00e9s adat\u00e1tvitelt biztos\u00edtva.<\/p>\n","protected":false},"featured_media":1383,"template":"","meta":[],"product_brand":[],"product_cat":[27],"product_tag":[25],"class_list":{"0":"post-1323","1":"product","2":"type-product","3":"status-publish","4":"has-post-thumbnail","6":"product_cat-motherboards-board-parts","7":"product_tag-hp","9":"first","10":"instock","11":"taxable","12":"shipping-taxable","13":"purchasable","14":"product-type-simple"},"_links":{"self":[{"href":"https:\/\/boreait.com\/hu\/wp-json\/wp\/v2\/product\/1323","targetHints":{"allow":["GET"]}}],"collection":[{"href":"https:\/\/boreait.com\/hu\/wp-json\/wp\/v2\/product"}],"about":[{"href":"https:\/\/boreait.com\/hu\/wp-json\/wp\/v2\/types\/product"}],"wp:featuredmedia":[{"embeddable":true,"href":"https:\/\/boreait.com\/hu\/wp-json\/wp\/v2\/media\/1383"}],"wp:attachment":[{"href":"https:\/\/boreait.com\/hu\/wp-json\/wp\/v2\/media?parent=1323"}],"wp:term":[{"taxonomy":"product_brand","embeddable":true,"href":"https:\/\/boreait.com\/hu\/wp-json\/wp\/v2\/product_brand?post=1323"},{"taxonomy":"product_cat","embeddable":true,"href":"https:\/\/boreait.com\/hu\/wp-json\/wp\/v2\/product_cat?post=1323"},{"taxonomy":"product_tag","embeddable":true,"href":"https:\/\/boreait.com\/hu\/wp-json\/wp\/v2\/product_tag?post=1323"}],"curies":[{"name":"wp","href":"https:\/\/api.w.org\/{rel}","templated":true}]}}