{"id":1322,"date":"2025-09-17T09:58:46","date_gmt":"2025-09-17T07:58:46","guid":{"rendered":"https:\/\/boreait.com\/hu\/?post_type=product&#038;p=1322"},"modified":"2025-09-17T09:59:59","modified_gmt":"2025-09-17T07:59:59","slug":"dell-latitude-e6410-usb-audiokartya-halozati-csatlakozoaljzattal-ls-5473p","status":"publish","type":"product","link":"https:\/\/boreait.com\/hu\/termek\/dell-latitude-e6410-usb-audiokartya-halozati-csatlakozoaljzattal-ls-5473p\/","title":{"rendered":"DELL Latitude E6410 USB audiok\u00e1rtya h\u00e1l\u00f3zati csatlakoz\u00f3aljzattal LS-5473P"},"content":{"rendered":"<p>B\u0151v\u00edtse DELL Latitude E6410 laptopja csatlakoztathat\u00f3s\u00e1g\u00e1t \u00e9s hangteljes\u00edtm\u00e9ny\u00e9t az USB audiok\u00e1rty\u00e1val (LS-5473P). Ezt az eredeti cserealkatr\u00e9szt \u00fagy tervezt\u00e9k, hogy tov\u00e1bbfejlesztett funkcionalit\u00e1st biztos\u00edtson, lehet\u0151v\u00e9 t\u00e9ve az USB-eszk\u00f6z\u00f6k csatlakoztat\u00e1s\u00e1t, a kiv\u00e1l\u00f3 min\u0151s\u00e9g\u0171 hangkimenet \u00e9lvezet\u00e9t \u00e9s a h\u00e1l\u00f3zati k\u00e9pess\u00e9gek egyszer\u0171 karbantart\u00e1s\u00e1t.<\/p>\n<p>Az USB Audio Board USB-portok, audiocsatlakoz\u00f3k \u00e9s h\u00e1l\u00f3zati csatlakoz\u00f3aljzat kombin\u00e1ci\u00f3j\u00e1t tartalmazza, \u00edgy sokoldal\u00fa kieg\u00e9sz\u00edt\u0151je laptopj\u00e1nak. Ak\u00e1r k\u00fcls\u0151 perif\u00e9ri\u00e1kat, fejhallgat\u00f3t, mikrofont vagy h\u00e1l\u00f3zati k\u00e1belt kell csatlakoztatnia, ez az alaplap z\u00f6kken\u0151mentes \u00e9lm\u00e9nyt biztos\u00edt.<\/p>\n<p>A DELL \u00e1ltal a legmagasabb szabv\u00e1nyok szerint megalkotott USB Audio Board (LS-5473P) t\u00f6k\u00e9letesen illeszkedik Latitude E6410 laptopj\u00e1hoz. \u00dagy tervezt\u00e9k, hogy megfeleljen a gy\u00e1rt\u00f3 specifik\u00e1ci\u00f3inak, garant\u00e1lva a kompatibilit\u00e1st \u00e9s az optim\u00e1lis teljes\u00edtm\u00e9nyt. Az alaplap USB-portjai gyors adat\u00e1tvitelt tesznek lehet\u0151v\u00e9, az audiocsatlakoz\u00f3k tiszta hangkimenetet biztos\u00edtanak, a h\u00e1l\u00f3zati csatlakoz\u00f3aljzat pedig megszak\u00edt\u00e1s n\u00e9lk\u00fcli h\u00e1l\u00f3zat\u00e9p\u00edt\u00e9st tesz lehet\u0151v\u00e9.<\/p>\n<p>A laptop USB-portjai, audiok\u00e9pess\u00e9gei \u00e9s h\u00e1l\u00f3zati funkci\u00f3i elengedhetetlenek a mindennapi feladatokhoz \u00e9s a sz\u00f3rakoz\u00e1shoz. Az USB Audio Board (LS-5473P) gondoskodik arr\u00f3l, hogy ezek a funkci\u00f3k megb\u00edzhat\u00f3ak \u00e9s hat\u00e9konyak legyenek, \u00e9s z\u00f6kken\u0151mentes \u00e9lm\u00e9nyt ny\u00fajtanak ak\u00e1r eszk\u00f6z\u00f6k csatlakoztat\u00e1sakor, ak\u00e1r hanghallgat\u00e1skor, ak\u00e1r h\u00e1l\u00f3zati er\u0151forr\u00e1sokhoz val\u00f3 hozz\u00e1f\u00e9r\u00e9skor.<\/p>\n<p>Friss\u00edtse laptopja csatlakoztathat\u00f3s\u00e1g\u00e1t \u00e9s hangj\u00e1t az USB Audio Board (LS-5473P) seg\u00edts\u00e9g\u00e9vel, \u00e9s \u00e9lvezze a tov\u00e1bbfejlesztett sokoldal\u00fas\u00e1got \u00e9s k\u00e9nyelmet. Ak\u00e1r profi, aki megb\u00edzhat\u00f3 kapcsolatokra van sz\u00fcks\u00e9ge, ak\u00e1r egy lelkes multim\u00e9dia-rajong\u00f3, aki kiv\u00e1l\u00f3 hangmin\u0151s\u00e9gre v\u00e1gyik, ez az eredeti cserealkatr\u00e9sz elengedhetetlen a DELL Latitude E6410 k\u00e9sz\u00fcl\u00e9k\u00e9hez.<\/p>\n","protected":false},"excerpt":{"rendered":"<p>N\u00f6velje DELL Latitude E6410 laptopja csatlakoztathat\u00f3s\u00e1g\u00e1t \u00e9s audiok\u00e9pess\u00e9geit az USB audiok\u00e1rty\u00e1val (LS-5473P). Ez az eredeti cserealkatr\u00e9sz USB-portokkal, audiocsatlakoz\u00f3kkal \u00e9s h\u00e1l\u00f3zati csatlakoz\u00f3aljzattal rendelkezik, biztos\u00edtva a z\u00f6kken\u0151mentes adat\u00e1tvitelt, hangkimenetet \u00e9s h\u00e1l\u00f3zati funkci\u00f3kat.<\/p>\n","protected":false},"featured_media":1382,"template":"","meta":[],"product_brand":[],"product_cat":[27],"product_tag":[17],"class_list":{"0":"post-1322","1":"product","2":"type-product","3":"status-publish","4":"has-post-thumbnail","6":"product_cat-motherboards-board-parts","7":"product_tag-dell","9":"first","10":"instock","11":"taxable","12":"shipping-taxable","13":"purchasable","14":"product-type-simple"},"_links":{"self":[{"href":"https:\/\/boreait.com\/hu\/wp-json\/wp\/v2\/product\/1322","targetHints":{"allow":["GET"]}}],"collection":[{"href":"https:\/\/boreait.com\/hu\/wp-json\/wp\/v2\/product"}],"about":[{"href":"https:\/\/boreait.com\/hu\/wp-json\/wp\/v2\/types\/product"}],"wp:featuredmedia":[{"embeddable":true,"href":"https:\/\/boreait.com\/hu\/wp-json\/wp\/v2\/media\/1382"}],"wp:attachment":[{"href":"https:\/\/boreait.com\/hu\/wp-json\/wp\/v2\/media?parent=1322"}],"wp:term":[{"taxonomy":"product_brand","embeddable":true,"href":"https:\/\/boreait.com\/hu\/wp-json\/wp\/v2\/product_brand?post=1322"},{"taxonomy":"product_cat","embeddable":true,"href":"https:\/\/boreait.com\/hu\/wp-json\/wp\/v2\/product_cat?post=1322"},{"taxonomy":"product_tag","embeddable":true,"href":"https:\/\/boreait.com\/hu\/wp-json\/wp\/v2\/product_tag?post=1322"}],"curies":[{"name":"wp","href":"https:\/\/api.w.org\/{rel}","templated":true}]}}