{"id":1321,"date":"2025-09-17T09:58:46","date_gmt":"2025-09-17T07:58:46","guid":{"rendered":"https:\/\/boreait.com\/hu\/?post_type=product&#038;p=1321"},"modified":"2025-09-17T09:59:55","modified_gmt":"2025-09-17T07:59:55","slug":"eredeti-usb-port-kartya-kabellel-dell-latitude-e5440-ls-9833p","status":"publish","type":"product","link":"https:\/\/boreait.com\/hu\/termek\/eredeti-usb-port-kartya-kabellel-dell-latitude-e5440-ls-9833p\/","title":{"rendered":"Eredeti USB port k\u00e1rtya k\u00e1bellel &#8211; Dell Latitude E5440 &#8211; LS-9833P"},"content":{"rendered":"<p>B\u0151v\u00edtse Dell Latitude E5440 laptopja csatlakoz\u00e1si k\u00e9pess\u00e9geit az Eredeti USB-port k\u00e1bellel (LS-9833P). Ezt a cserealkatr\u00e9szt \u00fagy tervezt\u00e9k, hogy fenntartsa laptopja kiv\u00e1l\u00f3 min\u0151s\u00e9g\u0171 USB-funkci\u00f3it, biztos\u00edtva a megb\u00edzhat\u00f3 kapcsolatokat \u00e9s a hat\u00e9kony adat\u00e1tvitelt.<\/p>\n<p>Ez az eredeti Dell diz\u00e1jnnal rendelkez\u0151 USB-portos k\u00e1rtya k\u00e1bellel t\u00f6k\u00e9letesen illeszkedik Latitude E5440 laptopj\u00e1hoz. A gy\u00e1rt\u00f3 specifik\u00e1ci\u00f3i szerint k\u00e9sz\u00fclt, garant\u00e1lva a kompatibilit\u00e1st \u00e9s az optim\u00e1lis teljes\u00edtm\u00e9nyt. F\u00fcggetlen\u00fcl att\u00f3l, hogy k\u00fcls\u0151 t\u00e1rol\u00f3eszk\u00f6z\u00f6ket, bemeneti perif\u00e9ri\u00e1kat vagy egy\u00e9b USB-kompatibilis tartoz\u00e9kokat csatlakoztat, ez az alaplap z\u00f6kken\u0151mentes m\u0171k\u00f6d\u00e9st biztos\u00edt.<\/p>\n<p>A laptop USB-portjai d\u00f6nt\u0151 szerepet j\u00e1tszanak a funkcionalit\u00e1s b\u0151v\u00edt\u00e9s\u00e9ben. Ez az Eredeti USB-port k\u00e1bellel (LS-9833P) biztos\u00edtja, hogy laptopja USB-portjai kiv\u00e1l\u00f3 \u00e1llapotban legyenek, lehet\u0151v\u00e9 t\u00e9ve a f\u00e1jlok \u00e1tvitel\u00e9t, a h\u00e1l\u00f3zatokhoz val\u00f3 csatlakoz\u00e1st \u00e9s a k\u00fcl\u00f6nf\u00e9le perif\u00e9ri\u00e1k z\u00f6kken\u0151mentes haszn\u00e1lat\u00e1t. A mell\u00e9kelt k\u00e1bel biztos\u00edtja a biztons\u00e1gos csatlakoz\u00e1st \u00e9s a probl\u00e9mamentes telep\u00edt\u00e9st.<\/p>\n<p>Friss\u00edtse laptopja USB-k\u00e9pess\u00e9g\u00e9t az Eredeti USB-port k\u00e1bellel (LS-9833P), \u00e9s tapasztalja meg a tov\u00e1bbfejlesztett csatlakoztathat\u00f3s\u00e1got \u00e9s k\u00e9nyelmet. Legyen sz\u00f3 profir\u00f3l, akinek k\u00fcls\u0151 eszk\u00f6z\u00f6ket kell csatlakoztatnia a munk\u00e1hoz, vagy di\u00e1k, aki laptopja sokoldal\u00fas\u00e1g\u00e1t szeretn\u00e9 b\u0151v\u00edteni, ez a cserealkatr\u00e9sz n\u00e9lk\u00fcl\u00f6zhetetlen kieg\u00e9sz\u00edt\u0151je a Dell Latitude E5440-nek.<\/p>\n","protected":false},"excerpt":{"rendered":"<p>Fokozza Dell Latitude E5440 laptopja csatlakoztathat\u00f3s\u00e1g\u00e1t az Eredeti USB-port k\u00e1bellel (LS-9833P). Ez a cserealkatr\u00e9sz biztos\u00edtja az USB-portok z\u00f6kken\u0151mentes m\u0171k\u00f6d\u00e9s\u00e9t, lehet\u0151v\u00e9 t\u00e9ve a k\u00fcl\u00f6nf\u00e9le perif\u00e9ri\u00e1k \u00e9s eszk\u00f6z\u00f6k egyszer\u0171 csatlakoztat\u00e1s\u00e1t.<\/p>\n","protected":false},"featured_media":1373,"template":"","meta":[],"product_brand":[],"product_cat":[27],"product_tag":[17],"class_list":{"0":"post-1321","1":"product","2":"type-product","3":"status-publish","4":"has-post-thumbnail","6":"product_cat-motherboards-board-parts","7":"product_tag-dell","9":"first","10":"instock","11":"taxable","12":"shipping-taxable","13":"purchasable","14":"product-type-simple"},"_links":{"self":[{"href":"https:\/\/boreait.com\/hu\/wp-json\/wp\/v2\/product\/1321","targetHints":{"allow":["GET"]}}],"collection":[{"href":"https:\/\/boreait.com\/hu\/wp-json\/wp\/v2\/product"}],"about":[{"href":"https:\/\/boreait.com\/hu\/wp-json\/wp\/v2\/types\/product"}],"wp:featuredmedia":[{"embeddable":true,"href":"https:\/\/boreait.com\/hu\/wp-json\/wp\/v2\/media\/1373"}],"wp:attachment":[{"href":"https:\/\/boreait.com\/hu\/wp-json\/wp\/v2\/media?parent=1321"}],"wp:term":[{"taxonomy":"product_brand","embeddable":true,"href":"https:\/\/boreait.com\/hu\/wp-json\/wp\/v2\/product_brand?post=1321"},{"taxonomy":"product_cat","embeddable":true,"href":"https:\/\/boreait.com\/hu\/wp-json\/wp\/v2\/product_cat?post=1321"},{"taxonomy":"product_tag","embeddable":true,"href":"https:\/\/boreait.com\/hu\/wp-json\/wp\/v2\/product_tag?post=1321"}],"curies":[{"name":"wp","href":"https:\/\/api.w.org\/{rel}","templated":true}]}}