{"id":1319,"date":"2025-09-17T09:58:46","date_gmt":"2025-09-17T07:58:46","guid":{"rendered":"https:\/\/boreait.com\/hu\/?post_type=product&#038;p=1319"},"modified":"2026-01-07T09:39:42","modified_gmt":"2026-01-07T08:39:42","slug":"sk-hynix-sc311-128gb-sata-ssd-m-2-06hg72","status":"publish","type":"product","link":"https:\/\/boreait.com\/hu\/termek\/sk-hynix-sc311-128gb-sata-ssd-m-2-06hg72\/","title":{"rendered":"Sk Hynix SC311 128GB SATA SSD M.2 06HG72"},"content":{"rendered":"<p>eg\u00e9szs\u00e9g: 99%<\/p>\n<p>N\u00f6velje eszk\u00f6ze t\u00e1rhely\u00e9t \u00e9s teljes\u00edtm\u00e9ny\u00e9t az SK Hynix SC311 128 GB-os SATA SSD M.2 (cikksz\u00e1m: 06HG72) seg\u00edts\u00e9g\u00e9vel. Ez a szil\u00e1rdtestalap\u00fa meghajt\u00f3 nagy sebess\u00e9g\u0171 t\u00e1rol\u00e1si megold\u00e1st k\u00edn\u00e1l, amely jav\u00edtja eszk\u00f6ze \u00e1ltal\u00e1nos teljes\u00edtm\u00e9ny\u00e9t \u00e9s v\u00e1laszk\u00e9szs\u00e9g\u00e9t.<\/p>\n<p>A 128 GB-os t\u00e1rol\u00f3kapacit\u00e1ssal az SC311 SSD b\u0151s\u00e9ges helyet biztos\u00edt oper\u00e1ci\u00f3s rendszer\u00e9nek, alkalmaz\u00e1sainak \u00e9s f\u00e1jljainak, n\u00f6velve eszk\u00f6ze sebess\u00e9g\u00e9t \u00e9s hat\u00e9konys\u00e1g\u00e1t. Ak\u00e1r munk\u00e1ra, ak\u00e1r sz\u00f3rakoz\u00e1sra vagy termel\u00e9kenys\u00e9gre haszn\u00e1lja, a megn\u00f6velt t\u00e1rol\u00f3kapacit\u00e1s sim\u00e1bb t\u00f6bbfeladatos munkav\u00e9gz\u00e9st \u00e9s gyorsabb hozz\u00e1f\u00e9r\u00e9st biztos\u00edt az adatokhoz.<\/p>\n<p>Az SK Hynix SC311 SSD M.2-es form\u00e1tum\u00e1t \u00fagy tervezt\u00e9k, hogy z\u00f6kken\u0151mentesen illeszkedjen az M.2-es meghajt\u00f3kat t\u00e1mogat\u00f3 laptopokhoz, ultrabookokhoz \u00e9s kism\u00e9ret\u0171 asztali sz\u00e1m\u00edt\u00f3g\u00e9pekhez. Kompakt kialak\u00edt\u00e1sa nemcsak helyet takar\u00edt meg, hanem seg\u00edt az energiafogyaszt\u00e1s cs\u00f6kkent\u00e9s\u00e9ben is, hozz\u00e1j\u00e1rulva a hordozhat\u00f3 eszk\u00f6z\u00f6k hosszabb akkumul\u00e1tor-\u00e9lettartam\u00e1hoz.<\/p>\n<p>A SATA III interf\u00e9sszel kompatibilis SK Hynix SC311 SSD gyors adat\u00e1tviteli sebess\u00e9get biztos\u00edt, \u00e9s jelent\u0151sen cs\u00f6kkenti a rendszerind\u00edt\u00e1si \u00e9s az alkalmaz\u00e1sok bet\u00f6lt\u00e9si idej\u00e9t. Ez a rendszer jobb v\u00e1laszk\u00e9szs\u00e9g\u00e9t \u00e9s jobb \u00e1ltal\u00e1nos sz\u00e1m\u00edt\u00e1si \u00e9lm\u00e9nyt jelent.<\/p>\n<p>N\u00f6velje eszk\u00f6ze t\u00e1rhely\u00e9t \u00e9s teljes\u00edtm\u00e9ny\u00e9t az SK Hynix SC311 128 GB-os SATA SSD M.2 (cikksz\u00e1m: 06HG72) seg\u00edts\u00e9g\u00e9vel. Tapasztalja meg a gyorsabb adathozz\u00e1f\u00e9r\u00e9s, a tov\u00e1bbfejlesztett t\u00f6bbfeladatos kezel\u00e9s \u00e9s a rendszer fokozottabb \u00e1ltal\u00e1nos v\u00e1laszk\u00e9szs\u00e9g\u00e9nek el\u0151nyeit. Ak\u00e1r profi, ak\u00e1r h\u00e9tk\u00f6znapi felhaszn\u00e1l\u00f3, ez az SSD kiv\u00e1l\u00f3 v\u00e1laszt\u00e1s eszk\u00f6ze teljes\u00edtm\u00e9ny\u00e9nek \u00e9s t\u00e1rol\u00f3kapacit\u00e1s\u00e1nak n\u00f6vel\u00e9s\u00e9re.<\/p>\n","protected":false},"excerpt":{"rendered":"<p>Az SK Hynix SC311 128 GB-os SATA SSD M.2 (cikksz\u00e1m: 06HG72) egy nagy teljes\u00edtm\u00e9ny\u0171 t\u00e1rol\u00e1si megold\u00e1s, amely n\u00f6veli eszk\u00f6ze sebess\u00e9g\u00e9t \u00e9s v\u00e1laszk\u00e9szs\u00e9g\u00e9t. A kompakt M.2 form\u00e1tum\u00fa SSD ide\u00e1lis laptopokhoz, ultrabookokhoz \u00e9s kism\u00e9ret\u0171 asztali sz\u00e1m\u00edt\u00f3g\u00e9pekhez, nagyobb t\u00e1rol\u00f3kapacit\u00e1st \u00e9s jobb rendszerteljes\u00edtm\u00e9nyt k\u00edn\u00e1lva.<\/p>\n","protected":false},"featured_media":1371,"template":"","meta":[],"product_brand":[],"product_cat":[43,31],"product_tag":[],"class_list":{"0":"post-1319","1":"product","2":"type-product","3":"status-publish","4":"has-post-thumbnail","6":"product_cat-m-2-sata","7":"product_cat-ssd-hdd-drives","9":"first","10":"instock","11":"taxable","12":"shipping-taxable","13":"purchasable","14":"product-type-simple"},"_links":{"self":[{"href":"https:\/\/boreait.com\/hu\/wp-json\/wp\/v2\/product\/1319","targetHints":{"allow":["GET"]}}],"collection":[{"href":"https:\/\/boreait.com\/hu\/wp-json\/wp\/v2\/product"}],"about":[{"href":"https:\/\/boreait.com\/hu\/wp-json\/wp\/v2\/types\/product"}],"wp:featuredmedia":[{"embeddable":true,"href":"https:\/\/boreait.com\/hu\/wp-json\/wp\/v2\/media\/1371"}],"wp:attachment":[{"href":"https:\/\/boreait.com\/hu\/wp-json\/wp\/v2\/media?parent=1319"}],"wp:term":[{"taxonomy":"product_brand","embeddable":true,"href":"https:\/\/boreait.com\/hu\/wp-json\/wp\/v2\/product_brand?post=1319"},{"taxonomy":"product_cat","embeddable":true,"href":"https:\/\/boreait.com\/hu\/wp-json\/wp\/v2\/product_cat?post=1319"},{"taxonomy":"product_tag","embeddable":true,"href":"https:\/\/boreait.com\/hu\/wp-json\/wp\/v2\/product_tag?post=1319"}],"curies":[{"name":"wp","href":"https:\/\/api.w.org\/{rel}","templated":true}]}}