{"id":1318,"date":"2025-09-17T09:58:45","date_gmt":"2025-09-17T07:58:45","guid":{"rendered":"https:\/\/boreait.com\/hu\/?post_type=product&#038;p=1318"},"modified":"2026-01-14T09:06:26","modified_gmt":"2026-01-14T08:06:26","slug":"459263-002-broadcom-4312mcg-mini-pci-802-11b-g-wifi-adapter","status":"publish","type":"product","link":"https:\/\/boreait.com\/hu\/termek\/459263-002-broadcom-4312mcg-mini-pci-802-11b-g-wifi-adapter\/","title":{"rendered":"459263-002 Broadcom 4312Mcg Mini Pci 802.11B\/G Wifi adapter"},"content":{"rendered":"<p>B\u0151v\u00edtse kompatibilis eszk\u00f6ze vezet\u00e9k n\u00e9lk\u00fcli k\u00e9pess\u00e9geit a Broadcom 4312Mcg Mini PCI 802.11b\/g WiFi-adapterrel (cikksz\u00e1m: 459263-002). Ez az alapvet\u0151 h\u00e1l\u00f3zati tartoz\u00e9k megb\u00edzhat\u00f3 \u00e9s nagy teljes\u00edtm\u00e9ny\u0171 vezet\u00e9k n\u00e9lk\u00fcli kapcsolatot biztos\u00edt, lehet\u0151v\u00e9 t\u00e9ve az internet el\u00e9r\u00e9s\u00e9t, az adatok \u00e1tvitel\u00e9t \u00e9s a helyi h\u00e1l\u00f3zatokhoz val\u00f3 z\u00f6kken\u0151mentes csatlakoz\u00e1st.<\/p>\n<p>A Mini PCI b\u0151v\u00edt\u0151hellyel rendelkez\u0151 eszk\u00f6z\u00f6kkel kompatibilis Wi-Fi adapter t\u00e1mogatja a 802.11b \u00e9s 802.11g vezet\u00e9k n\u00e9lk\u00fcli szabv\u00e1nyokat is. Ez azt jelenti, hogy \u00e9lvezheti a stabil \u00e9s hat\u00e9kony vezet\u00e9k n\u00e9lk\u00fcli h\u00e1l\u00f3zatot, amely kompatibilis a k\u00fcl\u00f6nb\u00f6z\u0151 eszk\u00f6z\u00f6k \u00e9s h\u00e1l\u00f3zatok k\u00f6z\u00f6tt. Ak\u00e1r szem\u00e9lyes haszn\u00e1latra, ak\u00e1r \u00fczleti feladatokra vagy oktat\u00e1si c\u00e9lokra haszn\u00e1lja, a Broadcom 4312Mcg Mini PCI WiFi Adapter z\u00f6kken\u0151mentes \u00e9s megb\u00edzhat\u00f3 vezet\u00e9k n\u00e9lk\u00fcli kapcsolatot biztos\u00edt.<\/p>\n<p>A Broadcom 4312Mcg WiFi-adapter telep\u00edt\u00e9se egyszer\u0171, \u00edgy k\u00f6nnyed\u00e9n friss\u00edtheti eszk\u00f6ze h\u00e1l\u00f3zati k\u00e9pess\u00e9geit. Egyszer\u0171en helyezze be az adaptert a Mini PCI foglalatba, \u00e9s fizikai k\u00e1belek n\u00e9lk\u00fcl csatlakozhat el\u00e9rhet\u0151 vezet\u00e9k n\u00e9lk\u00fcli h\u00e1l\u00f3zatokhoz, csatlakozhat az internethez, \u00e9s kommunik\u00e1lhat m\u00e1s eszk\u00f6z\u00f6kkel.<\/p>\n<p>Maradjon kapcsolatban, \u00e9s \u00e9lvezze a vezet\u00e9k n\u00e9lk\u00fcli h\u00e1l\u00f3zat ny\u00fajtotta k\u00e9nyelmet a Broadcom 4312Mcg Mini PCI 802.11b\/g WiFi-adapterrel (cikksz\u00e1m: 459263-002). Tapasztalja meg az internet \u00e9s a h\u00e1l\u00f3zati er\u0151forr\u00e1sok el\u00e9r\u00e9s\u00e9nek szabads\u00e1g\u00e1t an\u00e9lk\u00fcl, hogy vezet\u00e9kes kapcsolathoz lenne k\u00f6tve. Friss\u00edtse eszk\u00f6ze h\u00e1l\u00f3zati k\u00e9pess\u00e9geit, \u00e9s \u00e9lvezze a megb\u00edzhat\u00f3 \u00e9s hat\u00e9kony vezet\u00e9k n\u00e9lk\u00fcli kapcsolat el\u0151nyeit.<\/p>\n","protected":false},"excerpt":{"rendered":"<p>A Broadcom 4312Mcg Mini PCI 802.11b\/g WiFi-adapter (cikksz\u00e1m: 459263-002) megb\u00edzhat\u00f3 vezet\u00e9k n\u00e9lk\u00fcli kapcsolatot k\u00edn\u00e1l a kompatibilis eszk\u00f6z\u00f6kh\u00f6z. A 802.11b\/g szabv\u00e1nyok t\u00e1mogat\u00e1s\u00e1val ez az adapter z\u00f6kken\u0151mentes vezet\u00e9k n\u00e9lk\u00fcli h\u00e1l\u00f3zatot \u00e9s internet-hozz\u00e1f\u00e9r\u00e9st tesz lehet\u0151v\u00e9.<\/p>\n","protected":false},"featured_media":1370,"template":"","meta":[],"product_brand":[],"product_cat":[27],"product_tag":[],"class_list":{"0":"post-1318","1":"product","2":"type-product","3":"status-publish","4":"has-post-thumbnail","6":"product_cat-motherboards-board-parts","8":"first","9":"instock","10":"taxable","11":"shipping-taxable","12":"purchasable","13":"product-type-simple"},"_links":{"self":[{"href":"https:\/\/boreait.com\/hu\/wp-json\/wp\/v2\/product\/1318","targetHints":{"allow":["GET"]}}],"collection":[{"href":"https:\/\/boreait.com\/hu\/wp-json\/wp\/v2\/product"}],"about":[{"href":"https:\/\/boreait.com\/hu\/wp-json\/wp\/v2\/types\/product"}],"wp:featuredmedia":[{"embeddable":true,"href":"https:\/\/boreait.com\/hu\/wp-json\/wp\/v2\/media\/1370"}],"wp:attachment":[{"href":"https:\/\/boreait.com\/hu\/wp-json\/wp\/v2\/media?parent=1318"}],"wp:term":[{"taxonomy":"product_brand","embeddable":true,"href":"https:\/\/boreait.com\/hu\/wp-json\/wp\/v2\/product_brand?post=1318"},{"taxonomy":"product_cat","embeddable":true,"href":"https:\/\/boreait.com\/hu\/wp-json\/wp\/v2\/product_cat?post=1318"},{"taxonomy":"product_tag","embeddable":true,"href":"https:\/\/boreait.com\/hu\/wp-json\/wp\/v2\/product_tag?post=1318"}],"curies":[{"name":"wp","href":"https:\/\/api.w.org\/{rel}","templated":true}]}}