{"id":13067,"date":"2025-10-08T14:48:07","date_gmt":"2025-10-08T12:48:07","guid":{"rendered":"https:\/\/boreait.com\/hu\/?post_type=product&#038;p=13067"},"modified":"2025-10-08T14:48:08","modified_gmt":"2025-10-08T12:48:08","slug":"dell-wd15-k17a-usb-c-thunderbolt-4k-dokkolo-allomas-180w-tappal","status":"publish","type":"product","link":"https:\/\/boreait.com\/hu\/termek\/dell-wd15-k17a-usb-c-thunderbolt-4k-dokkolo-allomas-180w-tappal\/","title":{"rendered":"Dell WD15 K17A USB-C \/ Thunderbolt 4K dokkol\u00f3 \u00e1llom\u00e1s 180W t\u00e1ppal"},"content":{"rendered":"<p data-start=\"537\" data-end=\"910\">A <strong data-start=\"539\" data-end=\"573\">Dell WD15 K17A dokkol\u00f3 \u00e1llom\u00e1s<\/strong> megb\u00edzhat\u00f3 \u00e9s kompakt megold\u00e1s, amely egyetlen k\u00e1bellel mutatja be laptopod, mint teljes \u00e9rt\u00e9k\u0171 asztali munka\u00e1llom\u00e1s.<br data-start=\"691\" data-end=\"694\" \/>A <strong data-start=\"696\" data-end=\"738\">DisplayPort Alt Mode USB-C-n kereszt\u00fcl<\/strong> lehet\u0151v\u00e9 teszi ak\u00e1r <strong data-start=\"759\" data-end=\"780\">k\u00e9t k\u00fcls\u0151 monitor<\/strong> (legfeljebb 4K felbont\u00e1s), USB perif\u00e9ri\u00e1k, vezet\u00e9kes h\u00e1l\u00f3zat \u00e9s audioberendez\u00e9sek csatlakoztat\u00e1s\u00e1t, mik\u00f6zben t\u00f6lti is a laptopot.<\/p>\n<p data-start=\"912\" data-end=\"1245\">Ez a K17A verzi\u00f3 tartalmazza az <strong data-start=\"944\" data-end=\"1000\">eredeti Dell 180 W t\u00e1pegys\u00e9get (modell sz\u00e1m: 047RW6)<\/strong>, amely stabil m\u0171k\u00f6d\u00e9st biztos\u00edt mind a dokkol\u00f3 egys\u00e9gnek, mind a hozz\u00e1 csatlakoztatott laptopnak (ak\u00e1r 130 W-ig, modellt\u0151l f\u00fcgg\u0151en).<br data-start=\"1133\" data-end=\"1136\" \/>Kiv\u00e1l\u00f3 v\u00e1laszt\u00e1s <strong data-start=\"1153\" data-end=\"1186\">Dell Latitude, Precision, XPS<\/strong> \u00e9s m\u00e1s USB-C DisplayPort Alt Mode-ot t\u00e1mogat\u00f3 laptopokhoz.<\/p>\n<h4 data-start=\"1247\" data-end=\"1267\">\u2705 F\u0151 jellemz\u0151k:<\/h4>\n<ul data-start=\"1268\" data-end=\"1625\">\n<li data-start=\"1268\" data-end=\"1337\">\n<p data-start=\"1270\" data-end=\"1337\">Egy k\u00e1bel USB-C-n kereszt\u00fcl video, adat \u00e9s energia tov\u00e1bb\u00edt\u00e1s\u00e1hoz<\/p>\n<\/li>\n<li data-start=\"1338\" data-end=\"1407\">\n<p data-start=\"1340\" data-end=\"1407\">Vide\u00f3kimenetek: 1 \u00d7 mini DisplayPort, 1 \u00d7 HDMI, 1 \u00d7 VGA (ak\u00e1r 4K)<\/p>\n<\/li>\n<li data-start=\"1408\" data-end=\"1447\">\n<p data-start=\"1410\" data-end=\"1447\">2 \u00d7 USB 3.0 el\u00f6l, 3 \u00d7 USB 2.0 h\u00e1tul<\/p>\n<\/li>\n<li data-start=\"1448\" data-end=\"1478\">\n<p data-start=\"1450\" data-end=\"1478\">Gigabites Ethernet (RJ-45)<\/p>\n<\/li>\n<li data-start=\"1479\" data-end=\"1533\">\n<p data-start=\"1481\" data-end=\"1533\">Kombin\u00e1lt f\u00fclhallgat\u00f3\/mikrofon csatlakoz\u00f3 (3,5 mm)<\/p>\n<\/li>\n<li data-start=\"1534\" data-end=\"1567\">\n<p data-start=\"1536\" data-end=\"1567\">Laptop t\u00f6lt\u00e9se ak\u00e1r 130 W-kal<\/p>\n<\/li>\n<li data-start=\"1568\" data-end=\"1625\">\n<p data-start=\"1570\" data-end=\"1625\">Tartalmaz <strong data-start=\"1580\" data-end=\"1623\">eredeti Dell 180 W t\u00e1pell\u00e1t\u00e1st (047RW6)<\/strong><\/p>\n<\/li>\n<\/ul>\n<h4 data-start=\"1627\" data-end=\"1650\">\u2699\ufe0f Kompatibilit\u00e1s:<\/h4>\n<ul data-start=\"1651\" data-end=\"1862\">\n<li data-start=\"1651\" data-end=\"1704\">\n<p data-start=\"1653\" data-end=\"1704\">Dell Latitude \/ Precision \/ XPS sorozat\u00fa laptopok<\/p>\n<\/li>\n<li data-start=\"1705\" data-end=\"1780\">\n<p data-start=\"1707\" data-end=\"1780\">M\u00e1s laptopok USB-C porttal, melyek t\u00e1mogatj\u00e1k a DisplayPort Alt Mode-ot<\/p>\n<\/li>\n<li data-start=\"1781\" data-end=\"1862\">\n<p data-start=\"1783\" data-end=\"1862\">Kompatibilis Windows 10\/11 rendszerrel, illetve legt\u00f6bb Linux disztrib\u00faci\u00f3val<\/p>\n<\/li>\n<\/ul>\n<h4 data-start=\"1864\" data-end=\"1885\">\ud83d\udca1 Megjegyz\u00e9sek:<\/h4>\n<p data-start=\"1886\" data-end=\"2080\">A legjobb teljes\u00edtm\u00e9ny \u00e9rdek\u00e9ben aj\u00e1nlott a BIOS \u00e9s az illeszt\u0151programok friss\u00edt\u00e9se a Dell Support weboldalr\u00f3l.<br data-start=\"1997\" data-end=\"2000\" \/>Mindig el\u0151sz\u00f6r k\u00f6sd be a t\u00e1pegys\u00e9get a dokkol\u00f3ba, majd csatlakoztasd a laptopot.<\/p>\n","protected":false},"excerpt":{"rendered":"<p>A Dell WD15 K17A dokkol\u00f3 \u00e1llom\u00e1s lehet\u0151v\u00e9 teszi, hogy laptopodat egyetlen USB-C k\u00e1bellel csatlakoztasd monitorokhoz, billenty\u0171zethez, eg\u00e9rhez \u00e9s h\u00e1l\u00f3zathoz. T\u00e1mogatja a 4K vide\u00f3t, \u00e9s ak\u00e1r 130 W t\u00f6lt\u00e9st is biztos\u00edt. Az eredeti 180 W Dell t\u00e1pegys\u00e9g mell\u00e9kelve.<\/p>\n","protected":false},"featured_media":13068,"template":"","meta":[],"product_brand":[],"product_cat":[96],"product_tag":[17],"class_list":{"0":"post-13067","1":"product","2":"type-product","3":"status-publish","4":"has-post-thumbnail","6":"product_cat-dokkolo-allomasok","7":"product_tag-dell","9":"first","10":"instock","11":"taxable","12":"shipping-taxable","13":"purchasable","14":"product-type-simple"},"_links":{"self":[{"href":"https:\/\/boreait.com\/hu\/wp-json\/wp\/v2\/product\/13067","targetHints":{"allow":["GET"]}}],"collection":[{"href":"https:\/\/boreait.com\/hu\/wp-json\/wp\/v2\/product"}],"about":[{"href":"https:\/\/boreait.com\/hu\/wp-json\/wp\/v2\/types\/product"}],"wp:featuredmedia":[{"embeddable":true,"href":"https:\/\/boreait.com\/hu\/wp-json\/wp\/v2\/media\/13068"}],"wp:attachment":[{"href":"https:\/\/boreait.com\/hu\/wp-json\/wp\/v2\/media?parent=13067"}],"wp:term":[{"taxonomy":"product_brand","embeddable":true,"href":"https:\/\/boreait.com\/hu\/wp-json\/wp\/v2\/product_brand?post=13067"},{"taxonomy":"product_cat","embeddable":true,"href":"https:\/\/boreait.com\/hu\/wp-json\/wp\/v2\/product_cat?post=13067"},{"taxonomy":"product_tag","embeddable":true,"href":"https:\/\/boreait.com\/hu\/wp-json\/wp\/v2\/product_tag?post=13067"}],"curies":[{"name":"wp","href":"https:\/\/api.w.org\/{rel}","templated":true}]}}