{"id":1303,"date":"2025-09-17T09:58:22","date_gmt":"2025-09-17T07:58:22","guid":{"rendered":"https:\/\/boreait.com\/hu\/?post_type=product&#038;p=1303"},"modified":"2026-01-14T09:06:09","modified_gmt":"2026-01-14T08:06:09","slug":"hp-elitebook-9470m-9480m-8570p-8470p-wwan-mobil-szelessavu-kartya-sps-710788-001","status":"publish","type":"product","link":"https:\/\/boreait.com\/hu\/termek\/hp-elitebook-9470m-9480m-8570p-8470p-wwan-mobil-szelessavu-kartya-sps-710788-001\/","title":{"rendered":"Hp Elitebook 9470m 9480m 8570p 8470p WWAN mobil sz\u00e9less\u00e1v\u00fa k\u00e1rtya SPS: 710788-001"},"content":{"rendered":"<p>Maradjon kapcsolatban \u00e9s produkt\u00edv, b\u00e1rhov\u00e1 is megy a HP EliteBook 9470m, 9480m, 8570p \u00e9s 8470p WWAN mobil sz\u00e9less\u00e1v\u00fa k\u00e1rty\u00e1val (SPS: 710788-001). Ezt az alapvet\u0151 tartoz\u00e9kot \u00fagy tervezt\u00e9k, hogy z\u00f6kken\u0151mentes csatlakoz\u00e1st biztos\u00edtson a mobil sz\u00e9less\u00e1v\u00fa h\u00e1l\u00f3zatokhoz, lehet\u0151v\u00e9 t\u00e9ve az internethez, e-mailekhez \u00e9s egy\u00e9b adatokhoz val\u00f3 hozz\u00e1f\u00e9r\u00e9st \u00fatk\u00f6zben, an\u00e9lk\u00fcl, hogy Wi-Fi-re lenne sz\u00fcks\u00e9ge.<\/p>\n<p>A kompatibilis HP laptopokkal val\u00f3 egy\u00fcttm\u0171k\u00f6d\u00e9sre tervezt\u00e9k, bele\u00e9rtve az EliteBook 9470m, 9480m, 8570p \u00e9s 8470p modelleket is. Ez a WWAN (Wireless Wide Area Network) k\u00e1rtya lehet\u0151v\u00e9 teszi a mobilh\u00e1l\u00f3zatokhoz val\u00f3 csatlakoz\u00e1st a nagy sebess\u00e9g\u0171 adat\u00e1tvitel \u00e9rdek\u00e9ben. K\u00fcl\u00f6nf\u00e9le mobil sz\u00e9less\u00e1v\u00fa technol\u00f3gi\u00e1kat t\u00e1mogat, biztos\u00edtva a kompatibilit\u00e1st a k\u00fcl\u00f6nb\u00f6z\u0151 szolg\u00e1ltat\u00f3kkal \u00e9s h\u00e1l\u00f3zatokkal.<\/p>\n<p>A HP WWAN mobil sz\u00e9less\u00e1v\u00fa k\u00e1rtya telep\u00edt\u00e9se egyszer\u0171 \u00e9s probl\u00e9mamentes. Csak helyezze be a k\u00e1rty\u00e1t a laptop kijel\u00f6lt ny\u00edl\u00e1s\u00e1ba, \u00e9s m\u00e1ris hozz\u00e1f\u00e9rhet az internethez, \u00e9s kapcsolatban maradhat utaz\u00e1s, t\u00e1voli munkav\u00e9gz\u00e9s vagy \u00fatk\u00f6zben is. A k\u00e1rty\u00e1t \u00fagy tervezt\u00e9k, hogy megb\u00edzhat\u00f3 \u00e9s stabil kapcsolatot biztos\u00edtson m\u00e9g korl\u00e1tozott Wi-Fi-lefedetts\u00e9ggel rendelkez\u0151 ter\u00fcleteken is.<\/p>\n<p>A HP EliteBook 9470m, 9480m, 8570p \u00e9s 8470p WWAN mobil sz\u00e9less\u00e1v\u00fa k\u00e1rty\u00e1val (SPS: 710788-001) megtapasztalhatja a megb\u00edzhat\u00f3 internetkapcsolat k\u00e9nyelm\u00e9t, b\u00e1rhol is van. Ak\u00e1r fontos feladatokon dolgozik, ak\u00e1r online megbesz\u00e9l\u00e9seken vesz r\u00e9szt, vagy egyszer\u0171en csak kapcsolatban marad bar\u00e1taival \u00e9s csal\u00e1dj\u00e1val, ez a mobil sz\u00e9less\u00e1v\u00fa k\u00e1rtya biztos\u00edtja, hogy mindig kapcsolatban legyen, produkt\u00edv \u00e9s t\u00e1j\u00e9kozott legyen.<\/p>\n<p>Friss\u00edtse kompatibilis HP EliteBook laptopj\u00e1t a HP WWAN mobil sz\u00e9less\u00e1v\u00fa k\u00e1rty\u00e1val, \u00e9s \u00e9lvezze a z\u00f6kken\u0151mentes internetkapcsolat el\u0151nyeit \u00fatk\u00f6zben. Tapasztalja meg a munka \u00e9s a kommunik\u00e1ci\u00f3 szabads\u00e1g\u00e1t gyakorlatilag b\u00e1rhonnan an\u00e9lk\u00fcl, hogy kiz\u00e1r\u00f3lag Wi-Fi h\u00e1l\u00f3zatokra t\u00e1maszkodna. Maradjon kapcsolatban, produkt\u00edv \u00e9s hat\u00e9kony a HP EliteBook WWAN mobil sz\u00e9less\u00e1v\u00fa k\u00e1rty\u00e1val.<\/p>\n","protected":false},"excerpt":{"rendered":"<p>A HP EliteBook 9470m, 9480m, 8570p \u00e9s 8470p WWAN mobil sz\u00e9less\u00e1v\u00fa k\u00e1rtya (SPS: 710788-001) egy megb\u00edzhat\u00f3 \u00e9s sokoldal\u00fa tartoz\u00e9k, amely z\u00f6kken\u0151mentes kapcsolatot biztos\u00edt \u00fatk\u00f6zben. A mobil sz\u00e9less\u00e1v\u00fa h\u00e1l\u00f3zatok t\u00e1mogat\u00e1s\u00e1val ez a k\u00e1rtya lehet\u0151v\u00e9 teszi, hogy kapcsolatban maradjon az internettel, \u00e9s b\u00e1rmikor, b\u00e1rhol el\u00e9rje adatait.<\/p>\n","protected":false},"featured_media":1369,"template":"","meta":[],"product_brand":[],"product_cat":[27],"product_tag":[25],"class_list":{"0":"post-1303","1":"product","2":"type-product","3":"status-publish","4":"has-post-thumbnail","6":"product_cat-motherboards-board-parts","7":"product_tag-hp","9":"first","10":"instock","11":"taxable","12":"shipping-taxable","13":"purchasable","14":"product-type-simple"},"_links":{"self":[{"href":"https:\/\/boreait.com\/hu\/wp-json\/wp\/v2\/product\/1303","targetHints":{"allow":["GET"]}}],"collection":[{"href":"https:\/\/boreait.com\/hu\/wp-json\/wp\/v2\/product"}],"about":[{"href":"https:\/\/boreait.com\/hu\/wp-json\/wp\/v2\/types\/product"}],"wp:featuredmedia":[{"embeddable":true,"href":"https:\/\/boreait.com\/hu\/wp-json\/wp\/v2\/media\/1369"}],"wp:attachment":[{"href":"https:\/\/boreait.com\/hu\/wp-json\/wp\/v2\/media?parent=1303"}],"wp:term":[{"taxonomy":"product_brand","embeddable":true,"href":"https:\/\/boreait.com\/hu\/wp-json\/wp\/v2\/product_brand?post=1303"},{"taxonomy":"product_cat","embeddable":true,"href":"https:\/\/boreait.com\/hu\/wp-json\/wp\/v2\/product_cat?post=1303"},{"taxonomy":"product_tag","embeddable":true,"href":"https:\/\/boreait.com\/hu\/wp-json\/wp\/v2\/product_tag?post=1303"}],"curies":[{"name":"wp","href":"https:\/\/api.w.org\/{rel}","templated":true}]}}