{"id":13025,"date":"2025-09-17T14:01:40","date_gmt":"2025-09-17T12:01:40","guid":{"rendered":"https:\/\/boreait.com\/hu\/?post_type=product&#038;p=13025"},"modified":"2025-09-17T14:04:44","modified_gmt":"2025-09-17T12:04:44","slug":"samsung-galaxy-a54-5g-a546-lcd-erintokepernyo-digitalizalo-keret-fekete-oled","status":"publish","type":"product","link":"https:\/\/boreait.com\/hu\/termek\/samsung-galaxy-a54-5g-a546-lcd-erintokepernyo-digitalizalo-keret-fekete-oled\/","title":{"rendered":"Samsung Galaxy A54 5G A546 LCD \u00e9rint\u0151k\u00e9perny\u0151 digitaliz\u00e1l\u00f3 + keret fekete OLED"},"content":{"rendered":"<p data-start=\"345\" data-end=\"588\">Cser\u00e9lje ki a repedt vagy hib\u00e1s kijelz\u0151t erre az <strong data-start=\"391\" data-end=\"464\">eredeti Samsung Galaxy A54 5G LCD + \u00e9rint\u0151k\u00e9perny\u0151 + keret (fekete OLED)<\/strong>re.<br data-start=\"465\" a t\u00f6k\u00e9letes vissza\u00e1ll\u00edt\u00e1st \u00e9s a teljes illeszked\u00e9st biztos\u00edtja\" \/s\" funkcionalit\u00e1s, f\u00e9nyer\u0151 \u00e9s \u00e9l\u00e9nk sz\u00ednmin\u0151s\u00e9g.<\/p>\n<p data-start=\"590\" data-end=\"612\"><strong data-start=\"590\" data-end=\"610\">Term\u00e9k r\u00e9szletei:<\/strong><\/p>\n<ul data-start=\"613\" data-end=\"886\">\n<li data-start=\"613\" data-end=\"656\">\n<p data-start=\"615\" data-end=\"656\">Modell: <strong data-start=\"622\" data-end=\"654\">Samsung Galaxy A54 5G (A546)<\/strong><\/p>\n<\/li>\n<li data-start=\"657\" data-end=\"706\">\n<p data-start=\"659\" data-end=\"706\">T\u00edpus: <strong data-start=\"665\" data-end=\"704\">LCD + \u00e9rint\u0151k\u00e9perny\u0151 digitaliz\u00e1l\u00f3 + keret<\/strong><\/p>\n<\/li>\n<li data-start=\"707\" data-end=\"727\">\n<p data-start=\"709\" data-end=\"727\">Sz\u00edn: <strong data-start=\"716\" data-end=\"725\">fekete<\/strong><\/p>\n<\/li>\n<li data-start=\"728\" data-end=\"789\">\n<p data-start=\"730\" data-end=\"789\">Technol\u00f3gia: <strong data-start=\"742\" data-end=\"750\">OLED<\/strong> az \u00e9l\u00e9nk sz\u00ednek \u00e9s a m\u00e9ly kontraszt \u00e9rdek\u00e9ben<\/p>\n<\/li>\n<li data-start=\"790\" data-end=\"839\">\n<p data-start=\"792\" data-end=\"839\">\u00c1llapot: <strong data-start=\"803\" data-end=\"837\">Eredeti, j\u00f3 min\u0151s\u00e9g\u0171, tesztelt<\/strong><\/p>\n<\/li>\n<li data-start=\"840\" data-end=\"886\">\n<p data-start=\"842\" data-end=\"886\">K\u00f6nny\u0171 telep\u00edt\u00e9s el\u0151re \u00f6sszeszerelt kerettel<\/p>\n<\/li>\n<\/ul>\n<p data-start=\"888\" data-end=\"976\"><strong data-start=\"888\" data-end=\"909\">A csomag tartalma:<\/strong><br data-start=\"909\" data-end=\"912\" \/>1x Samsung Galaxy A54 5G (A546) LCD + \u00e9rint\u0151k\u00e9perny\u0151 +<\/p>\n<p> fekete OL keret<\/p>\n<p data-start=\"978\" data-end=\"1067\">T\u00f6k\u00e9letes cserealkatr\u00e9sz, hogy okostelefonja kijelz\u0151j\u00e9t \u00fajszer\u0171 \u00e1llapotba hozza.<\/p>\n","protected":false},"excerpt":{"rendered":"<p>#VALUE!<\/p>\n","protected":false},"featured_media":13060,"template":"","meta":[],"product_brand":[],"product_cat":[95],"product_tag":[60],"class_list":{"0":"post-13025","1":"product","2":"type-product","3":"status-publish","4":"has-post-thumbnail","6":"product_cat-mobile-phone-parts","7":"product_tag-samsung","9":"first","10":"instock","11":"taxable","12":"shipping-taxable","13":"purchasable","14":"product-type-simple"},"_links":{"self":[{"href":"https:\/\/boreait.com\/hu\/wp-json\/wp\/v2\/product\/13025","targetHints":{"allow":["GET"]}}],"collection":[{"href":"https:\/\/boreait.com\/hu\/wp-json\/wp\/v2\/product"}],"about":[{"href":"https:\/\/boreait.com\/hu\/wp-json\/wp\/v2\/types\/product"}],"wp:featuredmedia":[{"embeddable":true,"href":"https:\/\/boreait.com\/hu\/wp-json\/wp\/v2\/media\/13060"}],"wp:attachment":[{"href":"https:\/\/boreait.com\/hu\/wp-json\/wp\/v2\/media?parent=13025"}],"wp:term":[{"taxonomy":"product_brand","embeddable":true,"href":"https:\/\/boreait.com\/hu\/wp-json\/wp\/v2\/product_brand?post=13025"},{"taxonomy":"product_cat","embeddable":true,"href":"https:\/\/boreait.com\/hu\/wp-json\/wp\/v2\/product_cat?post=13025"},{"taxonomy":"product_tag","embeddable":true,"href":"https:\/\/boreait.com\/hu\/wp-json\/wp\/v2\/product_tag?post=13025"}],"curies":[{"name":"wp","href":"https:\/\/api.w.org\/{rel}","templated":true}]}}