{"id":1302,"date":"2025-09-17T09:58:22","date_gmt":"2025-09-17T07:58:22","guid":{"rendered":"https:\/\/boreait.com\/hu\/?post_type=product&#038;p=1302"},"modified":"2025-09-17T09:59:46","modified_gmt":"2025-09-17T07:59:46","slug":"bulk-3-x-hynix-1-gb-2rx16-pc2-6400s-666-12-hymp112s64cp6-s6-memoria","status":"publish","type":"product","link":"https:\/\/boreait.com\/hu\/termek\/bulk-3-x-hynix-1-gb-2rx16-pc2-6400s-666-12-hymp112s64cp6-s6-memoria\/","title":{"rendered":"BULK 3 x HYNIX 1 GB 2RX16 PC2-6400S-666-12 HYMP112S64CP6-S6 mem\u00f3ria"},"content":{"rendered":"<p>N\u00f6velje laptopja mem\u00f3riakapacit\u00e1s\u00e1t \u00e9s teljes\u00edtm\u00e9ny\u00e9t a BULK 3 x Hynix 1GB 2RX16 PC2-6400S-666-12 HYMP112S64CP6-S6 mem\u00f3riamodullal. A z\u00f6kken\u0151mentes \u00e9s hat\u00e9kony sz\u00e1m\u00edt\u00e1stechnikai \u00e9lm\u00e9ny biztos\u00edt\u00e1s\u00e1ra tervezett mem\u00f3riamodul kiv\u00e1l\u00f3 lehet\u0151s\u00e9g laptopja t\u00f6bbfeladatos k\u00e9pess\u00e9g\u00e9nek, v\u00e1laszk\u00e9szs\u00e9g\u00e9nek \u00e9s \u00e1ltal\u00e1nos teljes\u00edtm\u00e9ny\u00e9nek jav\u00edt\u00e1s\u00e1ra.<\/p>\n<p>Az 1 GB-os mem\u00f3riakapacit\u00e1snak k\u00f6sz\u00f6nhet\u0151en ez a modul b\u0151s\u00e9ges helyet k\u00edn\u00e1l t\u00f6bb alkalmaz\u00e1s egyidej\u0171 futtat\u00e1s\u00e1hoz, n\u00f6velve a termel\u00e9kenys\u00e9get \u00e9s megel\u0151zve az el\u00e9gtelen mem\u00f3ria okozta lassul\u00e1sokat. PC2-6400 (DDR2-800) sebess\u00e9ggel m\u0171k\u00f6dik, ami nagyobb adat\u00e1tviteli sebess\u00e9get \u00e9s jobb rendszer v\u00e1laszk\u00e9szs\u00e9get biztos\u00edt.<\/p>\n<p>A 2RX16 konfigur\u00e1ci\u00f3 azt jelzi, hogy a modul kett\u0151s rang\u00fa be\u00e1ll\u00edt\u00e1st haszn\u00e1l, optimaliz\u00e1lva a mem\u00f3riael\u00e9r\u00e9st \u00e9s az adat\u00e1tvitel hat\u00e9konys\u00e1g\u00e1t. Ez a konfigur\u00e1ci\u00f3 k\u00fcl\u00f6n\u00f6sen el\u0151ny\u00f6s olyan feladatokn\u00e1l, amelyek nagy mem\u00f3riahaszn\u00e1latot ig\u00e9nyelnek, mint p\u00e9ld\u00e1ul a vide\u00f3szerkeszt\u00e9s, a j\u00e1t\u00e9kok \u00e9s a grafikai tervez\u00e9s.<\/p>\n<p>A BULK Hynix 1 GB 2RX16 PC2-6400S-666-12 HYMP112S64CP6-S6 mem\u00f3riamodul telep\u00edt\u00e9se egyszer\u0171, \u00e9s kompatibilis a DDR2 mem\u00f3ri\u00e1t t\u00e1mogat\u00f3 k\u00fcl\u00f6nf\u00e9le laptopmodellekkel. Ak\u00e1r egy r\u00e9gebbi laptopot friss\u00edt, ak\u00e1r egyszer\u0171en csak a rendszer teljes\u00edtm\u00e9ny\u00e9t szeretn\u00e9 n\u00f6velni, ez a mem\u00f3riamodul k\u00f6lts\u00e9ghat\u00e9kony megold\u00e1st k\u00edn\u00e1l.<\/p>\n<p>Ha a megb\u00edzhat\u00f3 \u00e9s j\u00f3 min\u0151s\u00e9g\u0171 mem\u00f3ri\u00e1ba fektet be, mint p\u00e9ld\u00e1ul a BULK Hynix 1GB 2RX16 PC2-6400S-666-12 HYMP112S64CP6-S6, jelent\u0151sen jav\u00edthatja laptopja k\u00e9pess\u00e9geit. Tapasztalja meg a sim\u00e1bb t\u00f6bbfeladatos munkav\u00e9gz\u00e9st, a jobb alkalmaz\u00e1sok teljes\u00edtm\u00e9ny\u00e9t \u00e9s a gyorsabb adatfeldolgoz\u00e1st ezzel a mem\u00f3riamodullal. B\u0151v\u00edtse laptopja mem\u00f3ri\u00e1j\u00e1t m\u00e9g ma, \u00e9s \u00e9lvezze a hat\u00e9konyabb \u00e9s gyorsabb sz\u00e1m\u00edt\u00e1si \u00e9lm\u00e9nyt.<\/p>\n","protected":false},"excerpt":{"rendered":"<p>A BULK Hynix 1 GB 2RX16 PC2-6400S-666-12 HYMP112S64CP6-S6 mem\u00f3riamodul megb\u00edzhat\u00f3 \u00e9s hat\u00e9kony laptop RAM b\u0151v\u00edt\u00e9si lehet\u0151s\u00e9g. 1 GB kapacit\u00e1s\u00e1val \u00e9s PC2-6400 (DDR2-800) sebess\u00e9g\u00e9vel ez a mem\u00f3riamodul jav\u00edtja rendszere teljes\u00edtm\u00e9ny\u00e9t, v\u00e1laszk\u00e9szs\u00e9g\u00e9t \u00e9s t\u00f6bbfeladatos k\u00e9pess\u00e9geit.<\/p>\n","protected":false},"featured_media":1368,"template":"","meta":[],"product_brand":[],"product_cat":[41,36],"product_tag":[],"class_list":{"0":"post-1302","1":"product","2":"type-product","3":"status-publish","4":"has-post-thumbnail","6":"product_cat-ddr2","7":"product_cat-ram-memory","9":"first","10":"instock","11":"taxable","12":"shipping-taxable","13":"purchasable","14":"product-type-simple"},"_links":{"self":[{"href":"https:\/\/boreait.com\/hu\/wp-json\/wp\/v2\/product\/1302","targetHints":{"allow":["GET"]}}],"collection":[{"href":"https:\/\/boreait.com\/hu\/wp-json\/wp\/v2\/product"}],"about":[{"href":"https:\/\/boreait.com\/hu\/wp-json\/wp\/v2\/types\/product"}],"wp:featuredmedia":[{"embeddable":true,"href":"https:\/\/boreait.com\/hu\/wp-json\/wp\/v2\/media\/1368"}],"wp:attachment":[{"href":"https:\/\/boreait.com\/hu\/wp-json\/wp\/v2\/media?parent=1302"}],"wp:term":[{"taxonomy":"product_brand","embeddable":true,"href":"https:\/\/boreait.com\/hu\/wp-json\/wp\/v2\/product_brand?post=1302"},{"taxonomy":"product_cat","embeddable":true,"href":"https:\/\/boreait.com\/hu\/wp-json\/wp\/v2\/product_cat?post=1302"},{"taxonomy":"product_tag","embeddable":true,"href":"https:\/\/boreait.com\/hu\/wp-json\/wp\/v2\/product_tag?post=1302"}],"curies":[{"name":"wp","href":"https:\/\/api.w.org\/{rel}","templated":true}]}}