{"id":13018,"date":"2025-09-17T14:01:15","date_gmt":"2025-09-17T12:01:15","guid":{"rendered":"https:\/\/boreait.com\/hu\/?post_type=product&#038;p=13018"},"modified":"2025-09-17T14:04:36","modified_gmt":"2025-09-17T12:04:36","slug":"lenovo-thinkpad-t460-kijelzo-hatlapja-scb0h21608-kameraval","status":"publish","type":"product","link":"https:\/\/boreait.com\/hu\/termek\/lenovo-thinkpad-t460-kijelzo-hatlapja-scb0h21608-kameraval\/","title":{"rendered":"Lenovo ThinkPad T460 kijelz\u0151 h\u00e1tlapja SCB0H21608 kamer\u00e1val"},"content":{"rendered":"<p data-start=\"351\" data-end=\"615\">V\u00e1rja vissza Lenovo ThinkPad professzion\u00e1lis megjelen\u00e9s\u00e9t \u00e9s k\u00e9perny\u0151v\u00e9delm\u00e9t ezzel a <strong data-start=\"432\" data-end=\"491\">cser\u00e9lhet\u0151 kijelz\u0151 h\u00e1tlappal (SCB0H21608) kamer\u00e1val<\/strong>.<br data-start=\"492\" tart\u00f3ss\u00e1g, stabilit\u00e1s \u00e9s t\u00f6k\u00e9letes illeszked\u00e9s a laptophoz.<\/p>\n<p data-start=\"617\" data-end=\"639\"><strong data-start=\"617\" data-end=\"637\">Term\u00e9k r\u00e9szletei:<\/strong><\/p>\n<ul data-start=\"640\" data-end=\"916\">\n<li data-start=\"640\" data-end=\"689\">\n<p data-start=\"642\" data-end=\"689\">Modell kompatibilit\u00e1s: <strong data-start=\"663\" data-end=\"687\">Lenovo ThinkPad T460<\/strong><\/p>\n<\/li>\n<li data-start=\"690\" data-end=\"721\">\n<p data-start=\"692\" data-end=\"721\">Alkatr\u00e9szsz\u00e1m: <strong data-start=\"705\" data-end=\"719\">SCB0H21608<\/strong><\/p>\n<\/li>\n<li data-start=\"722\" data-end=\"770\">\n<p data-start=\"724\" data-end=\"770\">T\u00edpus: <strong data-start=\"730\" data-end=\"768\">LCD kijelz\u0151 h\u00e1tlapja kamer\u00e1val<\/strong><\/p>\n<\/li>\n<li data-start=\"771\" data-end=\"821\">\n<p data-start=\"773\" data-end=\"821\">\u00c1llapot: <strong data-start=\"784\" data-end=\"819\">Eredeti Lenovo, A fokozat, tesztelt<\/strong><\/p>\n<\/li>\n<li data-start=\"822\" data-end=\"874\">\n<p data-start=\"824\" data-end=\"874\">Strukt\u00farav\u00e9delmet biztos\u00edt az LCD panel sz\u00e1m\u00e1ra<\/p>\n<\/li>\n<li data-start=\"875\" data-end=\"916\">\n<p data-start=\"877\" data-end=\"916\">Be\u00e9p\u00edtett <strong data-start=\"897\" data-end=\"914\">kameramodult<\/strong><\/p>\n<p> tartalmaz<\/p>\n<\/li>\n<\/ul>\n<p data-start=\"918\" data-end=\"1018\"><strong data-start=\"918\" data-end=\"939\">A csomag tartalma:<\/strong><br data-start=\"939\" data-end=\"942\" \/>1x Lenovo ThinkPad T460 kijelz\u0151 h\u00e1tlapja (SCB0H2) 6 kamer\u00e1val (SCB0H2)<\/p>\n<p data-start=\"1020\" data-end=\"1095\">T\u00f6k\u00e9letes megold\u00e1s a repedt, karcos vagy t\u00f6r\u00f6tt h\u00e1tlapok cser\u00e9j\u00e9re.<\/p>\n","protected":false},"excerpt":{"rendered":"<p>Csere <strong data-start=\"201\" data-end=\"248\">kijelz\u0151 h\u00e1tlapja kamer\u00e1val (SCB0H21608)<\/strong> a Lenovo ThinkPad T460-hoz. Eredeti, strapab\u00edr\u00f3 alkatr\u00e9sz.<\/p>\n","protected":false},"featured_media":13057,"template":"","meta":[],"product_brand":[],"product_cat":[16],"product_tag":[26],"class_list":{"0":"post-13018","1":"product","2":"type-product","3":"status-publish","4":"has-post-thumbnail","6":"product_cat-laptop-housing","7":"product_tag-lenovo","9":"first","10":"instock","11":"taxable","12":"shipping-taxable","13":"purchasable","14":"product-type-simple"},"_links":{"self":[{"href":"https:\/\/boreait.com\/hu\/wp-json\/wp\/v2\/product\/13018","targetHints":{"allow":["GET"]}}],"collection":[{"href":"https:\/\/boreait.com\/hu\/wp-json\/wp\/v2\/product"}],"about":[{"href":"https:\/\/boreait.com\/hu\/wp-json\/wp\/v2\/types\/product"}],"wp:featuredmedia":[{"embeddable":true,"href":"https:\/\/boreait.com\/hu\/wp-json\/wp\/v2\/media\/13057"}],"wp:attachment":[{"href":"https:\/\/boreait.com\/hu\/wp-json\/wp\/v2\/media?parent=13018"}],"wp:term":[{"taxonomy":"product_brand","embeddable":true,"href":"https:\/\/boreait.com\/hu\/wp-json\/wp\/v2\/product_brand?post=13018"},{"taxonomy":"product_cat","embeddable":true,"href":"https:\/\/boreait.com\/hu\/wp-json\/wp\/v2\/product_cat?post=13018"},{"taxonomy":"product_tag","embeddable":true,"href":"https:\/\/boreait.com\/hu\/wp-json\/wp\/v2\/product_tag?post=13018"}],"curies":[{"name":"wp","href":"https:\/\/api.w.org\/{rel}","templated":true}]}}