{"id":13017,"date":"2025-09-17T14:01:14","date_gmt":"2025-09-17T12:01:14","guid":{"rendered":"https:\/\/boreait.com\/hu\/?post_type=product&#038;p=13017"},"modified":"2025-09-17T14:04:26","modified_gmt":"2025-09-17T12:04:26","slug":"lcd-kijelzo-kabel-lvds-lenovo-thinkpad-t440-t450-t460-dc02c006d00","status":"publish","type":"product","link":"https:\/\/boreait.com\/hu\/termek\/lcd-kijelzo-kabel-lvds-lenovo-thinkpad-t440-t450-t460-dc02c006d00\/","title":{"rendered":"LCD kijelz\u0151 k\u00e1bel LVDS Lenovo ThinkPad T440 T450 T460 DC02C006D00"},"content":{"rendered":"<p data-start=\"318\" data-end=\"577\">Jav\u00edtsa ki a kijelz\u0151vel kapcsolatos probl\u00e9m\u00e1kat, p\u00e9ld\u00e1ul villog\u00e1st, vonalakat vagy nincs vide\u00f3 ezzel a <strong data-start=\"386\" data-end=\"437\">csere LVDS LCD-k\u00e9perny\u0151k\u00e1bellel (DC02C006D00)<\/strong>.<br data-start=\"438\" laptophoz ez a k\u00e1bel\" \/Deink48\" biztons\u00e1gos \u00e9s stabil kapcsolatot biztos\u00edt az alaplap \u00e9s a kijelz\u0151panel k\u00f6z\u00f6tt.<\/p>\n<p data-start=\"579\" data-end=\"601\"><strong data-start=\"579\" data-end=\"599\">Term\u00e9k r\u00e9szletei:<\/strong><\/p>\n<ul data-start=\"602\" data-end=\"856\">\n<li data-start=\"602\" data-end=\"663\">\n<p data-start=\"604\" data-end=\"663\">Modell kompatibilit\u00e1s: <strong data-start=\"625\" data-end=\"661\">Lenovo ThinkPad T440, T450, T460<\/strong><\/p>\n<\/li>\n<li data-start=\"664\" data-end=\"702\">\n<p data-start=\"666\" data-end=\"702\">MPN \/ cikksz\u00e1m: <strong data-start=\"685\" data-end=\"700\">DC02C006D00<\/strong><\/p>\n<\/li>\n<li data-start=\"703\" data-end=\"748\">\n<p data-start=\"705\" data-end=\"748\">T\u00edpus: <strong data-start=\"711\" data-end=\"746\">LCD-kijelz\u0151 k\u00e1bel (LVDS)<\/strong><\/p>\n<\/li>\n<li data-start=\"749\" data-end=\"800\">\n<p data-start=\"751\" data-end=\"800\">\u00c1llapot: <strong data-start=\"762\" data-end=\"798\">Kiv\u00e1l\u00f3 min\u0151s\u00e9g\u0171 csere, tesztelt<\/strong><\/p>\n<\/li>\n<li data-start=\"801\" data-end=\"856\">\n<p data-start=\"803\" data-end=\"856\">Ide\u00e1lis megold\u00e1s hib\u00e1s vagy s\u00e9r\u00fclt kijelz\u0151k\u00e1belekre<\/p>\n<\/li>\n<\/ul>\n<p data-start=\"858\" data-end=\"930\"><strong data-start=\"858\" data-end=\"879\">A csomag tartalma:<\/strong><br data-start=\"879\" data-end=\"882\" \/>1x LCD kijelz\u0151 k\u00e1bel LVDS (DC02C006D00)<\/p>\n<p data-start=\"932\" data-end=\"1002\">K\u00f6lts\u00e9ghat\u00e9kony csere a tiszta \u00e9s stabil videokimenet helyre\u00e1ll\u00edt\u00e1s\u00e1hoz.<\/p>\n","protected":false},"excerpt":{"rendered":"<p>Csere <strong data-start=\"181\" data-end=\"228\">LCD-kijelz\u0151 LVDS-k\u00e1bel (DC02C006D00)<\/strong> a Lenovo ThinkPad T440, T450 \u00e9s T460 sz\u00e1m\u00e1ra.<\/p>\n","protected":false},"featured_media":13056,"template":"","meta":[],"product_brand":[],"product_cat":[20],"product_tag":[26],"class_list":{"0":"post-13017","1":"product","2":"type-product","3":"status-publish","4":"has-post-thumbnail","6":"product_cat-cables","7":"product_tag-lenovo","9":"first","10":"instock","11":"taxable","12":"shipping-taxable","13":"purchasable","14":"product-type-simple"},"_links":{"self":[{"href":"https:\/\/boreait.com\/hu\/wp-json\/wp\/v2\/product\/13017","targetHints":{"allow":["GET"]}}],"collection":[{"href":"https:\/\/boreait.com\/hu\/wp-json\/wp\/v2\/product"}],"about":[{"href":"https:\/\/boreait.com\/hu\/wp-json\/wp\/v2\/types\/product"}],"wp:featuredmedia":[{"embeddable":true,"href":"https:\/\/boreait.com\/hu\/wp-json\/wp\/v2\/media\/13056"}],"wp:attachment":[{"href":"https:\/\/boreait.com\/hu\/wp-json\/wp\/v2\/media?parent=13017"}],"wp:term":[{"taxonomy":"product_brand","embeddable":true,"href":"https:\/\/boreait.com\/hu\/wp-json\/wp\/v2\/product_brand?post=13017"},{"taxonomy":"product_cat","embeddable":true,"href":"https:\/\/boreait.com\/hu\/wp-json\/wp\/v2\/product_cat?post=13017"},{"taxonomy":"product_tag","embeddable":true,"href":"https:\/\/boreait.com\/hu\/wp-json\/wp\/v2\/product_tag?post=13017"}],"curies":[{"name":"wp","href":"https:\/\/api.w.org\/{rel}","templated":true}]}}