{"id":13010,"date":"2025-09-17T14:00:47","date_gmt":"2025-09-17T12:00:47","guid":{"rendered":"https:\/\/boreait.com\/hu\/?post_type=product&#038;p=13010"},"modified":"2025-09-17T14:04:12","modified_gmt":"2025-09-17T12:04:12","slug":"lenovo-thinkpad-x1-carbon-x260-t460-t560-wifi-kartya-intel-8260ngw-00jt530","status":"publish","type":"product","link":"https:\/\/boreait.com\/hu\/termek\/lenovo-thinkpad-x1-carbon-x260-t460-t560-wifi-kartya-intel-8260ngw-00jt530\/","title":{"rendered":"Lenovo ThinkPad X1 Carbon X260 T460 T560 WiFi k\u00e1rtya Intel 8260NGW 00JT530"},"content":{"rendered":"<p data-start=\"338\" data-end=\"612\">Maradjon kapcsolatban ezzel az <strong data-start=\"363\" data-end=\"421\">eredeti Lenovo Wi-Fi-k\u00e1rty\u00e1val (Intel 8260NGW, FRU 00JT530)<\/strong>.<br data-start=\"422\" data-end=\"425 vezet\u00e9k n\u00e9lk\u00fcli modellekhez\" \/>Thcard stabil, nagy sebess\u00e9g\u0171 WiFi \u00e9s Bluetooth kapcsolat, \u00edgy t\u00f6k\u00e9letes helyettes\u00edt\u0151je a hib\u00e1s vagy elavult adaptereknek.<\/p>\n<p data-start=\"614\" data-end=\"636\"><strong data-start=\"614\" data-end=\"634\">Term\u00e9k r\u00e9szletei:<\/strong><\/p>\n<ul data-start=\"637\" data-end=\"855\">\n<li data-start=\"637\" data-end=\"666\">\n<p data-start=\"639\" data-end=\"666\">M\u00e1rka: <strong data-start=\"646\" data-end=\"664\">Intel\/Lenovo<\/strong><\/p>\n<\/li>\n<li data-start=\"667\" data-end=\"689\">\n<p data-start=\"669\" data-end=\"689\">Modell: <strong data-start=\"676\" data-end=\"687\">8260NGW<\/strong><\/p>\n<\/li>\n<li data-start=\"690\" data-end=\"710\">\n<p data-start=\"692\" data-end=\"710\">FRU: <strong data-start=\"697\" data-end=\"708\">00JT530<\/strong><\/p>\n<\/li>\n<li data-start=\"711\" data-end=\"757\">\n<p data-start=\"713\" data-end=\"757\">T\u00edpus: <strong data-start=\"719\" data-end=\"755\">WiFi + Bluetooth k\u00e1rtya (NGFF M.2)<\/strong><\/p>\n<\/li>\n<li data-start=\"758\" data-end=\"808\">\n<p data-start=\"760\" data-end=\"808\">\u00c1llapot: <strong data-start=\"771\" data-end=\"806\">Eredeti Lenovo, A fokozat, tesztelt<\/strong><\/p>\n<\/li>\n<li data-start=\"809\" data-end=\"855\">\n<p data-start=\"811\" data-end=\"855\">K\u00e9ts\u00e1vos t\u00e1mogat\u00e1s a megb\u00edzhat\u00f3 teljes\u00edtm\u00e9ny \u00e9rdek\u00e9ben<\/p>\n<\/li>\n<\/ul>\n<p data-start=\"857\" data-end=\"881\"><strong data-start=\"857\" data-end=\"879\">Kompatibilis modellek:<\/strong><\/p>\n<ul data-start=\"882\" data-end=\"974\">\n<li data-start=\"882\" data-end=\"908\">\n<p data-start=\"884\" data-end=\"908\"><strong data-start=\"884\" data-end=\"906\">ThinkPad X1 Carbon<\/strong><\/p>\n<\/li>\n<li data-start=\"909\" data-end=\"930\">\n<p data-start=\"911\" data-end=\"930\"><strong data-start=\"911\" data-end=\"928\">ThinkPad X260<\/strong><\/p>\n<\/li>\n<li data-start=\"931\" data-end=\"952\">\n<p data-start=\"933\" data-end=\"952\"><strong data-start=\"933\" data-end=\"950\">ThinkPad T460<\/strong><\/p>\n<\/li>\n<li data-start=\"953\" data-end=\"974\">\n<p data-start=\"955\" data-end=\"974\"><strong data-start=\"955\" data-end=\"972\">ThinkPad T560<\/strong><\/p>\n<\/li>\n<\/ul>\n<p data-start=\"976\" data-end=\"1051\"><strong data-start=\"976\" data-end=\"997\">A csomag tartalma:<\/strong><br data-start=\"997\" data-end=\"1000\" \/>1x eredeti Lenovo WiFi k\u00e1rtya <strong data-start=\"1028\" NGW9\">6 (00JT530)<\/strong><\/p>\n<p data-start=\"1053\" data-end=\"1143\">T\u00f6k\u00e9letes megold\u00e1s a csatlakoz\u00e1si probl\u00e9m\u00e1k megold\u00e1s\u00e1ra vagy a gyorsabb WiFi teljes\u00edtm\u00e9nyre val\u00f3 friss\u00edt\u00e9sre.<\/p>\n","protected":false},"excerpt":{"rendered":"<p>Eredeti <strong data-start=\"160\" data-end=\"197\">Intel 8260NGW WiFi k\u00e1rtya (00JT530)<\/strong> a Lenovo ThinkPad X1 Carbon, X260, T460 \u00e9s T560 sz\u00e1m\u00e1ra. Megb\u00edzhat\u00f3 vezet\u00e9k n\u00e9lk\u00fcli kapcsolat b\u0151v\u00edt\u00e9se.<\/p>\n","protected":false},"featured_media":13053,"template":"","meta":[],"product_brand":[],"product_cat":[27],"product_tag":[26],"class_list":{"0":"post-13010","1":"product","2":"type-product","3":"status-publish","4":"has-post-thumbnail","6":"product_cat-motherboards-board-parts","7":"product_tag-lenovo","9":"first","10":"instock","11":"taxable","12":"shipping-taxable","13":"purchasable","14":"product-type-simple"},"_links":{"self":[{"href":"https:\/\/boreait.com\/hu\/wp-json\/wp\/v2\/product\/13010","targetHints":{"allow":["GET"]}}],"collection":[{"href":"https:\/\/boreait.com\/hu\/wp-json\/wp\/v2\/product"}],"about":[{"href":"https:\/\/boreait.com\/hu\/wp-json\/wp\/v2\/types\/product"}],"wp:featuredmedia":[{"embeddable":true,"href":"https:\/\/boreait.com\/hu\/wp-json\/wp\/v2\/media\/13053"}],"wp:attachment":[{"href":"https:\/\/boreait.com\/hu\/wp-json\/wp\/v2\/media?parent=13010"}],"wp:term":[{"taxonomy":"product_brand","embeddable":true,"href":"https:\/\/boreait.com\/hu\/wp-json\/wp\/v2\/product_brand?post=13010"},{"taxonomy":"product_cat","embeddable":true,"href":"https:\/\/boreait.com\/hu\/wp-json\/wp\/v2\/product_cat?post=13010"},{"taxonomy":"product_tag","embeddable":true,"href":"https:\/\/boreait.com\/hu\/wp-json\/wp\/v2\/product_tag?post=13010"}],"curies":[{"name":"wp","href":"https:\/\/api.w.org\/{rel}","templated":true}]}}