{"id":13009,"date":"2025-09-17T14:00:46","date_gmt":"2025-09-17T12:00:46","guid":{"rendered":"https:\/\/boreait.com\/hu\/?post_type=product&#038;p=13009"},"modified":"2025-09-17T14:04:07","modified_gmt":"2025-09-17T12:04:07","slug":"eredeti-lenovo-thinkpad-t460-haromgombos-erintopad-trackpad-kabellel","status":"publish","type":"product","link":"https:\/\/boreait.com\/hu\/termek\/eredeti-lenovo-thinkpad-t460-haromgombos-erintopad-trackpad-kabellel\/","title":{"rendered":"Eredeti Lenovo ThinkPad T460 h\u00e1romgombos \u00e9rint\u0151pad Trackpad k\u00e1bellel"},"content":{"rendered":"<p data-start=\"347\" data-end=\"599\">A z\u00f6kken\u0151mentes navig\u00e1ci\u00f3 vissza\u00e1ll\u00edt\u00e1sa ezzel az <strong data-start=\"383\" data-end=\"473\">eredeti Lenovo ThinkPad T460 \u00e9rint\u0151paddal (trackpad) h\u00e1rom fizikai gombbal \u00e9s k\u00e1bellel<\/strong>.<br data-start=\"474\" data-end=\"477\" biztos\u00edtja a pontoss\u00e1got a T4 csere eset\u00e9n. \u00e9s teljes multi-touch funkcionalit\u00e1s.<\/p>\n<p data-start=\"601\" data-end=\"623\"><strong data-start=\"601\" data-end=\"621\">Term\u00e9k r\u00e9szletei:<\/strong><\/p>\n<ul data-start=\"624\" data-end=\"855\">\n<li data-start=\"624\" data-end=\"659\">\n<p data-start=\"626\" data-end=\"659\">Modell: <strong data-start=\"633\" data-end=\"657\">Lenovo ThinkPad T460<\/strong><\/p>\n<\/li>\n<li data-start=\"660\" data-end=\"716\">\n<p data-start=\"662\" data-end=\"716\">T\u00edpus: <strong data-start=\"668\" data-end=\"714\">\u00c9rint\u0151pad \/ Trackpad 3 gombbal + k\u00e1bel<\/strong><\/p>\n<\/li>\n<li data-start=\"717\" data-end=\"761\">\n<p data-start=\"719\" data-end=\"761\">Eredeti Lenovo alkatr\u00e9sz, tesztelt \u00e9s A fokozat<\/p>\n<\/li>\n<li data-start=\"762\" data-end=\"803\">\n<p data-start=\"764\" data-end=\"803\">Tart\u00f3s fel\u00fclet reszponz\u00edv bemenettel<\/p>\n<\/li>\n<li data-start=\"804\" data-end=\"855\">\n<p data-start=\"806\" data-end=\"855\">Csatlakoz\u00f3 k\u00e1belt tartalmaz az egyszer\u0171 telep\u00edt\u00e9s \u00e9rdek\u00e9ben<\/p>\n<\/li>\n<\/ul>\n<p data-start=\"857\" data-end=\"948\"><strong data-start=\"857\" data-end=\"878\">A csomag tartalma:<\/strong><br data-start=\"878\" data-end=\"881\" \/>1x eredeti Lenovo ThinkPad T460 \u00e9rint\u0151pad (3 gombbal + k\u00e1bellel)<\/p>\n<p data-start=\"950\" data-end=\"1017\">T\u00f6k\u00e9letes csere a kopott, repedt vagy nem reag\u00e1l\u00f3 \u00e9rint\u0151padokhoz.<\/p>\n","protected":false},"excerpt":{"rendered":"<p>Eredeti<strong data-start=\"186\" data-end=\"248\">Lenovo ThinkPad T460 \u00e9rint\u0151pad h\u00e1rom gombbal \u00e9s k\u00e1bellel<\/strong>. Eredeti alkatr\u00e9sz, tesztelt, A kateg\u00f3ri\u00e1s \u00e1llapot.<\/p>\n","protected":false},"featured_media":13051,"template":"","meta":[],"product_brand":[],"product_cat":[42],"product_tag":[26],"class_list":{"0":"post-13009","1":"product","2":"type-product","3":"status-publish","4":"has-post-thumbnail","6":"product_cat-laptop-touchpads","7":"product_tag-lenovo","9":"first","10":"instock","11":"taxable","12":"shipping-taxable","13":"purchasable","14":"product-type-simple"},"_links":{"self":[{"href":"https:\/\/boreait.com\/hu\/wp-json\/wp\/v2\/product\/13009","targetHints":{"allow":["GET"]}}],"collection":[{"href":"https:\/\/boreait.com\/hu\/wp-json\/wp\/v2\/product"}],"about":[{"href":"https:\/\/boreait.com\/hu\/wp-json\/wp\/v2\/types\/product"}],"wp:featuredmedia":[{"embeddable":true,"href":"https:\/\/boreait.com\/hu\/wp-json\/wp\/v2\/media\/13051"}],"wp:attachment":[{"href":"https:\/\/boreait.com\/hu\/wp-json\/wp\/v2\/media?parent=13009"}],"wp:term":[{"taxonomy":"product_brand","embeddable":true,"href":"https:\/\/boreait.com\/hu\/wp-json\/wp\/v2\/product_brand?post=13009"},{"taxonomy":"product_cat","embeddable":true,"href":"https:\/\/boreait.com\/hu\/wp-json\/wp\/v2\/product_cat?post=13009"},{"taxonomy":"product_tag","embeddable":true,"href":"https:\/\/boreait.com\/hu\/wp-json\/wp\/v2\/product_tag?post=13009"}],"curies":[{"name":"wp","href":"https:\/\/api.w.org\/{rel}","templated":true}]}}